{"id":991,"date":"2021-06-22T14:11:57","date_gmt":"2021-06-22T13:11:57","guid":{"rendered":"http:\/\/mix-formation.fr\/?page_id=991"},"modified":"2021-06-22T14:15:03","modified_gmt":"2021-06-22T13:15:03","slug":"challenge-138a","status":"publish","type":"page","link":"http:\/\/mix-formation.fr\/index.php\/challenge-138a\/","title":{"rendered":"Bon choix !"},"content":{"rendered":"<div class=\"wpb-content-wrapper\"><div itemprop = 'articleBody'>[vc_row][vc_column][vc_column_text]<p><\/p>\n<p style=\"text-align: center;\">L&#8217;eau ti\u00e8de ou temp\u00e9r\u00e9e refroidit sans entrainer d&#8217;hypothermie !<\/p>\n<p style=\"text-align: center;\">La victime peut ensuite \u00eatre install\u00e9e en position assise ou allong\u00e9e selon son confort !<\/p>\n<p><\/p>[\/vc_column_text][vc_btn title=&#8221;Vous demandez \u00e0 votre coll\u00e8gue d&#8217;appeler les secours&#8221; color=&#8221;success&#8221; align=&#8221;center&#8221; link=&#8221;url:http%3A%2F%2Fmix-formation.fr%2Findex.php%2Fchallenge-24a%2F|title:challenge%2024a|&#8221;][vc_btn title=&#8221;Vous demandez \u00e0 votre coll\u00e8gue d&#8217;apporter une couverture&#8221; color=&#8221;success&#8221; align=&#8221;center&#8221; link=&#8221;url:http%3A%2F%2Fmix-formation.fr%2Findex.php%2Fchallenge-25a%2F|title:challenge%2025a|&#8221;][vc_btn title=&#8221;Vous demandez \u00e0 votre coll\u00e8gue de rester aupr\u00e8s de la victime le temps que vous alliez appeler les secours &#8221; color=&#8221;success&#8221; align=&#8221;center&#8221; link=&#8221;url:http%3A%2F%2Fmix-formation.fr%2Findex.php%2Fchallenge-26a%2F|title:challenge%2026a|&#8221;][\/vc_column][\/vc_row]<\/div><\/div>","protected":false},"excerpt":{"rendered":"<p>[vc_row][vc_column][vc_column_text] L&#8217;eau ti\u00e8de ou temp\u00e9r\u00e9e refroidit sans entrainer d&#8217;hypothermie ! La victime peut ensuite \u00eatre install\u00e9e en position assise ou allong\u00e9e selon son confort ! [\/vc_column_text][vc_btn title=&#8221;Vous demandez \u00e0 votre coll\u00e8gue d&#8217;appeler les secours&#8221; color=&#8221;success&#8221; align=&#8221;center&#8221; link=&#8221;url:http%3A%2F%2Fmix-formation.fr%2Findex.php%2Fchallenge-24a%2F|title:challenge%2024a|&#8221;][vc_btn title=&#8221;Vous demandez \u00e0 votre coll\u00e8gue d&#8217;apporter une couverture&#8221; color=&#8221;success&#8221; align=&#8221;center&#8221; link=&#8221;url:http%3A%2F%2Fmix-formation.fr%2Findex.php%2Fchallenge-25a%2F|title:challenge%2025a|&#8221;][vc_btn title=&#8221;Vous demandez \u00e0 votre coll\u00e8gue de rester [&hellip;]<\/p>\n","protected":false},"author":1,"featured_media":0,"parent":0,"menu_order":0,"comment_status":"closed","ping_status":"closed","template":"","meta":{"footnotes":""},"class_list":["post-991","page","type-page","status-publish","hentry"],"_links":{"self":[{"href":"http:\/\/mix-formation.fr\/index.php\/wp-json\/wp\/v2\/pages\/991","targetHints":{"allow":["GET"]}}],"collection":[{"href":"http:\/\/mix-formation.fr\/index.php\/wp-json\/wp\/v2\/pages"}],"about":[{"href":"http:\/\/mix-formation.fr\/index.php\/wp-json\/wp\/v2\/types\/page"}],"author":[{"embeddable":true,"href":"http:\/\/mix-formation.fr\/index.php\/wp-json\/wp\/v2\/users\/1"}],"replies":[{"embeddable":true,"href":"http:\/\/mix-formation.fr\/index.php\/wp-json\/wp\/v2\/comments?post=991"}],"version-history":[{"count":2,"href":"http:\/\/mix-formation.fr\/index.php\/wp-json\/wp\/v2\/pages\/991\/revisions"}],"predecessor-version":[{"id":994,"href":"http:\/\/mix-formation.fr\/index.php\/wp-json\/wp\/v2\/pages\/991\/revisions\/994"}],"wp:attachment":[{"href":"http:\/\/mix-formation.fr\/index.php\/wp-json\/wp\/v2\/media?parent=991"}],"curies":[{"name":"wp","href":"https:\/\/api.w.org\/{rel}","templated":true}]}}