{"id":987,"date":"2021-06-22T14:09:35","date_gmt":"2021-06-22T13:09:35","guid":{"rendered":"http:\/\/mix-formation.fr\/?page_id=987"},"modified":"2021-06-22T14:10:11","modified_gmt":"2021-06-22T13:10:11","slug":"challenge-137a","status":"publish","type":"page","link":"http:\/\/mix-formation.fr\/index.php\/challenge-137a\/","title":{"rendered":"OUPS !"},"content":{"rendered":"<div class=\"wpb-content-wrapper\"><div itemprop = 'articleBody'>[vc_row][vc_column][vc_column_text]\n<p class=\"has-text-align-center\">L&#8217;eau trop froide entraine un risque d&#8217;hypothermie et l&#8217;eau trop chaude ne refroidit pas bien la br\u00fblure !<\/p>\n\n\n\n<p class=\"has-text-align-center\">L&#8217;eau doit donc \u00eatre temp\u00e9r\u00e9e et ruisselante&#8230;<\/p>\n\n\n\n<p class=\"has-text-align-center\">Vous ferez mieux la prochaine fois&#8230;<\/p>\n[\/vc_column_text][vc_btn title=&#8221;RETOUR ACCUEIL&#8221; color=&#8221;danger&#8221; align=&#8221;center&#8221; link=&#8221;url:http%3A%2F%2Fmix-formation.fr%2Findex.php%2Fchallenge-1%2F|title:Accueil%20challenge%20SST|&#8221;][\/vc_column][\/vc_row]<\/div><\/div>","protected":false},"excerpt":{"rendered":"<p>[vc_row][vc_column][vc_column_text] L&#8217;eau trop froide entraine un risque d&#8217;hypothermie et l&#8217;eau trop chaude ne refroidit pas bien la br\u00fblure ! L&#8217;eau doit donc \u00eatre temp\u00e9r\u00e9e et ruisselante&#8230; Vous ferez mieux la prochaine fois&#8230; [\/vc_column_text][vc_btn title=&#8221;RETOUR ACCUEIL&#8221; color=&#8221;danger&#8221; align=&#8221;center&#8221; link=&#8221;url:http%3A%2F%2Fmix-formation.fr%2Findex.php%2Fchallenge-1%2F|title:Accueil%20challenge%20SST|&#8221;][\/vc_column][\/vc_row]<\/p>\n","protected":false},"author":1,"featured_media":0,"parent":0,"menu_order":0,"comment_status":"closed","ping_status":"closed","template":"","meta":{"footnotes":""},"class_list":["post-987","page","type-page","status-publish","hentry"],"_links":{"self":[{"href":"http:\/\/mix-formation.fr\/index.php\/wp-json\/wp\/v2\/pages\/987","targetHints":{"allow":["GET"]}}],"collection":[{"href":"http:\/\/mix-formation.fr\/index.php\/wp-json\/wp\/v2\/pages"}],"about":[{"href":"http:\/\/mix-formation.fr\/index.php\/wp-json\/wp\/v2\/types\/page"}],"author":[{"embeddable":true,"href":"http:\/\/mix-formation.fr\/index.php\/wp-json\/wp\/v2\/users\/1"}],"replies":[{"embeddable":true,"href":"http:\/\/mix-formation.fr\/index.php\/wp-json\/wp\/v2\/comments?post=987"}],"version-history":[{"count":2,"href":"http:\/\/mix-formation.fr\/index.php\/wp-json\/wp\/v2\/pages\/987\/revisions"}],"predecessor-version":[{"id":990,"href":"http:\/\/mix-formation.fr\/index.php\/wp-json\/wp\/v2\/pages\/987\/revisions\/990"}],"wp:attachment":[{"href":"http:\/\/mix-formation.fr\/index.php\/wp-json\/wp\/v2\/media?parent=987"}],"curies":[{"name":"wp","href":"https:\/\/api.w.org\/{rel}","templated":true}]}}