{"id":979,"date":"2021-06-22T14:02:34","date_gmt":"2021-06-22T13:02:34","guid":{"rendered":"http:\/\/mix-formation.fr\/?page_id=979"},"modified":"2021-06-22T14:29:04","modified_gmt":"2021-06-22T13:29:04","slug":"challenge-100a","status":"publish","type":"page","link":"http:\/\/mix-formation.fr\/index.php\/challenge-100a\/","title":{"rendered":"C&#8217;est une br\u00fblure thermique"},"content":{"rendered":"<div class=\"wpb-content-wrapper\"><div itemprop = 'articleBody'><p>[vc_row][vc_column][vc_btn title=&#8221;Vous mettez de la Biafine sur la br\u00fblure&#8221; color=&#8221;success&#8221; align=&#8221;center&#8221; link=&#8221;url:http%3A%2F%2Fmix-formation.fr%2Findex.php%2Fchallenge-136a%2F|title:challenge%20136a|&#8221;][vc_btn title=&#8221;Vous mettez la zone br\u00fbl\u00e9e sous l&#8217;eau froide&#8221; color=&#8221;success&#8221; align=&#8221;center&#8221; link=&#8221;url:http%3A%2F%2Fmix-formation.fr%2Findex.php%2Fchallenge-137a%2F|title:challenge%20137a|&#8221;][vc_btn title=&#8221;Vous mettez la zone br\u00fbl\u00e9e sous l&#8217;eau ti\u00e8de&#8221; color=&#8221;success&#8221; align=&#8221;center&#8221; link=&#8221;url:http%3A%2F%2Fmix-formation.fr%2Findex.php%2Fchallenge-138a%2F|title:challenge%20138a|&#8221;][vc_btn title=&#8221;Vous mettez la zone br\u00fbl\u00e9e sous l&#8217;eau chaude&#8221; color=&#8221;success&#8221; align=&#8221;center&#8221; link=&#8221;url:http%3A%2F%2Fmix-formation.fr%2Findex.php%2Fchallenge-137a%2F|title:challenge%20137a|&#8221;][\/vc_column][\/vc_row]<\/p>\n<\/div><\/div>","protected":false},"excerpt":{"rendered":"<p>[vc_row][vc_column][vc_btn title=&#8221;Vous mettez de la Biafine sur la br\u00fblure&#8221; color=&#8221;success&#8221; align=&#8221;center&#8221; link=&#8221;url:http%3A%2F%2Fmix-formation.fr%2Findex.php%2Fchallenge-136a%2F|title:challenge%20136a|&#8221;][vc_btn title=&#8221;Vous mettez la zone br\u00fbl\u00e9e sous l&#8217;eau froide&#8221; color=&#8221;success&#8221; align=&#8221;center&#8221; link=&#8221;url:http%3A%2F%2Fmix-formation.fr%2Findex.php%2Fchallenge-137a%2F|title:challenge%20137a|&#8221;][vc_btn title=&#8221;Vous mettez la zone br\u00fbl\u00e9e sous l&#8217;eau ti\u00e8de&#8221; color=&#8221;success&#8221; align=&#8221;center&#8221; link=&#8221;url:http%3A%2F%2Fmix-formation.fr%2Findex.php%2Fchallenge-138a%2F|title:challenge%20138a|&#8221;][vc_btn title=&#8221;Vous mettez la zone br\u00fbl\u00e9e sous l&#8217;eau chaude&#8221; color=&#8221;success&#8221; align=&#8221;center&#8221; link=&#8221;url:http%3A%2F%2Fmix-formation.fr%2Findex.php%2Fchallenge-137a%2F|title:challenge%20137a|&#8221;][\/vc_column][\/vc_row]<\/p>\n","protected":false},"author":1,"featured_media":0,"parent":0,"menu_order":0,"comment_status":"closed","ping_status":"closed","template":"","meta":{"footnotes":""},"class_list":["post-979","page","type-page","status-publish","hentry"],"_links":{"self":[{"href":"http:\/\/mix-formation.fr\/index.php\/wp-json\/wp\/v2\/pages\/979","targetHints":{"allow":["GET"]}}],"collection":[{"href":"http:\/\/mix-formation.fr\/index.php\/wp-json\/wp\/v2\/pages"}],"about":[{"href":"http:\/\/mix-formation.fr\/index.php\/wp-json\/wp\/v2\/types\/page"}],"author":[{"embeddable":true,"href":"http:\/\/mix-formation.fr\/index.php\/wp-json\/wp\/v2\/users\/1"}],"replies":[{"embeddable":true,"href":"http:\/\/mix-formation.fr\/index.php\/wp-json\/wp\/v2\/comments?post=979"}],"version-history":[{"count":3,"href":"http:\/\/mix-formation.fr\/index.php\/wp-json\/wp\/v2\/pages\/979\/revisions"}],"predecessor-version":[{"id":995,"href":"http:\/\/mix-formation.fr\/index.php\/wp-json\/wp\/v2\/pages\/979\/revisions\/995"}],"wp:attachment":[{"href":"http:\/\/mix-formation.fr\/index.php\/wp-json\/wp\/v2\/media?parent=979"}],"curies":[{"name":"wp","href":"https:\/\/api.w.org\/{rel}","templated":true}]}}