{"id":819,"date":"2021-06-22T09:04:25","date_gmt":"2021-06-22T08:04:25","guid":{"rendered":"http:\/\/mix-formation.fr\/?page_id=819"},"modified":"2021-06-22T09:07:52","modified_gmt":"2021-06-22T08:07:52","slug":"challenge-75a","status":"publish","type":"page","link":"http:\/\/mix-formation.fr\/index.php\/challenge-75a\/","title":{"rendered":"OK !"},"content":{"rendered":"<div class=\"wpb-content-wrapper\"><div itemprop = 'articleBody'>[vc_row][vc_column][vc_column_text]<p><\/p>\n<p class=\"has-text-align-center\" style=\"text-align: center;\">Il est en effet important d&#8217;aller \u00e0 la rencontre des secours pour gagner du temps mais votre coll\u00e8gue aurait aussi pu vous aider \u00e0 poser le d\u00e9fibrillateur !<\/p>\n<p style=\"text-align: center;\">Les secours arrivent et prennent le relais<\/p>\n<p style=\"text-align: center;\">Vous avez fait du bon boulot !!!<\/p>\n<p><\/p>[\/vc_column_text][vc_btn title=&#8221;Une autre situation ?&#8221; color=&#8221;warning&#8221; align=&#8221;center&#8221; link=&#8221;url:http%3A%2F%2Fmix-formation.fr%2Findex.php%2Fchallenge-1%2F|title:Accueil%20challenge%20SST|&#8221;][\/vc_column][\/vc_row]<\/div><\/div>","protected":false},"excerpt":{"rendered":"<p>[vc_row][vc_column][vc_column_text] Il est en effet important d&#8217;aller \u00e0 la rencontre des secours pour gagner du temps mais votre coll\u00e8gue aurait aussi pu vous aider \u00e0 poser le d\u00e9fibrillateur ! Les secours arrivent et prennent le relais Vous avez fait du bon boulot !!! [\/vc_column_text][vc_btn title=&#8221;Une autre situation ?&#8221; color=&#8221;warning&#8221; align=&#8221;center&#8221; link=&#8221;url:http%3A%2F%2Fmix-formation.fr%2Findex.php%2Fchallenge-1%2F|title:Accueil%20challenge%20SST|&#8221;][\/vc_column][\/vc_row]<\/p>\n","protected":false},"author":1,"featured_media":0,"parent":0,"menu_order":0,"comment_status":"closed","ping_status":"closed","template":"","meta":{"footnotes":""},"class_list":["post-819","page","type-page","status-publish","hentry"],"_links":{"self":[{"href":"http:\/\/mix-formation.fr\/index.php\/wp-json\/wp\/v2\/pages\/819","targetHints":{"allow":["GET"]}}],"collection":[{"href":"http:\/\/mix-formation.fr\/index.php\/wp-json\/wp\/v2\/pages"}],"about":[{"href":"http:\/\/mix-formation.fr\/index.php\/wp-json\/wp\/v2\/types\/page"}],"author":[{"embeddable":true,"href":"http:\/\/mix-formation.fr\/index.php\/wp-json\/wp\/v2\/users\/1"}],"replies":[{"embeddable":true,"href":"http:\/\/mix-formation.fr\/index.php\/wp-json\/wp\/v2\/comments?post=819"}],"version-history":[{"count":2,"href":"http:\/\/mix-formation.fr\/index.php\/wp-json\/wp\/v2\/pages\/819\/revisions"}],"predecessor-version":[{"id":822,"href":"http:\/\/mix-formation.fr\/index.php\/wp-json\/wp\/v2\/pages\/819\/revisions\/822"}],"wp:attachment":[{"href":"http:\/\/mix-formation.fr\/index.php\/wp-json\/wp\/v2\/media?parent=819"}],"curies":[{"name":"wp","href":"https:\/\/api.w.org\/{rel}","templated":true}]}}