{"id":804,"date":"2021-06-22T08:51:35","date_gmt":"2021-06-22T07:51:35","guid":{"rendered":"http:\/\/mix-formation.fr\/?page_id=804"},"modified":"2021-06-22T09:36:50","modified_gmt":"2021-06-22T08:36:50","slug":"challenge-70a","status":"publish","type":"page","link":"http:\/\/mix-formation.fr\/index.php\/challenge-70a\/","title":{"rendered":"Bien !"},"content":{"rendered":"<div class=\"wpb-content-wrapper\"><div itemprop = 'articleBody'>[vc_row][vc_column][vc_column_text]<p><\/p>\n<p style=\"text-align: center;\">Vous devez commencer le massage cardiaque mais aussi pr\u00e9ciser la situation aux secours le plus vite possible !<\/p>\n<p><\/p>[\/vc_column_text][vc_btn title=&#8221;Vous demandez \u00e0 votre coll\u00e8gue d&#8217;apporter un d\u00e9fibrillateur&#8221; color=&#8221;success&#8221; align=&#8221;center&#8221; link=&#8221;url:http%3A%2F%2Fmix-formation.fr%2Findex.php%2Fchallenge-71a%2F|title:challenge%2071a|&#8221;][vc_btn title=&#8221;Vous allez chercher vous m\u00eame un d\u00e9fibrillateur&#8221; color=&#8221;success&#8221; align=&#8221;center&#8221; link=&#8221;url:http%3A%2F%2Fmix-formation.fr%2Findex.php%2Fchallenge-72a%2F|title:challenge%2072a|&#8221;][\/vc_column][\/vc_row]<\/div><\/div>","protected":false},"excerpt":{"rendered":"<p>[vc_row][vc_column][vc_column_text] Vous devez commencer le massage cardiaque mais aussi pr\u00e9ciser la situation aux secours le plus vite possible ! [\/vc_column_text][vc_btn title=&#8221;Vous demandez \u00e0 votre coll\u00e8gue d&#8217;apporter un d\u00e9fibrillateur&#8221; color=&#8221;success&#8221; align=&#8221;center&#8221; link=&#8221;url:http%3A%2F%2Fmix-formation.fr%2Findex.php%2Fchallenge-71a%2F|title:challenge%2071a|&#8221;][vc_btn title=&#8221;Vous allez chercher vous m\u00eame un d\u00e9fibrillateur&#8221; color=&#8221;success&#8221; align=&#8221;center&#8221; link=&#8221;url:http%3A%2F%2Fmix-formation.fr%2Findex.php%2Fchallenge-72a%2F|title:challenge%2072a|&#8221;][\/vc_column][\/vc_row]<\/p>\n","protected":false},"author":1,"featured_media":0,"parent":0,"menu_order":0,"comment_status":"closed","ping_status":"closed","template":"","meta":{"footnotes":""},"class_list":["post-804","page","type-page","status-publish","hentry"],"_links":{"self":[{"href":"http:\/\/mix-formation.fr\/index.php\/wp-json\/wp\/v2\/pages\/804","targetHints":{"allow":["GET"]}}],"collection":[{"href":"http:\/\/mix-formation.fr\/index.php\/wp-json\/wp\/v2\/pages"}],"about":[{"href":"http:\/\/mix-formation.fr\/index.php\/wp-json\/wp\/v2\/types\/page"}],"author":[{"embeddable":true,"href":"http:\/\/mix-formation.fr\/index.php\/wp-json\/wp\/v2\/users\/1"}],"replies":[{"embeddable":true,"href":"http:\/\/mix-formation.fr\/index.php\/wp-json\/wp\/v2\/comments?post=804"}],"version-history":[{"count":3,"href":"http:\/\/mix-formation.fr\/index.php\/wp-json\/wp\/v2\/pages\/804\/revisions"}],"predecessor-version":[{"id":847,"href":"http:\/\/mix-formation.fr\/index.php\/wp-json\/wp\/v2\/pages\/804\/revisions\/847"}],"wp:attachment":[{"href":"http:\/\/mix-formation.fr\/index.php\/wp-json\/wp\/v2\/media?parent=804"}],"curies":[{"name":"wp","href":"https:\/\/api.w.org\/{rel}","templated":true}]}}