{"id":800,"date":"2021-06-22T08:47:10","date_gmt":"2021-06-22T07:47:10","guid":{"rendered":"http:\/\/mix-formation.fr\/?page_id=800"},"modified":"2021-06-22T08:50:15","modified_gmt":"2021-06-22T07:50:15","slug":"challenge-69a","status":"publish","type":"page","link":"http:\/\/mix-formation.fr\/index.php\/challenge-69a\/","title":{"rendered":"Mouais&#8230;"},"content":{"rendered":"<div class=\"wpb-content-wrapper\"><div itemprop = 'articleBody'>[vc_row][vc_column][vc_column_text]<p><\/p>\n<p class=\"has-text-align-center\">Vous risquez de perdre un temps pr\u00e9cieux pour la victime&#8230;<\/p>\n<p><\/p>\n<p><\/p>\n<p class=\"has-text-align-center\">Votre coll\u00e8gue n&#8217;est peut-\u00eatre pas form\u00e9(e) SST&#8230;<\/p>\n<p style=\"text-align: center;\">Il est plus simple de mettre le t\u00e9l\u00e9phone en haut parleur pour pouvoir communiquer vous-m\u00eame !<\/p>\n<p><\/p>[\/vc_column_text][vc_btn title=&#8221;Vous envoyez votre coll\u00e8gue chercher un d\u00e9fibrillateur &#8221; color=&#8221;success&#8221; align=&#8221;center&#8221; link=&#8221;url:http%3A%2F%2Fmix-formation.fr%2Findex.php%2Fchallenge-71a%2F|title:challenge%2071a|&#8221;][vc_btn title=&#8221;Vous allez chercher vous m\u00eame un d\u00e9fibrillateur &#8221; color=&#8221;success&#8221; align=&#8221;center&#8221; link=&#8221;url:http%3A%2F%2Fmix-formation.fr%2Findex.php%2Fchallenge-72a%2F|title:challenge%2072a|&#8221;][\/vc_column][\/vc_row]<\/div><\/div>","protected":false},"excerpt":{"rendered":"<p>[vc_row][vc_column][vc_column_text] Vous risquez de perdre un temps pr\u00e9cieux pour la victime&#8230; Votre coll\u00e8gue n&#8217;est peut-\u00eatre pas form\u00e9(e) SST&#8230; Il est plus simple de mettre le t\u00e9l\u00e9phone en haut parleur pour pouvoir communiquer vous-m\u00eame ! [\/vc_column_text][vc_btn title=&#8221;Vous envoyez votre coll\u00e8gue chercher un d\u00e9fibrillateur &#8221; color=&#8221;success&#8221; align=&#8221;center&#8221; link=&#8221;url:http%3A%2F%2Fmix-formation.fr%2Findex.php%2Fchallenge-71a%2F|title:challenge%2071a|&#8221;][vc_btn title=&#8221;Vous allez chercher vous m\u00eame un d\u00e9fibrillateur &#8221; color=&#8221;success&#8221; [&hellip;]<\/p>\n","protected":false},"author":1,"featured_media":0,"parent":0,"menu_order":0,"comment_status":"closed","ping_status":"closed","template":"","meta":{"footnotes":""},"class_list":["post-800","page","type-page","status-publish","hentry"],"_links":{"self":[{"href":"http:\/\/mix-formation.fr\/index.php\/wp-json\/wp\/v2\/pages\/800","targetHints":{"allow":["GET"]}}],"collection":[{"href":"http:\/\/mix-formation.fr\/index.php\/wp-json\/wp\/v2\/pages"}],"about":[{"href":"http:\/\/mix-formation.fr\/index.php\/wp-json\/wp\/v2\/types\/page"}],"author":[{"embeddable":true,"href":"http:\/\/mix-formation.fr\/index.php\/wp-json\/wp\/v2\/users\/1"}],"replies":[{"embeddable":true,"href":"http:\/\/mix-formation.fr\/index.php\/wp-json\/wp\/v2\/comments?post=800"}],"version-history":[{"count":2,"href":"http:\/\/mix-formation.fr\/index.php\/wp-json\/wp\/v2\/pages\/800\/revisions"}],"predecessor-version":[{"id":803,"href":"http:\/\/mix-formation.fr\/index.php\/wp-json\/wp\/v2\/pages\/800\/revisions\/803"}],"wp:attachment":[{"href":"http:\/\/mix-formation.fr\/index.php\/wp-json\/wp\/v2\/media?parent=800"}],"curies":[{"name":"wp","href":"https:\/\/api.w.org\/{rel}","templated":true}]}}