{"id":745,"date":"2021-06-22T07:56:10","date_gmt":"2021-06-22T06:56:10","guid":{"rendered":"http:\/\/mix-formation.fr\/?page_id=745"},"modified":"2021-06-22T07:58:56","modified_gmt":"2021-06-22T06:58:56","slug":"challenge-57a","status":"publish","type":"page","link":"http:\/\/mix-formation.fr\/index.php\/challenge-57a\/","title":{"rendered":"Bien r\u00e9agi !"},"content":{"rendered":"<div class=\"wpb-content-wrapper\"><div itemprop = 'articleBody'>[vc_row][vc_column][vc_column_text]<p><\/p>\n<p style=\"text-align: center;\">Vous devez aider la victime \u00e0 respirer en lui pla\u00e7ant la t\u00eate l\u00e9g\u00e8rement en arri\u00e8re<\/p>\n<p><\/p>[\/vc_column_text][vc_btn title=&#8221;Vous v\u00e9rifiez qu&#8217;elle respire&#8221; color=&#8221;success&#8221; align=&#8221;center&#8221; link=&#8221;url:http%3A%2F%2Fmix-formation.fr%2Findex.php%2Fchallenge-60a%2F|title:challenge%2060a|&#8221;][vc_btn title=&#8221;Vous la mettez en PLS&#8221; color=&#8221;success&#8221; align=&#8221;center&#8221; link=&#8221;url:http%3A%2F%2Fmix-formation.fr%2Findex.php%2Fchallenge-58a%2F|title:challenge%2058a|&#8221;][vc_btn title=&#8221;Vous lui faites un massage cardiaque&#8221; color=&#8221;success&#8221; align=&#8221;center&#8221; link=&#8221;url:http%3A%2F%2Fmix-formation.fr%2Findex.php%2Fchallenge-59a%2F|title:challenge%2059a|&#8221;][\/vc_column][\/vc_row]<\/div><\/div>","protected":false},"excerpt":{"rendered":"<p>[vc_row][vc_column][vc_column_text] Vous devez aider la victime \u00e0 respirer en lui pla\u00e7ant la t\u00eate l\u00e9g\u00e8rement en arri\u00e8re [\/vc_column_text][vc_btn title=&#8221;Vous v\u00e9rifiez qu&#8217;elle respire&#8221; color=&#8221;success&#8221; align=&#8221;center&#8221; link=&#8221;url:http%3A%2F%2Fmix-formation.fr%2Findex.php%2Fchallenge-60a%2F|title:challenge%2060a|&#8221;][vc_btn title=&#8221;Vous la mettez en PLS&#8221; color=&#8221;success&#8221; align=&#8221;center&#8221; link=&#8221;url:http%3A%2F%2Fmix-formation.fr%2Findex.php%2Fchallenge-58a%2F|title:challenge%2058a|&#8221;][vc_btn title=&#8221;Vous lui faites un massage cardiaque&#8221; color=&#8221;success&#8221; align=&#8221;center&#8221; link=&#8221;url:http%3A%2F%2Fmix-formation.fr%2Findex.php%2Fchallenge-59a%2F|title:challenge%2059a|&#8221;][\/vc_column][\/vc_row]<\/p>\n","protected":false},"author":1,"featured_media":0,"parent":0,"menu_order":0,"comment_status":"closed","ping_status":"closed","template":"","meta":{"footnotes":""},"class_list":["post-745","page","type-page","status-publish","hentry"],"_links":{"self":[{"href":"http:\/\/mix-formation.fr\/index.php\/wp-json\/wp\/v2\/pages\/745","targetHints":{"allow":["GET"]}}],"collection":[{"href":"http:\/\/mix-formation.fr\/index.php\/wp-json\/wp\/v2\/pages"}],"about":[{"href":"http:\/\/mix-formation.fr\/index.php\/wp-json\/wp\/v2\/types\/page"}],"author":[{"embeddable":true,"href":"http:\/\/mix-formation.fr\/index.php\/wp-json\/wp\/v2\/users\/1"}],"replies":[{"embeddable":true,"href":"http:\/\/mix-formation.fr\/index.php\/wp-json\/wp\/v2\/comments?post=745"}],"version-history":[{"count":2,"href":"http:\/\/mix-formation.fr\/index.php\/wp-json\/wp\/v2\/pages\/745\/revisions"}],"predecessor-version":[{"id":748,"href":"http:\/\/mix-formation.fr\/index.php\/wp-json\/wp\/v2\/pages\/745\/revisions\/748"}],"wp:attachment":[{"href":"http:\/\/mix-formation.fr\/index.php\/wp-json\/wp\/v2\/media?parent=745"}],"curies":[{"name":"wp","href":"https:\/\/api.w.org\/{rel}","templated":true}]}}