{"id":696,"date":"2021-06-21T13:26:11","date_gmt":"2021-06-21T12:26:11","guid":{"rendered":"http:\/\/mix-formation.fr\/?page_id=696"},"modified":"2021-06-21T13:26:53","modified_gmt":"2021-06-21T12:26:53","slug":"challenge-44a","status":"publish","type":"page","link":"http:\/\/mix-formation.fr\/index.php\/challenge-44a\/","title":{"rendered":"Bien vu !"},"content":{"rendered":"<div class=\"wpb-content-wrapper\"><div itemprop = 'articleBody'>[vc_row][vc_column][vc_column_text]\n<p class=\"has-text-align-center\">Une obstruction partielle ne n\u00e9cessite pas d&#8217;intervention !<\/p>\n\n\n\n<p class=\"has-text-align-center\">Il faut laisser la victime expulser le corps \u00e9tranger d&#8217;elle-m\u00eame !<\/p>\n\n\n\n<p class=\"has-text-align-center\">Une fois le corps \u00e9vacu\u00e9, on peut demander un avis m\u00e9dical.<\/p>\n\n\n\n<p class=\"has-text-align-center\">Bon travail !<\/p>\n\n\n\n<p><\/p>\n[\/vc_column_text][vc_btn title=&#8221;Une autre situation ?&#8221; color=&#8221;warning&#8221; align=&#8221;center&#8221; link=&#8221;url:http%3A%2F%2Fmix-formation.fr%2Findex.php%2Fchallenge-1%2F|title:Accueil%20challenge%20SST|&#8221;][\/vc_column][\/vc_row]<\/div><\/div>","protected":false},"excerpt":{"rendered":"<p>[vc_row][vc_column][vc_column_text] Une obstruction partielle ne n\u00e9cessite pas d&#8217;intervention ! Il faut laisser la victime expulser le corps \u00e9tranger d&#8217;elle-m\u00eame ! Une fois le corps \u00e9vacu\u00e9, on peut demander un avis m\u00e9dical. Bon travail ! [\/vc_column_text][vc_btn title=&#8221;Une autre situation ?&#8221; color=&#8221;warning&#8221; align=&#8221;center&#8221; link=&#8221;url:http%3A%2F%2Fmix-formation.fr%2Findex.php%2Fchallenge-1%2F|title:Accueil%20challenge%20SST|&#8221;][\/vc_column][\/vc_row]<\/p>\n","protected":false},"author":1,"featured_media":0,"parent":0,"menu_order":0,"comment_status":"closed","ping_status":"closed","template":"","meta":{"footnotes":""},"class_list":["post-696","page","type-page","status-publish","hentry"],"_links":{"self":[{"href":"http:\/\/mix-formation.fr\/index.php\/wp-json\/wp\/v2\/pages\/696","targetHints":{"allow":["GET"]}}],"collection":[{"href":"http:\/\/mix-formation.fr\/index.php\/wp-json\/wp\/v2\/pages"}],"about":[{"href":"http:\/\/mix-formation.fr\/index.php\/wp-json\/wp\/v2\/types\/page"}],"author":[{"embeddable":true,"href":"http:\/\/mix-formation.fr\/index.php\/wp-json\/wp\/v2\/users\/1"}],"replies":[{"embeddable":true,"href":"http:\/\/mix-formation.fr\/index.php\/wp-json\/wp\/v2\/comments?post=696"}],"version-history":[{"count":2,"href":"http:\/\/mix-formation.fr\/index.php\/wp-json\/wp\/v2\/pages\/696\/revisions"}],"predecessor-version":[{"id":699,"href":"http:\/\/mix-formation.fr\/index.php\/wp-json\/wp\/v2\/pages\/696\/revisions\/699"}],"wp:attachment":[{"href":"http:\/\/mix-formation.fr\/index.php\/wp-json\/wp\/v2\/media?parent=696"}],"curies":[{"name":"wp","href":"https:\/\/api.w.org\/{rel}","templated":true}]}}