{"id":646,"date":"2021-06-21T12:35:21","date_gmt":"2021-06-21T11:35:21","guid":{"rendered":"http:\/\/mix-formation.fr\/?page_id=646"},"modified":"2021-06-21T12:37:58","modified_gmt":"2021-06-21T11:37:58","slug":"challenge-33b","status":"publish","type":"page","link":"http:\/\/mix-formation.fr\/index.php\/challenge-33b\/","title":{"rendered":"Mouais&#8230;"},"content":{"rendered":"<div class=\"wpb-content-wrapper\"><div itemprop = 'articleBody'>[vc_row][vc_column][vc_column_text]\n<p class=\"has-text-align-center\">Le garrot n&#8217;est pas forc\u00e9ment utile ici !<\/p>\n\n\n\n<p class=\"has-text-align-center\">Sur\u00e9lever le membre aurait suffit&#8230;<\/p>\n\n\n\n<p class=\"has-text-align-center\">Mais une fois pos\u00e9, on ne doit plus y toucher !!!<\/p>\n[\/vc_column_text][vc_btn title=&#8221;Vous appelez les secours&#8221; color=&#8221;success&#8221; align=&#8221;center&#8221; link=&#8221;url:http%3A%2F%2Fmix-formation.fr%2Findex.php%2Fchallenge-24b%2F|title:challenge%2024b|&#8221;][vc_btn title=&#8221;Vous couvrez la victime &#8221; color=&#8221;success&#8221; align=&#8221;center&#8221; link=&#8221;url:http%3A%2F%2Fmix-formation.fr%2Findex.php%2Fchallenge-25b%2F|title:challenge%2025b|&#8221;][\/vc_column][\/vc_row]<\/div><\/div>","protected":false},"excerpt":{"rendered":"<p>[vc_row][vc_column][vc_column_text] Le garrot n&#8217;est pas forc\u00e9ment utile ici ! Sur\u00e9lever le membre aurait suffit&#8230; Mais une fois pos\u00e9, on ne doit plus y toucher !!! [\/vc_column_text][vc_btn title=&#8221;Vous appelez les secours&#8221; color=&#8221;success&#8221; align=&#8221;center&#8221; link=&#8221;url:http%3A%2F%2Fmix-formation.fr%2Findex.php%2Fchallenge-24b%2F|title:challenge%2024b|&#8221;][vc_btn title=&#8221;Vous couvrez la victime &#8221; color=&#8221;success&#8221; align=&#8221;center&#8221; link=&#8221;url:http%3A%2F%2Fmix-formation.fr%2Findex.php%2Fchallenge-25b%2F|title:challenge%2025b|&#8221;][\/vc_column][\/vc_row]<\/p>\n","protected":false},"author":1,"featured_media":0,"parent":0,"menu_order":0,"comment_status":"closed","ping_status":"closed","template":"","meta":{"footnotes":""},"class_list":["post-646","page","type-page","status-publish","hentry"],"_links":{"self":[{"href":"http:\/\/mix-formation.fr\/index.php\/wp-json\/wp\/v2\/pages\/646","targetHints":{"allow":["GET"]}}],"collection":[{"href":"http:\/\/mix-formation.fr\/index.php\/wp-json\/wp\/v2\/pages"}],"about":[{"href":"http:\/\/mix-formation.fr\/index.php\/wp-json\/wp\/v2\/types\/page"}],"author":[{"embeddable":true,"href":"http:\/\/mix-formation.fr\/index.php\/wp-json\/wp\/v2\/users\/1"}],"replies":[{"embeddable":true,"href":"http:\/\/mix-formation.fr\/index.php\/wp-json\/wp\/v2\/comments?post=646"}],"version-history":[{"count":2,"href":"http:\/\/mix-formation.fr\/index.php\/wp-json\/wp\/v2\/pages\/646\/revisions"}],"predecessor-version":[{"id":649,"href":"http:\/\/mix-formation.fr\/index.php\/wp-json\/wp\/v2\/pages\/646\/revisions\/649"}],"wp:attachment":[{"href":"http:\/\/mix-formation.fr\/index.php\/wp-json\/wp\/v2\/media?parent=646"}],"curies":[{"name":"wp","href":"https:\/\/api.w.org\/{rel}","templated":true}]}}