{"id":622,"date":"2021-06-21T12:10:46","date_gmt":"2021-06-21T11:10:46","guid":{"rendered":"http:\/\/mix-formation.fr\/?page_id=622"},"modified":"2021-06-21T12:12:56","modified_gmt":"2021-06-21T11:12:56","slug":"challenge-27b","status":"publish","type":"page","link":"http:\/\/mix-formation.fr\/index.php\/challenge-27b\/","title":{"rendered":"C&#8217;est mieux !"},"content":{"rendered":"<div class=\"wpb-content-wrapper\"><div itemprop = 'articleBody'>[vc_row][vc_column][vc_column_text]\n<p class=\"has-text-align-center\">La victime a besoin d&#8217;\u00eatre rassur\u00e9e, elle est peut \u00eatre en \u00e9tat de choc !<\/p>\n\n\n\n<p class=\"has-text-align-center\">Restez \u00e0 c\u00f4t\u00e9 d&#8217;elle jusqu&#8217;\u00e0 l&#8217;arriv\u00e9e des secours !<\/p>\n[\/vc_column_text][vc_btn title=&#8221;Vous couvrez la victime &#8221; color=&#8221;success&#8221; align=&#8221;center&#8221; link=&#8221;url:http%3A%2F%2Fmix-formation.fr%2Findex.php%2Fchallenge-29b%2F|title:challenge%2029b|&#8221;][vc_btn title=&#8221;Vous lui apportez un caf\u00e9&#8221; color=&#8221;success&#8221; align=&#8221;center&#8221; link=&#8221;url:http%3A%2F%2Fmix-formation.fr%2Findex.php%2Fchallenge-30b%2F|title:challenge%2030b|&#8221;][\/vc_column][\/vc_row]<\/div><\/div>","protected":false},"excerpt":{"rendered":"<p>[vc_row][vc_column][vc_column_text] La victime a besoin d&#8217;\u00eatre rassur\u00e9e, elle est peut \u00eatre en \u00e9tat de choc ! Restez \u00e0 c\u00f4t\u00e9 d&#8217;elle jusqu&#8217;\u00e0 l&#8217;arriv\u00e9e des secours ! [\/vc_column_text][vc_btn title=&#8221;Vous couvrez la victime &#8221; color=&#8221;success&#8221; align=&#8221;center&#8221; link=&#8221;url:http%3A%2F%2Fmix-formation.fr%2Findex.php%2Fchallenge-29b%2F|title:challenge%2029b|&#8221;][vc_btn title=&#8221;Vous lui apportez un caf\u00e9&#8221; color=&#8221;success&#8221; align=&#8221;center&#8221; link=&#8221;url:http%3A%2F%2Fmix-formation.fr%2Findex.php%2Fchallenge-30b%2F|title:challenge%2030b|&#8221;][\/vc_column][\/vc_row]<\/p>\n","protected":false},"author":1,"featured_media":0,"parent":0,"menu_order":0,"comment_status":"closed","ping_status":"closed","template":"","meta":{"footnotes":""},"class_list":["post-622","page","type-page","status-publish","hentry"],"_links":{"self":[{"href":"http:\/\/mix-formation.fr\/index.php\/wp-json\/wp\/v2\/pages\/622","targetHints":{"allow":["GET"]}}],"collection":[{"href":"http:\/\/mix-formation.fr\/index.php\/wp-json\/wp\/v2\/pages"}],"about":[{"href":"http:\/\/mix-formation.fr\/index.php\/wp-json\/wp\/v2\/types\/page"}],"author":[{"embeddable":true,"href":"http:\/\/mix-formation.fr\/index.php\/wp-json\/wp\/v2\/users\/1"}],"replies":[{"embeddable":true,"href":"http:\/\/mix-formation.fr\/index.php\/wp-json\/wp\/v2\/comments?post=622"}],"version-history":[{"count":2,"href":"http:\/\/mix-formation.fr\/index.php\/wp-json\/wp\/v2\/pages\/622\/revisions"}],"predecessor-version":[{"id":625,"href":"http:\/\/mix-formation.fr\/index.php\/wp-json\/wp\/v2\/pages\/622\/revisions\/625"}],"wp:attachment":[{"href":"http:\/\/mix-formation.fr\/index.php\/wp-json\/wp\/v2\/media?parent=622"}],"curies":[{"name":"wp","href":"https:\/\/api.w.org\/{rel}","templated":true}]}}