{"id":616,"date":"2021-06-21T11:42:55","date_gmt":"2021-06-21T10:42:55","guid":{"rendered":"http:\/\/mix-formation.fr\/?page_id=616"},"modified":"2021-06-21T13:03:48","modified_gmt":"2021-06-21T12:03:48","slug":"challenge-31a","status":"publish","type":"page","link":"http:\/\/mix-formation.fr\/index.php\/challenge-31a\/","title":{"rendered":"Pas b\u00eate !"},"content":{"rendered":"<div class=\"wpb-content-wrapper\"><div itemprop = 'articleBody'>[vc_row][vc_column][vc_column_text]<p><\/p>\n<p class=\"has-text-align-center\">Les secours ne connaissent pas forc\u00e9ment les lieux donc cela peut faire gagner un temps pr\u00e9cieux !<\/p>\n<p style=\"text-align: center;\">Cependant, une couverture pour limiter l&#8217;hypothermie est aussi une bonne id\u00e9e&#8230;<\/p>\n<p><\/p>\n<p><\/p>\n<p class=\"has-text-align-center\" style=\"text-align: center;\">Bon travail ! Vous \u00eates un SST efficace !!!<\/p>\n<p><\/p>[\/vc_column_text][vc_btn title=&#8221;Une autre situation ?&#8221; color=&#8221;warning&#8221; align=&#8221;center&#8221; link=&#8221;url:http%3A%2F%2Fmix-formation.fr%2Findex.php%2Fchallenge-1%2F|title:Accueil%20challenge%20SST|&#8221;][\/vc_column][\/vc_row]<\/div><\/div>","protected":false},"excerpt":{"rendered":"<p>[vc_row][vc_column][vc_column_text] Les secours ne connaissent pas forc\u00e9ment les lieux donc cela peut faire gagner un temps pr\u00e9cieux ! Cependant, une couverture pour limiter l&#8217;hypothermie est aussi une bonne id\u00e9e&#8230; Bon travail ! Vous \u00eates un SST efficace !!! [\/vc_column_text][vc_btn title=&#8221;Une autre situation ?&#8221; color=&#8221;warning&#8221; align=&#8221;center&#8221; link=&#8221;url:http%3A%2F%2Fmix-formation.fr%2Findex.php%2Fchallenge-1%2F|title:Accueil%20challenge%20SST|&#8221;][\/vc_column][\/vc_row]<\/p>\n","protected":false},"author":1,"featured_media":0,"parent":0,"menu_order":0,"comment_status":"closed","ping_status":"closed","template":"","meta":{"footnotes":""},"class_list":["post-616","page","type-page","status-publish","hentry"],"_links":{"self":[{"href":"http:\/\/mix-formation.fr\/index.php\/wp-json\/wp\/v2\/pages\/616","targetHints":{"allow":["GET"]}}],"collection":[{"href":"http:\/\/mix-formation.fr\/index.php\/wp-json\/wp\/v2\/pages"}],"about":[{"href":"http:\/\/mix-formation.fr\/index.php\/wp-json\/wp\/v2\/types\/page"}],"author":[{"embeddable":true,"href":"http:\/\/mix-formation.fr\/index.php\/wp-json\/wp\/v2\/users\/1"}],"replies":[{"embeddable":true,"href":"http:\/\/mix-formation.fr\/index.php\/wp-json\/wp\/v2\/comments?post=616"}],"version-history":[{"count":4,"href":"http:\/\/mix-formation.fr\/index.php\/wp-json\/wp\/v2\/pages\/616\/revisions"}],"predecessor-version":[{"id":675,"href":"http:\/\/mix-formation.fr\/index.php\/wp-json\/wp\/v2\/pages\/616\/revisions\/675"}],"wp:attachment":[{"href":"http:\/\/mix-formation.fr\/index.php\/wp-json\/wp\/v2\/media?parent=616"}],"curies":[{"name":"wp","href":"https:\/\/api.w.org\/{rel}","templated":true}]}}