{"id":605,"date":"2021-06-21T11:29:31","date_gmt":"2021-06-21T10:29:31","guid":{"rendered":"http:\/\/mix-formation.fr\/?page_id=605"},"modified":"2021-06-21T11:31:42","modified_gmt":"2021-06-21T10:31:42","slug":"challenge-28a","status":"publish","type":"page","link":"http:\/\/mix-formation.fr\/index.php\/challenge-28a\/","title":{"rendered":"Mouais&#8230;"},"content":{"rendered":"<div class=\"wpb-content-wrapper\"><div itemprop = 'articleBody'>[vc_row][vc_column][vc_column_text]\n<p class=\"has-text-align-center\">Guider votre coll\u00e8gue est possible mais sera plus long que si vous le faites vous-m\u00eame&#8230;<\/p>\n\n\n\n<p><\/p>\n[\/vc_column_text][vc_btn title=&#8221;Vous demandez \u00e0 votre coll\u00e8gue d&#8217;apporter une couverture&#8221; color=&#8221;success&#8221; align=&#8221;center&#8221; link=&#8221;url:http%3A%2F%2Fmix-formation.fr%2Findex.php%2Fchallenge-30a%2F|title:challenge%2030a|&#8221;][vc_btn title=&#8221;Vous demandez \u00e0 votre coll\u00e8gue d&#8217;aller \u00e0 la rencontre des secours&#8221; color=&#8221;success&#8221; align=&#8221;center&#8221; link=&#8221;url:http%3A%2F%2Fmix-formation.fr%2Findex.php%2Fchallenge-31a%2F|title:challenge%2031a|&#8221;][vc_btn title=&#8221;Vous demandez \u00e0 votre coll\u00e8gue d&#8217;aller prendre un caf\u00e9&#8221; color=&#8221;success&#8221; align=&#8221;center&#8221; link=&#8221;url:http%3A%2F%2Fmix-formation.fr%2Findex.php%2Fchallenge-32a%2F|title:challenge%2032a|&#8221;][\/vc_column][\/vc_row]<\/div><\/div>","protected":false},"excerpt":{"rendered":"<p>[vc_row][vc_column][vc_column_text] Guider votre coll\u00e8gue est possible mais sera plus long que si vous le faites vous-m\u00eame&#8230; [\/vc_column_text][vc_btn title=&#8221;Vous demandez \u00e0 votre coll\u00e8gue d&#8217;apporter une couverture&#8221; color=&#8221;success&#8221; align=&#8221;center&#8221; link=&#8221;url:http%3A%2F%2Fmix-formation.fr%2Findex.php%2Fchallenge-30a%2F|title:challenge%2030a|&#8221;][vc_btn title=&#8221;Vous demandez \u00e0 votre coll\u00e8gue d&#8217;aller \u00e0 la rencontre des secours&#8221; color=&#8221;success&#8221; align=&#8221;center&#8221; link=&#8221;url:http%3A%2F%2Fmix-formation.fr%2Findex.php%2Fchallenge-31a%2F|title:challenge%2031a|&#8221;][vc_btn title=&#8221;Vous demandez \u00e0 votre coll\u00e8gue d&#8217;aller prendre un caf\u00e9&#8221; color=&#8221;success&#8221; align=&#8221;center&#8221; link=&#8221;url:http%3A%2F%2Fmix-formation.fr%2Findex.php%2Fchallenge-32a%2F|title:challenge%2032a|&#8221;][\/vc_column][\/vc_row]<\/p>\n","protected":false},"author":1,"featured_media":0,"parent":0,"menu_order":0,"comment_status":"closed","ping_status":"closed","template":"","meta":{"footnotes":""},"class_list":["post-605","page","type-page","status-publish","hentry"],"_links":{"self":[{"href":"http:\/\/mix-formation.fr\/index.php\/wp-json\/wp\/v2\/pages\/605","targetHints":{"allow":["GET"]}}],"collection":[{"href":"http:\/\/mix-formation.fr\/index.php\/wp-json\/wp\/v2\/pages"}],"about":[{"href":"http:\/\/mix-formation.fr\/index.php\/wp-json\/wp\/v2\/types\/page"}],"author":[{"embeddable":true,"href":"http:\/\/mix-formation.fr\/index.php\/wp-json\/wp\/v2\/users\/1"}],"replies":[{"embeddable":true,"href":"http:\/\/mix-formation.fr\/index.php\/wp-json\/wp\/v2\/comments?post=605"}],"version-history":[{"count":2,"href":"http:\/\/mix-formation.fr\/index.php\/wp-json\/wp\/v2\/pages\/605\/revisions"}],"predecessor-version":[{"id":608,"href":"http:\/\/mix-formation.fr\/index.php\/wp-json\/wp\/v2\/pages\/605\/revisions\/608"}],"wp:attachment":[{"href":"http:\/\/mix-formation.fr\/index.php\/wp-json\/wp\/v2\/media?parent=605"}],"curies":[{"name":"wp","href":"https:\/\/api.w.org\/{rel}","templated":true}]}}