{"id":576,"date":"2021-06-21T10:58:24","date_gmt":"2021-06-21T09:58:24","guid":{"rendered":"http:\/\/mix-formation.fr\/?page_id=576"},"modified":"2021-06-21T11:00:42","modified_gmt":"2021-06-21T10:00:42","slug":"challenge-17b","status":"publish","type":"page","link":"http:\/\/mix-formation.fr\/index.php\/challenge-17b\/","title":{"rendered":"Euuuuh !"},"content":{"rendered":"<div class=\"wpb-content-wrapper\"><div itemprop = 'articleBody'><p>[vc_row][vc_column][vc_column_text]<\/p>\n<p style=\"text-align: center;\">Appuyer \u00e0 deux ne r\u00e8glera pas le probl\u00e8me !<\/p>\n<p style=\"text-align: center;\">Il fallait poser un garrot pour stopper le saignement&#8230;<\/p>\n<p style=\"text-align: center;\">Vous ferez mieux la prochaine fois !<\/p>\n<p>[\/vc_column_text][vc_btn title=&#8221;RETOUR ACCUEIL&#8221; color=&#8221;danger&#8221; align=&#8221;center&#8221; link=&#8221;url:http%3A%2F%2Fmix-formation.fr%2Findex.php%2Fchallenge-1%2F|title:Accueil%20challenge%20SST|&#8221;][\/vc_column][\/vc_row]<\/p>\n<\/div><\/div>","protected":false},"excerpt":{"rendered":"<p>[vc_row][vc_column][vc_column_text] Appuyer \u00e0 deux ne r\u00e8glera pas le probl\u00e8me ! Il fallait poser un garrot pour stopper le saignement&#8230; Vous ferez mieux la prochaine fois ! [\/vc_column_text][vc_btn title=&#8221;RETOUR ACCUEIL&#8221; color=&#8221;danger&#8221; align=&#8221;center&#8221; link=&#8221;url:http%3A%2F%2Fmix-formation.fr%2Findex.php%2Fchallenge-1%2F|title:Accueil%20challenge%20SST|&#8221;][\/vc_column][\/vc_row]<\/p>\n","protected":false},"author":1,"featured_media":0,"parent":0,"menu_order":0,"comment_status":"closed","ping_status":"closed","template":"","meta":{"footnotes":""},"class_list":["post-576","page","type-page","status-publish","hentry"],"_links":{"self":[{"href":"http:\/\/mix-formation.fr\/index.php\/wp-json\/wp\/v2\/pages\/576","targetHints":{"allow":["GET"]}}],"collection":[{"href":"http:\/\/mix-formation.fr\/index.php\/wp-json\/wp\/v2\/pages"}],"about":[{"href":"http:\/\/mix-formation.fr\/index.php\/wp-json\/wp\/v2\/types\/page"}],"author":[{"embeddable":true,"href":"http:\/\/mix-formation.fr\/index.php\/wp-json\/wp\/v2\/users\/1"}],"replies":[{"embeddable":true,"href":"http:\/\/mix-formation.fr\/index.php\/wp-json\/wp\/v2\/comments?post=576"}],"version-history":[{"count":2,"href":"http:\/\/mix-formation.fr\/index.php\/wp-json\/wp\/v2\/pages\/576\/revisions"}],"predecessor-version":[{"id":579,"href":"http:\/\/mix-formation.fr\/index.php\/wp-json\/wp\/v2\/pages\/576\/revisions\/579"}],"wp:attachment":[{"href":"http:\/\/mix-formation.fr\/index.php\/wp-json\/wp\/v2\/media?parent=576"}],"curies":[{"name":"wp","href":"https:\/\/api.w.org\/{rel}","templated":true}]}}