{"id":566,"date":"2021-06-21T10:40:45","date_gmt":"2021-06-21T09:40:45","guid":{"rendered":"http:\/\/mix-formation.fr\/?page_id=566"},"modified":"2021-06-21T10:43:43","modified_gmt":"2021-06-21T09:43:43","slug":"challenge-18b","status":"publish","type":"page","link":"http:\/\/mix-formation.fr\/index.php\/challenge-18b\/","title":{"rendered":"Bonne initiative !"},"content":{"rendered":"<div class=\"wpb-content-wrapper\"><div itemprop = 'articleBody'>[vc_row][vc_column][vc_column_text]\n<p class=\"has-text-align-center\">La victime aurait pu faire un malaise et tomber. Sa circulation sanguine sera meilleure dans cette position !<\/p>\n[\/vc_column_text][vc_btn title=&#8221;Le saignement reprend fortement une fois la victime allong\u00e9e&#8221; color=&#8221;success&#8221; align=&#8221;center&#8221; link=&#8221;url:http%3A%2F%2Fmix-formation.fr%2Findex.php%2Fchallenge-20b%2F|title:challenge%2020b|&#8221;][vc_btn title=&#8221;Le saignement reprend tr\u00e8s l\u00e9g\u00e8rement&#8221; color=&#8221;success&#8221; align=&#8221;center&#8221; link=&#8221;url:http%3A%2F%2Fmix-formation.fr%2Findex.php%2Fchallenge-21b%2F|title:challenge%2021b|&#8221;][vc_btn title=&#8221;Le saignement ne reprend pas&#8221; color=&#8221;success&#8221; align=&#8221;center&#8221; link=&#8221;url:http%3A%2F%2Fmix-formation.fr%2Findex.php%2Fchallenge-22b%2F|title:challenge%2022b|&#8221;][\/vc_column][\/vc_row]<\/div><\/div>","protected":false},"excerpt":{"rendered":"<p>[vc_row][vc_column][vc_column_text] La victime aurait pu faire un malaise et tomber. Sa circulation sanguine sera meilleure dans cette position ! [\/vc_column_text][vc_btn title=&#8221;Le saignement reprend fortement une fois la victime allong\u00e9e&#8221; color=&#8221;success&#8221; align=&#8221;center&#8221; link=&#8221;url:http%3A%2F%2Fmix-formation.fr%2Findex.php%2Fchallenge-20b%2F|title:challenge%2020b|&#8221;][vc_btn title=&#8221;Le saignement reprend tr\u00e8s l\u00e9g\u00e8rement&#8221; color=&#8221;success&#8221; align=&#8221;center&#8221; link=&#8221;url:http%3A%2F%2Fmix-formation.fr%2Findex.php%2Fchallenge-21b%2F|title:challenge%2021b|&#8221;][vc_btn title=&#8221;Le saignement ne reprend pas&#8221; color=&#8221;success&#8221; align=&#8221;center&#8221; link=&#8221;url:http%3A%2F%2Fmix-formation.fr%2Findex.php%2Fchallenge-22b%2F|title:challenge%2022b|&#8221;][\/vc_column][\/vc_row]<\/p>\n","protected":false},"author":1,"featured_media":0,"parent":0,"menu_order":0,"comment_status":"closed","ping_status":"closed","template":"","meta":{"footnotes":""},"class_list":["post-566","page","type-page","status-publish","hentry"],"_links":{"self":[{"href":"http:\/\/mix-formation.fr\/index.php\/wp-json\/wp\/v2\/pages\/566","targetHints":{"allow":["GET"]}}],"collection":[{"href":"http:\/\/mix-formation.fr\/index.php\/wp-json\/wp\/v2\/pages"}],"about":[{"href":"http:\/\/mix-formation.fr\/index.php\/wp-json\/wp\/v2\/types\/page"}],"author":[{"embeddable":true,"href":"http:\/\/mix-formation.fr\/index.php\/wp-json\/wp\/v2\/users\/1"}],"replies":[{"embeddable":true,"href":"http:\/\/mix-formation.fr\/index.php\/wp-json\/wp\/v2\/comments?post=566"}],"version-history":[{"count":2,"href":"http:\/\/mix-formation.fr\/index.php\/wp-json\/wp\/v2\/pages\/566\/revisions"}],"predecessor-version":[{"id":568,"href":"http:\/\/mix-formation.fr\/index.php\/wp-json\/wp\/v2\/pages\/566\/revisions\/568"}],"wp:attachment":[{"href":"http:\/\/mix-formation.fr\/index.php\/wp-json\/wp\/v2\/media?parent=566"}],"curies":[{"name":"wp","href":"https:\/\/api.w.org\/{rel}","templated":true}]}}