{"id":552,"date":"2021-06-21T09:56:17","date_gmt":"2021-06-21T08:56:17","guid":{"rendered":"http:\/\/mix-formation.fr\/?page_id=552"},"modified":"2021-06-21T10:00:02","modified_gmt":"2021-06-21T09:00:02","slug":"challenge-15a","status":"publish","type":"page","link":"http:\/\/mix-formation.fr\/index.php\/challenge-15a\/","title":{"rendered":"Bonne r\u00e9action !"},"content":{"rendered":"<div class=\"wpb-content-wrapper\"><div itemprop = 'articleBody'><p>[vc_row][vc_column][vc_column_text]<\/p>\n<p style=\"text-align: center;\">La compression est efficace et le saignement semble s&#8217;\u00eatre arr\u00eat\u00e9<\/p>\n<p>[\/vc_column_text][vc_btn title=&#8221;Vous posez ensuite un garrot&#8221; color=&#8221;success&#8221; align=&#8221;center&#8221; link=&#8221;url:http%3A%2F%2Fmix-formation.fr%2Findex.php%2Fchallenge-16a%2F|title:AYE%20!|&#8221;][vc_btn title=&#8221;Vous faites allonger la victime sur le sol&#8221; color=&#8221;success&#8221; align=&#8221;center&#8221; link=&#8221;url:http%3A%2F%2Fmix-formation.fr%2Findex.php%2Fchallenge-18a%2F|title:challenge%2018a|&#8221;][vc_btn title=&#8221;Vous gardez la victime dans la position o\u00f9 elle se trouve&#8221; color=&#8221;success&#8221; align=&#8221;center&#8221; link=&#8221;url:http%3A%2F%2Fmix-formation.fr%2Findex.php%2Fchallenge-19a%2F|title:challenge%2019a|&#8221;][\/vc_column][\/vc_row]<\/p>\n<\/div><\/div>","protected":false},"excerpt":{"rendered":"<p>[vc_row][vc_column][vc_column_text] La compression est efficace et le saignement semble s&#8217;\u00eatre arr\u00eat\u00e9 [\/vc_column_text][vc_btn title=&#8221;Vous posez ensuite un garrot&#8221; color=&#8221;success&#8221; align=&#8221;center&#8221; link=&#8221;url:http%3A%2F%2Fmix-formation.fr%2Findex.php%2Fchallenge-16a%2F|title:AYE%20!|&#8221;][vc_btn title=&#8221;Vous faites allonger la victime sur le sol&#8221; color=&#8221;success&#8221; align=&#8221;center&#8221; link=&#8221;url:http%3A%2F%2Fmix-formation.fr%2Findex.php%2Fchallenge-18a%2F|title:challenge%2018a|&#8221;][vc_btn title=&#8221;Vous gardez la victime dans la position o\u00f9 elle se trouve&#8221; color=&#8221;success&#8221; align=&#8221;center&#8221; link=&#8221;url:http%3A%2F%2Fmix-formation.fr%2Findex.php%2Fchallenge-19a%2F|title:challenge%2019a|&#8221;][\/vc_column][\/vc_row]<\/p>\n","protected":false},"author":1,"featured_media":0,"parent":0,"menu_order":0,"comment_status":"closed","ping_status":"closed","template":"","meta":{"footnotes":""},"class_list":["post-552","page","type-page","status-publish","hentry"],"_links":{"self":[{"href":"http:\/\/mix-formation.fr\/index.php\/wp-json\/wp\/v2\/pages\/552","targetHints":{"allow":["GET"]}}],"collection":[{"href":"http:\/\/mix-formation.fr\/index.php\/wp-json\/wp\/v2\/pages"}],"about":[{"href":"http:\/\/mix-formation.fr\/index.php\/wp-json\/wp\/v2\/types\/page"}],"author":[{"embeddable":true,"href":"http:\/\/mix-formation.fr\/index.php\/wp-json\/wp\/v2\/users\/1"}],"replies":[{"embeddable":true,"href":"http:\/\/mix-formation.fr\/index.php\/wp-json\/wp\/v2\/comments?post=552"}],"version-history":[{"count":3,"href":"http:\/\/mix-formation.fr\/index.php\/wp-json\/wp\/v2\/pages\/552\/revisions"}],"predecessor-version":[{"id":555,"href":"http:\/\/mix-formation.fr\/index.php\/wp-json\/wp\/v2\/pages\/552\/revisions\/555"}],"wp:attachment":[{"href":"http:\/\/mix-formation.fr\/index.php\/wp-json\/wp\/v2\/media?parent=552"}],"curies":[{"name":"wp","href":"https:\/\/api.w.org\/{rel}","templated":true}]}}