{"id":549,"date":"2021-06-21T09:53:46","date_gmt":"2021-06-21T08:53:46","guid":{"rendered":"http:\/\/mix-formation.fr\/?page_id=549"},"modified":"2021-06-21T09:54:37","modified_gmt":"2021-06-21T08:54:37","slug":"challenge-17a","status":"publish","type":"page","link":"http:\/\/mix-formation.fr\/index.php\/challenge-17a\/","title":{"rendered":"AYE AYE AYE !"},"content":{"rendered":"<div class=\"wpb-content-wrapper\"><div itemprop = 'articleBody'>[vc_row][vc_column][vc_column_text]\n<p class=\"has-text-align-center\">Le point de compression est tr\u00e8s douloureux pour la victime et difficile \u00e0 tenir pour le secouriste !<\/p>\n\n\n\n<p class=\"has-text-align-center\">On ne l&#8217;utilise plus et on lui pr\u00e9f\u00e8re le garrot&#8230;<\/p>\n\n\n\n<p class=\"has-text-align-center\">Il aurait fallu commencer par une compression manuelle sur la plaie !!!<\/p>\n\n\n\n<p class=\"has-text-align-center\">Vous ferez mieux la prochaine fois !<\/p>\n[\/vc_column_text][vc_btn title=&#8221;RETOUR ACCUEIL&#8221; color=&#8221;danger&#8221; align=&#8221;center&#8221; link=&#8221;url:http%3A%2F%2Fmix-formation.fr%2Findex.php%2Fchallenge-1%2F|title:Accueil%20challenge%20SST|&#8221;][\/vc_column][\/vc_row]<\/div><\/div>","protected":false},"excerpt":{"rendered":"<p>[vc_row][vc_column][vc_column_text] Le point de compression est tr\u00e8s douloureux pour la victime et difficile \u00e0 tenir pour le secouriste ! On ne l&#8217;utilise plus et on lui pr\u00e9f\u00e8re le garrot&#8230; Il aurait fallu commencer par une compression manuelle sur la plaie !!! Vous ferez mieux la prochaine fois ! [\/vc_column_text][vc_btn title=&#8221;RETOUR ACCUEIL&#8221; color=&#8221;danger&#8221; align=&#8221;center&#8221; link=&#8221;url:http%3A%2F%2Fmix-formation.fr%2Findex.php%2Fchallenge-1%2F|title:Accueil%20challenge%20SST|&#8221;][\/vc_column][\/vc_row]<\/p>\n","protected":false},"author":1,"featured_media":0,"parent":0,"menu_order":0,"comment_status":"closed","ping_status":"closed","template":"","meta":{"footnotes":""},"class_list":["post-549","page","type-page","status-publish","hentry"],"_links":{"self":[{"href":"http:\/\/mix-formation.fr\/index.php\/wp-json\/wp\/v2\/pages\/549","targetHints":{"allow":["GET"]}}],"collection":[{"href":"http:\/\/mix-formation.fr\/index.php\/wp-json\/wp\/v2\/pages"}],"about":[{"href":"http:\/\/mix-formation.fr\/index.php\/wp-json\/wp\/v2\/types\/page"}],"author":[{"embeddable":true,"href":"http:\/\/mix-formation.fr\/index.php\/wp-json\/wp\/v2\/users\/1"}],"replies":[{"embeddable":true,"href":"http:\/\/mix-formation.fr\/index.php\/wp-json\/wp\/v2\/comments?post=549"}],"version-history":[{"count":2,"href":"http:\/\/mix-formation.fr\/index.php\/wp-json\/wp\/v2\/pages\/549\/revisions"}],"predecessor-version":[{"id":551,"href":"http:\/\/mix-formation.fr\/index.php\/wp-json\/wp\/v2\/pages\/549\/revisions\/551"}],"wp:attachment":[{"href":"http:\/\/mix-formation.fr\/index.php\/wp-json\/wp\/v2\/media?parent=549"}],"curies":[{"name":"wp","href":"https:\/\/api.w.org\/{rel}","templated":true}]}}