{"id":520,"date":"2021-06-21T09:19:32","date_gmt":"2021-06-21T08:19:32","guid":{"rendered":"http:\/\/mix-formation.fr\/?page_id=520"},"modified":"2021-06-21T09:48:59","modified_gmt":"2021-06-21T08:48:59","slug":"challenge-0","status":"publish","type":"page","link":"http:\/\/mix-formation.fr\/index.php\/challenge-0\/","title":{"rendered":"OUPS !"},"content":{"rendered":"<div class=\"wpb-content-wrapper\"><div itemprop = 'articleBody'>[vc_row][vc_column][vc_column_text]\n<p class=\"has-text-align-center\">Vous n&#8217;avez pas examin\u00e9 la victime qui d\u00e9c\u00e8de peu apr\u00e8s&#8230;<\/p>\n\n\n\n<p class=\"has-text-align-center\">Vous ferez mieux la prochaine fois !<\/p>\n[\/vc_column_text][vc_btn title=&#8221;RETOUR ACCUEIL&#8221; color=&#8221;danger&#8221; align=&#8221;center&#8221; link=&#8221;url:http%3A%2F%2Fmix-formation.fr%2Findex.php%2Fchallenge-1%2F|title:Accueil%20challenge%20SST|&#8221;][\/vc_column][\/vc_row]<\/div><\/div>","protected":false},"excerpt":{"rendered":"<p>[vc_row][vc_column][vc_column_text] Vous n&#8217;avez pas examin\u00e9 la victime qui d\u00e9c\u00e8de peu apr\u00e8s&#8230; Vous ferez mieux la prochaine fois ! [\/vc_column_text][vc_btn title=&#8221;RETOUR ACCUEIL&#8221; color=&#8221;danger&#8221; align=&#8221;center&#8221; link=&#8221;url:http%3A%2F%2Fmix-formation.fr%2Findex.php%2Fchallenge-1%2F|title:Accueil%20challenge%20SST|&#8221;][\/vc_column][\/vc_row]<\/p>\n","protected":false},"author":1,"featured_media":0,"parent":0,"menu_order":0,"comment_status":"closed","ping_status":"closed","template":"","meta":{"footnotes":""},"class_list":["post-520","page","type-page","status-publish","hentry"],"_links":{"self":[{"href":"http:\/\/mix-formation.fr\/index.php\/wp-json\/wp\/v2\/pages\/520","targetHints":{"allow":["GET"]}}],"collection":[{"href":"http:\/\/mix-formation.fr\/index.php\/wp-json\/wp\/v2\/pages"}],"about":[{"href":"http:\/\/mix-formation.fr\/index.php\/wp-json\/wp\/v2\/types\/page"}],"author":[{"embeddable":true,"href":"http:\/\/mix-formation.fr\/index.php\/wp-json\/wp\/v2\/users\/1"}],"replies":[{"embeddable":true,"href":"http:\/\/mix-formation.fr\/index.php\/wp-json\/wp\/v2\/comments?post=520"}],"version-history":[{"count":5,"href":"http:\/\/mix-formation.fr\/index.php\/wp-json\/wp\/v2\/pages\/520\/revisions"}],"predecessor-version":[{"id":548,"href":"http:\/\/mix-formation.fr\/index.php\/wp-json\/wp\/v2\/pages\/520\/revisions\/548"}],"wp:attachment":[{"href":"http:\/\/mix-formation.fr\/index.php\/wp-json\/wp\/v2\/media?parent=520"}],"curies":[{"name":"wp","href":"https:\/\/api.w.org\/{rel}","templated":true}]}}