{"id":509,"date":"2021-06-21T09:00:53","date_gmt":"2021-06-21T08:00:53","guid":{"rendered":"http:\/\/mix-formation.fr\/?page_id=509"},"modified":"2021-06-21T09:01:35","modified_gmt":"2021-06-21T08:01:35","slug":"challenge-5","status":"publish","type":"page","link":"http:\/\/mix-formation.fr\/index.php\/challenge-5\/","title":{"rendered":"AYE !"},"content":{"rendered":"<div class=\"wpb-content-wrapper\"><div itemprop = 'articleBody'>[vc_row][vc_column][vc_column_text]\n<p class=\"has-text-align-center\">Une victime ne doit \u00eatre boug\u00e9e qu&#8217;en cas d&#8217;extr\u00eame urgence, si on ne peut pas supprimer ou isoler le danger !<\/p>\n\n\n\n<p class=\"has-text-align-center\">Vous ferez mieux la prochaine fois !<\/p>\n[\/vc_column_text][vc_btn title=&#8221;RETOUR ACCUEIL&#8221; color=&#8221;danger&#8221; align=&#8221;center&#8221; link=&#8221;url:http%3A%2F%2Fmix-formation.fr%2Findex.php%2Fchallenge-1%2F|title:Accueil%20challenge%20SST|&#8221;][\/vc_column][\/vc_row]<\/div><\/div>","protected":false},"excerpt":{"rendered":"<p>[vc_row][vc_column][vc_column_text] Une victime ne doit \u00eatre boug\u00e9e qu&#8217;en cas d&#8217;extr\u00eame urgence, si on ne peut pas supprimer ou isoler le danger ! Vous ferez mieux la prochaine fois ! [\/vc_column_text][vc_btn title=&#8221;RETOUR ACCUEIL&#8221; color=&#8221;danger&#8221; align=&#8221;center&#8221; link=&#8221;url:http%3A%2F%2Fmix-formation.fr%2Findex.php%2Fchallenge-1%2F|title:Accueil%20challenge%20SST|&#8221;][\/vc_column][\/vc_row]<\/p>\n","protected":false},"author":1,"featured_media":0,"parent":0,"menu_order":0,"comment_status":"closed","ping_status":"closed","template":"","meta":{"footnotes":""},"class_list":["post-509","page","type-page","status-publish","hentry"],"_links":{"self":[{"href":"http:\/\/mix-formation.fr\/index.php\/wp-json\/wp\/v2\/pages\/509","targetHints":{"allow":["GET"]}}],"collection":[{"href":"http:\/\/mix-formation.fr\/index.php\/wp-json\/wp\/v2\/pages"}],"about":[{"href":"http:\/\/mix-formation.fr\/index.php\/wp-json\/wp\/v2\/types\/page"}],"author":[{"embeddable":true,"href":"http:\/\/mix-formation.fr\/index.php\/wp-json\/wp\/v2\/users\/1"}],"replies":[{"embeddable":true,"href":"http:\/\/mix-formation.fr\/index.php\/wp-json\/wp\/v2\/comments?post=509"}],"version-history":[{"count":3,"href":"http:\/\/mix-formation.fr\/index.php\/wp-json\/wp\/v2\/pages\/509\/revisions"}],"predecessor-version":[{"id":512,"href":"http:\/\/mix-formation.fr\/index.php\/wp-json\/wp\/v2\/pages\/509\/revisions\/512"}],"wp:attachment":[{"href":"http:\/\/mix-formation.fr\/index.php\/wp-json\/wp\/v2\/media?parent=509"}],"curies":[{"name":"wp","href":"https:\/\/api.w.org\/{rel}","templated":true}]}}