{"id":426,"date":"2021-03-04T19:18:25","date_gmt":"2021-03-04T18:18:25","guid":{"rendered":"http:\/\/mix-formation.fr\/?page_id=426"},"modified":"2021-03-04T19:18:25","modified_gmt":"2021-03-04T18:18:25","slug":"situation-25","status":"publish","type":"page","link":"http:\/\/mix-formation.fr\/index.php\/situation-25\/","title":{"rendered":"Situation 25"},"content":{"rendered":"<div itemprop = 'articleBody'>\n<p>Monsieur H. 35 ans 1,65 pesant 78 Kgs sortant d\u2019une hospitalisation suite \u00e0 un accident de la route qui a entrain\u00e9e un TC laissant des s\u00e9quelles d\u2019amn\u00e9sie et des troubles de la m\u00e9moire, des troubles du laquage et de la compr\u00e9hension, ayant subi une op\u00e9ration de la jambe gauche entra\u00eenant une assistance dans ses d\u00e9placements.<\/p>\n\n\n\n<p>La situation est de transf\u00e9rer Mr H. de son fauteuil \u00e0 la table de r\u00e9\u00e9ducation qui n\u2019est pas r\u00e9glable pour pratiquer sa r\u00e9\u00e9ducation avec le professionnel de sant\u00e9 et proc\u00e9der \u00e0 des soins.<\/p>\n\n\n\n<p>La salle est encombr\u00e9e par des tapis, accessoires de r\u00e9\u00e9ducation, et d\u2019autres personnes \u00e0 prendre en charge.<\/p>\n\n\n\n<p><\/p>\n<\/div>","protected":false},"excerpt":{"rendered":"<p>Monsieur H. 35 ans 1,65 pesant 78 Kgs sortant d\u2019une hospitalisation suite \u00e0 un accident de la route qui a entrain\u00e9e un TC laissant des s\u00e9quelles d\u2019amn\u00e9sie et des troubles de la m\u00e9moire, des troubles du laquage et de la compr\u00e9hension, ayant subi une op\u00e9ration de la jambe gauche entra\u00eenant une assistance dans ses d\u00e9placements. [&hellip;]<\/p>\n","protected":false},"author":1,"featured_media":0,"parent":0,"menu_order":0,"comment_status":"closed","ping_status":"closed","template":"","meta":{"footnotes":""},"class_list":["post-426","page","type-page","status-publish","hentry"],"_links":{"self":[{"href":"http:\/\/mix-formation.fr\/index.php\/wp-json\/wp\/v2\/pages\/426","targetHints":{"allow":["GET"]}}],"collection":[{"href":"http:\/\/mix-formation.fr\/index.php\/wp-json\/wp\/v2\/pages"}],"about":[{"href":"http:\/\/mix-formation.fr\/index.php\/wp-json\/wp\/v2\/types\/page"}],"author":[{"embeddable":true,"href":"http:\/\/mix-formation.fr\/index.php\/wp-json\/wp\/v2\/users\/1"}],"replies":[{"embeddable":true,"href":"http:\/\/mix-formation.fr\/index.php\/wp-json\/wp\/v2\/comments?post=426"}],"version-history":[{"count":1,"href":"http:\/\/mix-formation.fr\/index.php\/wp-json\/wp\/v2\/pages\/426\/revisions"}],"predecessor-version":[{"id":427,"href":"http:\/\/mix-formation.fr\/index.php\/wp-json\/wp\/v2\/pages\/426\/revisions\/427"}],"wp:attachment":[{"href":"http:\/\/mix-formation.fr\/index.php\/wp-json\/wp\/v2\/media?parent=426"}],"curies":[{"name":"wp","href":"https:\/\/api.w.org\/{rel}","templated":true}]}}