{"id":424,"date":"2021-03-04T19:17:54","date_gmt":"2021-03-04T18:17:54","guid":{"rendered":"http:\/\/mix-formation.fr\/?page_id=424"},"modified":"2021-03-04T19:17:55","modified_gmt":"2021-03-04T18:17:55","slug":"situation-24","status":"publish","type":"page","link":"http:\/\/mix-formation.fr\/index.php\/situation-24\/","title":{"rendered":"Situation 24"},"content":{"rendered":"<div itemprop = 'articleBody'>\n<p>Madame G. \u00e2g\u00e9e de 75 ans, de taille 1,65, 67 Kgs vit en EHPAD. Autiste ayant une proth\u00e8se de hanche c\u00f4t\u00e9 gauche, en situation de GIR 2 doit \u00eatre lev\u00e9e de son fauteuil pour se rendre \u00e0 table pour le d\u00e9jeuner.<\/p>\n\n\n\n<p>Madame G. aime se rendre \u00e0 l\u2019ext\u00e9rieur<\/p>\n\n\n\n<p>Elle est valide avec une mobilit\u00e9 tr\u00e8s r\u00e9duite des membres inf\u00e9rieurs.<\/p>\n\n\n\n<p>Elle veut imp\u00e9rativement \u00eatre \u00e0 c\u00f4t\u00e9 de son ami Georges pour manger, mais l\u2019espace de circulation pour y acc\u00e9der est tr\u00e8s r\u00e9duit notamment.<\/p>\n\n\n\n<p><\/p>\n<\/div>","protected":false},"excerpt":{"rendered":"<p>Madame G. \u00e2g\u00e9e de 75 ans, de taille 1,65, 67 Kgs vit en EHPAD. Autiste ayant une proth\u00e8se de hanche c\u00f4t\u00e9 gauche, en situation de GIR 2 doit \u00eatre lev\u00e9e de son fauteuil pour se rendre \u00e0 table pour le d\u00e9jeuner. Madame G. aime se rendre \u00e0 l\u2019ext\u00e9rieur Elle est valide avec une mobilit\u00e9 tr\u00e8s [&hellip;]<\/p>\n","protected":false},"author":1,"featured_media":0,"parent":0,"menu_order":0,"comment_status":"closed","ping_status":"closed","template":"","meta":{"footnotes":""},"class_list":["post-424","page","type-page","status-publish","hentry"],"_links":{"self":[{"href":"http:\/\/mix-formation.fr\/index.php\/wp-json\/wp\/v2\/pages\/424","targetHints":{"allow":["GET"]}}],"collection":[{"href":"http:\/\/mix-formation.fr\/index.php\/wp-json\/wp\/v2\/pages"}],"about":[{"href":"http:\/\/mix-formation.fr\/index.php\/wp-json\/wp\/v2\/types\/page"}],"author":[{"embeddable":true,"href":"http:\/\/mix-formation.fr\/index.php\/wp-json\/wp\/v2\/users\/1"}],"replies":[{"embeddable":true,"href":"http:\/\/mix-formation.fr\/index.php\/wp-json\/wp\/v2\/comments?post=424"}],"version-history":[{"count":1,"href":"http:\/\/mix-formation.fr\/index.php\/wp-json\/wp\/v2\/pages\/424\/revisions"}],"predecessor-version":[{"id":425,"href":"http:\/\/mix-formation.fr\/index.php\/wp-json\/wp\/v2\/pages\/424\/revisions\/425"}],"wp:attachment":[{"href":"http:\/\/mix-formation.fr\/index.php\/wp-json\/wp\/v2\/media?parent=424"}],"curies":[{"name":"wp","href":"https:\/\/api.w.org\/{rel}","templated":true}]}}