{"id":422,"date":"2021-03-04T19:17:06","date_gmt":"2021-03-04T18:17:06","guid":{"rendered":"http:\/\/mix-formation.fr\/?page_id=422"},"modified":"2021-03-04T19:17:07","modified_gmt":"2021-03-04T18:17:07","slug":"situation-23","status":"publish","type":"page","link":"http:\/\/mix-formation.fr\/index.php\/situation-23\/","title":{"rendered":"Situation 23"},"content":{"rendered":"<div itemprop = 'articleBody'>\n<p>Monsieur R. 57 ans mesurant 1,84 et 127 Kgs, de forte personnalit\u00e9 ayant un handicap suite \u00e0 un AVC qui a entra\u00een\u00e9 comme s\u00e9quelles :<\/p>\n\n\n\n<p>\u00d8&nbsp; Une paralysie avec mobilit\u00e9 r\u00e9duite du c\u00f4t\u00e9 droit du corps (Personne droiti\u00e8re) (Bras droit et membre inf\u00e9rieur droit paralys\u00e9 \u00e0 80% avec mobilit\u00e9 tr\u00e8s r\u00e9duite)<\/p>\n\n\n\n<p>\u00d8&nbsp; Perte de vision totale de l\u2019\u0153il droit.<\/p>\n\n\n\n<p>\u00d8&nbsp; Acouph\u00e8nes persistants (pouvant occasionner des maux de t\u00eate importants, avec migraines, entra\u00eenant&nbsp; une irritabilit\u00e9 et des sauts d\u2019humeur)<\/p>\n\n\n\n<p>\u00d8&nbsp; Difficult\u00e9s de compr\u00e9hension et de communication<\/p>\n\n\n\n<p>Il vit dans un petit&nbsp; appartement tr\u00e8s mal \u00e9quip\u00e9 et encombr\u00e9.<\/p>\n\n\n\n<p>Il est dans sa chambre encombr\u00e9e (Table de chevet, armoire, petite biblioth\u00e8que en t\u00eate de lit) espaces r\u00e9duit avec, n\u2019ayant pas de lit m\u00e9dicalis\u00e9. Acc\u00e8s seulement du c\u00f4t\u00e9 droit du lit (qui est coll\u00e9 au mur du c\u00f4t\u00e9 gauche)<\/p>\n\n\n\n<p>Il est alit\u00e9 et doit \u00eatre lev\u00e9 pour sa toilette pour ensuite passer au PDJ.<\/p>\n\n\n\n<p>L\u2019Assistante aux soins doit faire aider Me R. \u00e0 se lever faire pour aller \u00e0 la SDB (Petite sans douche)<\/p>\n\n\n\n<p>Canne anglaise c\u00f4t\u00e9 droit.<\/p>\n\n\n\n<p>Pour acc\u00e9der \u00e0 la salle de bain, l&#8217;ouverture de porte est de 70 cm, et dans la chambre, plusieurs c\u00e2bles d\u2019alimentation traversent la pi\u00e8ce et g\u00eanent au passage.<\/p>\n<\/div>","protected":false},"excerpt":{"rendered":"<p>Monsieur R. 57 ans mesurant 1,84 et 127 Kgs, de forte personnalit\u00e9 ayant un handicap suite \u00e0 un AVC qui a entra\u00een\u00e9 comme s\u00e9quelles : \u00d8&nbsp; Une paralysie avec mobilit\u00e9 r\u00e9duite du c\u00f4t\u00e9 droit du corps (Personne droiti\u00e8re) (Bras droit et membre inf\u00e9rieur droit paralys\u00e9 \u00e0 80% avec mobilit\u00e9 tr\u00e8s r\u00e9duite) \u00d8&nbsp; Perte de vision [&hellip;]<\/p>\n","protected":false},"author":1,"featured_media":0,"parent":0,"menu_order":0,"comment_status":"closed","ping_status":"closed","template":"","meta":{"footnotes":""},"class_list":["post-422","page","type-page","status-publish","hentry"],"_links":{"self":[{"href":"http:\/\/mix-formation.fr\/index.php\/wp-json\/wp\/v2\/pages\/422","targetHints":{"allow":["GET"]}}],"collection":[{"href":"http:\/\/mix-formation.fr\/index.php\/wp-json\/wp\/v2\/pages"}],"about":[{"href":"http:\/\/mix-formation.fr\/index.php\/wp-json\/wp\/v2\/types\/page"}],"author":[{"embeddable":true,"href":"http:\/\/mix-formation.fr\/index.php\/wp-json\/wp\/v2\/users\/1"}],"replies":[{"embeddable":true,"href":"http:\/\/mix-formation.fr\/index.php\/wp-json\/wp\/v2\/comments?post=422"}],"version-history":[{"count":1,"href":"http:\/\/mix-formation.fr\/index.php\/wp-json\/wp\/v2\/pages\/422\/revisions"}],"predecessor-version":[{"id":423,"href":"http:\/\/mix-formation.fr\/index.php\/wp-json\/wp\/v2\/pages\/422\/revisions\/423"}],"wp:attachment":[{"href":"http:\/\/mix-formation.fr\/index.php\/wp-json\/wp\/v2\/media?parent=422"}],"curies":[{"name":"wp","href":"https:\/\/api.w.org\/{rel}","templated":true}]}}