{"id":416,"date":"2021-03-04T19:13:37","date_gmt":"2021-03-04T18:13:37","guid":{"rendered":"http:\/\/mix-formation.fr\/?page_id=416"},"modified":"2021-06-25T13:31:21","modified_gmt":"2021-06-25T12:31:21","slug":"situation-21","status":"publish","type":"page","link":"http:\/\/mix-formation.fr\/index.php\/situation-21\/","title":{"rendered":"Situation 21"},"content":{"rendered":"<div itemprop = 'articleBody'>\n<p>M. jigoth, Alzheimer de 81 ans, 75 kg, est retrouv\u00e9 errant dans la chambre de sa voisine de couloir. Il est pieds nus en pyjama \u00e0 3h30 du matin. Sa voisine dort et la lumi\u00e8re est \u00e9teinte.<\/p>\n\n\n\n<p>D\u00e9sorient\u00e9, il peut \u00eatre agressif si on le braque. Il faut le remettre au lit. Il marche bien mais a besoin d\u2019\u00eatre guid\u00e9 jusqu\u2019\u00e0 son lit et recouch\u00e9.<\/p>\n\n\n\n<p>Il veut ses chaussons pour marcher<\/p>\n<\/div>","protected":false},"excerpt":{"rendered":"<p>M. jigoth, Alzheimer de 81 ans, 75 kg, est retrouv\u00e9 errant dans la chambre de sa voisine de couloir. Il est pieds nus en pyjama \u00e0 3h30 du matin. Sa voisine dort et la lumi\u00e8re est \u00e9teinte. D\u00e9sorient\u00e9, il peut \u00eatre agressif si on le braque. Il faut le remettre au lit. Il marche bien [&hellip;]<\/p>\n","protected":false},"author":1,"featured_media":0,"parent":0,"menu_order":0,"comment_status":"closed","ping_status":"closed","template":"","meta":{"footnotes":""},"class_list":["post-416","page","type-page","status-publish","hentry"],"_links":{"self":[{"href":"http:\/\/mix-formation.fr\/index.php\/wp-json\/wp\/v2\/pages\/416","targetHints":{"allow":["GET"]}}],"collection":[{"href":"http:\/\/mix-formation.fr\/index.php\/wp-json\/wp\/v2\/pages"}],"about":[{"href":"http:\/\/mix-formation.fr\/index.php\/wp-json\/wp\/v2\/types\/page"}],"author":[{"embeddable":true,"href":"http:\/\/mix-formation.fr\/index.php\/wp-json\/wp\/v2\/users\/1"}],"replies":[{"embeddable":true,"href":"http:\/\/mix-formation.fr\/index.php\/wp-json\/wp\/v2\/comments?post=416"}],"version-history":[{"count":3,"href":"http:\/\/mix-formation.fr\/index.php\/wp-json\/wp\/v2\/pages\/416\/revisions"}],"predecessor-version":[{"id":1463,"href":"http:\/\/mix-formation.fr\/index.php\/wp-json\/wp\/v2\/pages\/416\/revisions\/1463"}],"wp:attachment":[{"href":"http:\/\/mix-formation.fr\/index.php\/wp-json\/wp\/v2\/media?parent=416"}],"curies":[{"name":"wp","href":"https:\/\/api.w.org\/{rel}","templated":true}]}}