{"id":414,"date":"2021-03-04T19:12:39","date_gmt":"2021-03-04T18:12:39","guid":{"rendered":"http:\/\/mix-formation.fr\/?page_id=414"},"modified":"2021-06-25T13:27:40","modified_gmt":"2021-06-25T12:27:40","slug":"situation-201","status":"publish","type":"page","link":"http:\/\/mix-formation.fr\/index.php\/situation-201\/","title":{"rendered":"Situation 201"},"content":{"rendered":"<div itemprop = 'articleBody'>\n<p>Mme Spasme est une dame de 72 ans parkinsonienne de 47 kg. Elle appelle \u00e0 l\u2019aide. Vous la retrouvez \u00e0 15h sur les toilettes. Elle n\u2019arrive pas \u00e0 se relever et sa jambe droite tremble beaucoup et lui fait mal. Elle pense s\u2019\u00eatre assoupie et n\u2019a plus la notion du temps. Sa canne est au sol pr\u00e8s d\u2019elle.<\/p>\n\n\n\n<p>Son cachet de Simenet de 14H est encore dans le pilulier. Elle demande que vous l\u2019aidiez \u00e0 retourner \u00e0 son fauteuil mais elle semble tr\u00e8s fatigu\u00e9e et serait mieux allong\u00e9e dans son lit.<\/p>\n\n\n\n<p>Elle veut absolument marcher<\/p>\n\n\n\n<p><\/p>\n<\/div>","protected":false},"excerpt":{"rendered":"<p>Mme Spasme est une dame de 72 ans parkinsonienne de 47 kg. Elle appelle \u00e0 l\u2019aide. Vous la retrouvez \u00e0 15h sur les toilettes. Elle n\u2019arrive pas \u00e0 se relever et sa jambe droite tremble beaucoup et lui fait mal. Elle pense s\u2019\u00eatre assoupie et n\u2019a plus la notion du temps. Sa canne est au [&hellip;]<\/p>\n","protected":false},"author":1,"featured_media":0,"parent":0,"menu_order":0,"comment_status":"closed","ping_status":"closed","template":"","meta":{"footnotes":""},"class_list":["post-414","page","type-page","status-publish","hentry"],"_links":{"self":[{"href":"http:\/\/mix-formation.fr\/index.php\/wp-json\/wp\/v2\/pages\/414","targetHints":{"allow":["GET"]}}],"collection":[{"href":"http:\/\/mix-formation.fr\/index.php\/wp-json\/wp\/v2\/pages"}],"about":[{"href":"http:\/\/mix-formation.fr\/index.php\/wp-json\/wp\/v2\/types\/page"}],"author":[{"embeddable":true,"href":"http:\/\/mix-formation.fr\/index.php\/wp-json\/wp\/v2\/users\/1"}],"replies":[{"embeddable":true,"href":"http:\/\/mix-formation.fr\/index.php\/wp-json\/wp\/v2\/comments?post=414"}],"version-history":[{"count":2,"href":"http:\/\/mix-formation.fr\/index.php\/wp-json\/wp\/v2\/pages\/414\/revisions"}],"predecessor-version":[{"id":1459,"href":"http:\/\/mix-formation.fr\/index.php\/wp-json\/wp\/v2\/pages\/414\/revisions\/1459"}],"wp:attachment":[{"href":"http:\/\/mix-formation.fr\/index.php\/wp-json\/wp\/v2\/media?parent=414"}],"curies":[{"name":"wp","href":"https:\/\/api.w.org\/{rel}","templated":true}]}}