{"id":410,"date":"2021-03-04T19:10:46","date_gmt":"2021-03-04T18:10:46","guid":{"rendered":"http:\/\/mix-formation.fr\/?page_id=410"},"modified":"2021-06-25T13:27:24","modified_gmt":"2021-06-25T12:27:24","slug":"situation-191","status":"publish","type":"page","link":"http:\/\/mix-formation.fr\/index.php\/situation-191\/","title":{"rendered":"Situation 191"},"content":{"rendered":"<div itemprop = 'articleBody'>\n<p>Mme Pill, \u00e9pileptique de 76 ans, 52 kg, appelle \u00e0 l\u2019aide dans le couloir. Elle est tomb\u00e9e de son fauteuil roulant en allant au r\u00e9fectoire. Elle a perdu ses chaussures dans la chute et son sac \u00e0 main, qu\u2019elle garde toujours sur ses genoux lors de ses d\u00e9placements en fauteuil s\u2019est ouvert et s\u2019est renvers\u00e9 sur le sol. Elle utilise toujours le fauteuil pour les d\u00e9placements de plus de 10m mais est capable de marcher sur quelques pas. Elle veut qu\u2019on la rel\u00e8ve pour aller d\u00e9jeuner car il est d\u00e9j\u00e0 12h15 !<\/p>\n\n\n\n<p>Elle n\u2019aime pas le verticalisateur<\/p>\n\n\n\n<p><\/p>\n<\/div>","protected":false},"excerpt":{"rendered":"<p>Mme Pill, \u00e9pileptique de 76 ans, 52 kg, appelle \u00e0 l\u2019aide dans le couloir. Elle est tomb\u00e9e de son fauteuil roulant en allant au r\u00e9fectoire. Elle a perdu ses chaussures dans la chute et son sac \u00e0 main, qu\u2019elle garde toujours sur ses genoux lors de ses d\u00e9placements en fauteuil s\u2019est ouvert et s\u2019est renvers\u00e9 [&hellip;]<\/p>\n","protected":false},"author":1,"featured_media":0,"parent":0,"menu_order":0,"comment_status":"closed","ping_status":"closed","template":"","meta":{"footnotes":""},"class_list":["post-410","page","type-page","status-publish","hentry"],"_links":{"self":[{"href":"http:\/\/mix-formation.fr\/index.php\/wp-json\/wp\/v2\/pages\/410","targetHints":{"allow":["GET"]}}],"collection":[{"href":"http:\/\/mix-formation.fr\/index.php\/wp-json\/wp\/v2\/pages"}],"about":[{"href":"http:\/\/mix-formation.fr\/index.php\/wp-json\/wp\/v2\/types\/page"}],"author":[{"embeddable":true,"href":"http:\/\/mix-formation.fr\/index.php\/wp-json\/wp\/v2\/users\/1"}],"replies":[{"embeddable":true,"href":"http:\/\/mix-formation.fr\/index.php\/wp-json\/wp\/v2\/comments?post=410"}],"version-history":[{"count":2,"href":"http:\/\/mix-formation.fr\/index.php\/wp-json\/wp\/v2\/pages\/410\/revisions"}],"predecessor-version":[{"id":1457,"href":"http:\/\/mix-formation.fr\/index.php\/wp-json\/wp\/v2\/pages\/410\/revisions\/1457"}],"wp:attachment":[{"href":"http:\/\/mix-formation.fr\/index.php\/wp-json\/wp\/v2\/media?parent=410"}],"curies":[{"name":"wp","href":"https:\/\/api.w.org\/{rel}","templated":true}]}}