{"id":405,"date":"2021-03-04T19:08:36","date_gmt":"2021-03-04T18:08:36","guid":{"rendered":"http:\/\/mix-formation.fr\/?page_id=405"},"modified":"2021-03-04T19:08:37","modified_gmt":"2021-03-04T18:08:37","slug":"situation-18","status":"publish","type":"page","link":"http:\/\/mix-formation.fr\/index.php\/situation-18\/","title":{"rendered":"Situation 18"},"content":{"rendered":"<div itemprop = 'articleBody'>\n<p>Mr P., 40 ans, a eu un AVC. Il mesure 1,70 m et p\u00e8se 100kg.<\/p>\n\n\n\n<p>Il pr\u00e9sente une h\u00e9mipar\u00e9sie droite : il parvient \u00e0 se mettre debout et prendre appui sur ses 2 jambes. Il n\u2019a pas de capacit\u00e9s motrices avec son bras droit. Il pr\u00e9sente une aphasie : il est en mesure de dire \u00ab oui \u00bb et \u00ab non \u00bb seulement. Il utilise depuis peu de temps son fauteuil roulant manuel pour se d\u00e9placer. Il dispose d\u2019une rampe d\u2019appui \u00e0 la sortie du lit.<\/p>\n\n\n\n<p>Originaire de Roumanie, il n\u2019accepte pas d\u2019\u00eatre touch\u00e9 par une autre personne que sa femme au vu de sa culture de vie. Sa femme est absente pour la journ\u00e9e.<\/p>\n\n\n\n<p>Angoiss\u00e9, il est n\u00e9cessaire que vous le guidiez dans son transfert jusqu\u2019\u00e0 son fauteuil. Ci-dessous, vous trouverez un plan de sa chambre.<\/p>\n\n\n\n<figure class=\"wp-block-image size-large\"><img loading=\"lazy\" decoding=\"async\" width=\"1024\" height=\"1024\" src=\"http:\/\/mix-formation.fr\/wp-content\/uploads\/2021\/03\/image-5-1024x1024.png\" alt=\"\" class=\"wp-image-406\" srcset=\"http:\/\/mix-formation.fr\/wp-content\/uploads\/2021\/03\/image-5-1024x1024.png 1024w, http:\/\/mix-formation.fr\/wp-content\/uploads\/2021\/03\/image-5-300x300.png 300w, http:\/\/mix-formation.fr\/wp-content\/uploads\/2021\/03\/image-5-100x100.png 100w, http:\/\/mix-formation.fr\/wp-content\/uploads\/2021\/03\/image-5-150x150.png 150w, http:\/\/mix-formation.fr\/wp-content\/uploads\/2021\/03\/image-5-1536x1536.png 1536w, http:\/\/mix-formation.fr\/wp-content\/uploads\/2021\/03\/image-5-2048x2048.png 2048w\" sizes=\"auto, (max-width: 1024px) 100vw, 1024px\" \/><\/figure>\n<\/div>","protected":false},"excerpt":{"rendered":"<p>Mr P., 40 ans, a eu un AVC. Il mesure 1,70 m et p\u00e8se 100kg. Il pr\u00e9sente une h\u00e9mipar\u00e9sie droite : il parvient \u00e0 se mettre debout et prendre appui sur ses 2 jambes. Il n\u2019a pas de capacit\u00e9s motrices avec son bras droit. Il pr\u00e9sente une aphasie : il est en mesure de dire [&hellip;]<\/p>\n","protected":false},"author":1,"featured_media":0,"parent":0,"menu_order":0,"comment_status":"closed","ping_status":"closed","template":"","meta":{"footnotes":""},"class_list":["post-405","page","type-page","status-publish","hentry"],"_links":{"self":[{"href":"http:\/\/mix-formation.fr\/index.php\/wp-json\/wp\/v2\/pages\/405","targetHints":{"allow":["GET"]}}],"collection":[{"href":"http:\/\/mix-formation.fr\/index.php\/wp-json\/wp\/v2\/pages"}],"about":[{"href":"http:\/\/mix-formation.fr\/index.php\/wp-json\/wp\/v2\/types\/page"}],"author":[{"embeddable":true,"href":"http:\/\/mix-formation.fr\/index.php\/wp-json\/wp\/v2\/users\/1"}],"replies":[{"embeddable":true,"href":"http:\/\/mix-formation.fr\/index.php\/wp-json\/wp\/v2\/comments?post=405"}],"version-history":[{"count":1,"href":"http:\/\/mix-formation.fr\/index.php\/wp-json\/wp\/v2\/pages\/405\/revisions"}],"predecessor-version":[{"id":407,"href":"http:\/\/mix-formation.fr\/index.php\/wp-json\/wp\/v2\/pages\/405\/revisions\/407"}],"wp:attachment":[{"href":"http:\/\/mix-formation.fr\/index.php\/wp-json\/wp\/v2\/media?parent=405"}],"curies":[{"name":"wp","href":"https:\/\/api.w.org\/{rel}","templated":true}]}}