{"id":403,"date":"2021-03-04T19:07:29","date_gmt":"2021-03-04T18:07:29","guid":{"rendered":"http:\/\/mix-formation.fr\/?page_id=403"},"modified":"2021-03-04T19:07:30","modified_gmt":"2021-03-04T18:07:30","slug":"situation-17","status":"publish","type":"page","link":"http:\/\/mix-formation.fr\/index.php\/situation-17\/","title":{"rendered":"Situation 17"},"content":{"rendered":"<div itemprop = 'articleBody'>\n<p>K., jeune homme en situation de polyhandicap, a 14 ans. Il p\u00e8se 30 kg et pr\u00e9sente de nombreux mouvements involontaires et est hypotonique. Il communique difficilement. Il est dans un IEM o\u00f9 il est toujours install\u00e9 dans une chaise de douche pour aller sur les WC. Il est install\u00e9 dans un fauteuil roulant avec si\u00e8ge moul\u00e9 avec une ceinture de maintien pour \u00e9viter qu\u2019il ne glisse de son fauteuil.&nbsp;&nbsp;<\/p>\n\n\n\n<p>La structure dispose d\u2019un rail dans les WC et d\u2019un soul\u00e8ve-personne ch\u00e2ssis main.<\/p>\n\n\n\n<p>Il vous indique qu\u2019il veut aller aux WC.\u00a0<\/p>\n\n\n\n<p><\/p>\n<\/div>","protected":false},"excerpt":{"rendered":"<p>K., jeune homme en situation de polyhandicap, a 14 ans. Il p\u00e8se 30 kg et pr\u00e9sente de nombreux mouvements involontaires et est hypotonique. Il communique difficilement. Il est dans un IEM o\u00f9 il est toujours install\u00e9 dans une chaise de douche pour aller sur les WC. Il est install\u00e9 dans un fauteuil roulant avec si\u00e8ge [&hellip;]<\/p>\n","protected":false},"author":1,"featured_media":0,"parent":0,"menu_order":0,"comment_status":"closed","ping_status":"closed","template":"","meta":{"footnotes":""},"class_list":["post-403","page","type-page","status-publish","hentry"],"_links":{"self":[{"href":"http:\/\/mix-formation.fr\/index.php\/wp-json\/wp\/v2\/pages\/403","targetHints":{"allow":["GET"]}}],"collection":[{"href":"http:\/\/mix-formation.fr\/index.php\/wp-json\/wp\/v2\/pages"}],"about":[{"href":"http:\/\/mix-formation.fr\/index.php\/wp-json\/wp\/v2\/types\/page"}],"author":[{"embeddable":true,"href":"http:\/\/mix-formation.fr\/index.php\/wp-json\/wp\/v2\/users\/1"}],"replies":[{"embeddable":true,"href":"http:\/\/mix-formation.fr\/index.php\/wp-json\/wp\/v2\/comments?post=403"}],"version-history":[{"count":1,"href":"http:\/\/mix-formation.fr\/index.php\/wp-json\/wp\/v2\/pages\/403\/revisions"}],"predecessor-version":[{"id":404,"href":"http:\/\/mix-formation.fr\/index.php\/wp-json\/wp\/v2\/pages\/403\/revisions\/404"}],"wp:attachment":[{"href":"http:\/\/mix-formation.fr\/index.php\/wp-json\/wp\/v2\/media?parent=403"}],"curies":[{"name":"wp","href":"https:\/\/api.w.org\/{rel}","templated":true}]}}