{"id":397,"date":"2021-03-04T19:03:15","date_gmt":"2021-03-04T18:03:15","guid":{"rendered":"http:\/\/mix-formation.fr\/?page_id=397"},"modified":"2021-06-25T13:19:02","modified_gmt":"2021-06-25T12:19:02","slug":"situation-14","status":"publish","type":"page","link":"http:\/\/mix-formation.fr\/index.php\/situation-14\/","title":{"rendered":"Situation 14"},"content":{"rendered":"<div class=\"wpb-content-wrapper\"><div itemprop = 'articleBody'>[vc_row][vc_column][vc_column_text]<p><\/p>\n<p style=\"text-align: center;\">Nous sommes dans 1 IEM dans la salle de snoezelen.<\/p>\n<p style=\"text-align: center;\"><\/p>\n<p style=\"text-align: center;\"><\/p>\n<p style=\"text-align: center;\">K est une jeune fille de 12 ans, quadripl\u00e9gique spastique. Elle ne peut utiliser volontairement ses 4 membres. Sa s\u00e9ance est termin\u00e9e. Elle est sur le matelas \u00e0 eau et vous devez l\u2019installer dans son si\u00e8ge moul\u00e9.<\/p>\n<p><\/p>\n<p><\/p>\n<p><\/p>[\/vc_column_text][\/vc_column][\/vc_row]<\/div><\/div>","protected":false},"excerpt":{"rendered":"<p>[vc_row][vc_column][vc_column_text] Nous sommes dans 1 IEM dans la salle de snoezelen. K est une jeune fille de 12 ans, quadripl\u00e9gique spastique. Elle ne peut utiliser volontairement ses 4 membres. Sa s\u00e9ance est termin\u00e9e. Elle est sur le matelas \u00e0 eau et vous devez l\u2019installer dans son si\u00e8ge moul\u00e9. [\/vc_column_text][\/vc_column][\/vc_row]<\/p>\n","protected":false},"author":1,"featured_media":0,"parent":0,"menu_order":0,"comment_status":"closed","ping_status":"closed","template":"","meta":{"footnotes":""},"class_list":["post-397","page","type-page","status-publish","hentry"],"_links":{"self":[{"href":"http:\/\/mix-formation.fr\/index.php\/wp-json\/wp\/v2\/pages\/397","targetHints":{"allow":["GET"]}}],"collection":[{"href":"http:\/\/mix-formation.fr\/index.php\/wp-json\/wp\/v2\/pages"}],"about":[{"href":"http:\/\/mix-formation.fr\/index.php\/wp-json\/wp\/v2\/types\/page"}],"author":[{"embeddable":true,"href":"http:\/\/mix-formation.fr\/index.php\/wp-json\/wp\/v2\/users\/1"}],"replies":[{"embeddable":true,"href":"http:\/\/mix-formation.fr\/index.php\/wp-json\/wp\/v2\/comments?post=397"}],"version-history":[{"count":2,"href":"http:\/\/mix-formation.fr\/index.php\/wp-json\/wp\/v2\/pages\/397\/revisions"}],"predecessor-version":[{"id":1448,"href":"http:\/\/mix-formation.fr\/index.php\/wp-json\/wp\/v2\/pages\/397\/revisions\/1448"}],"wp:attachment":[{"href":"http:\/\/mix-formation.fr\/index.php\/wp-json\/wp\/v2\/media?parent=397"}],"curies":[{"name":"wp","href":"https:\/\/api.w.org\/{rel}","templated":true}]}}