{"id":395,"date":"2021-03-04T19:02:08","date_gmt":"2021-03-04T18:02:08","guid":{"rendered":"http:\/\/mix-formation.fr\/?page_id=395"},"modified":"2021-06-25T13:18:38","modified_gmt":"2021-06-25T12:18:38","slug":"situation-13","status":"publish","type":"page","link":"http:\/\/mix-formation.fr\/index.php\/situation-13\/","title":{"rendered":"Situation 13"},"content":{"rendered":"<div class=\"wpb-content-wrapper\"><div itemprop = 'articleBody'>[vc_row][vc_column][vc_column_text]<p><\/p>\n<p style=\"text-align: center;\">J est une jeune femme vivant dans une MAS. Un rail plafonnier ou un soul\u00e8ve personne est disponible dans chaque pi\u00e8ce de vie.<\/p>\n<p style=\"text-align: center;\"><\/p>\n<p style=\"text-align: center;\"><\/p>\n<p style=\"text-align: center;\">Elle est install\u00e9e dans un fauteuil roulant, avec si\u00e8ge coquille. L\u2019ensemble ne s\u2019incline pas.<\/p>\n<p style=\"text-align: center;\"><\/p>\n<p style=\"text-align: center;\"><\/p>\n<p style=\"text-align: center;\">Il est vendredi soir, vous vous appr\u00eatez \u00e0 quitter votre poste.<\/p>\n<p style=\"text-align: center;\"><\/p>\n<p style=\"text-align: center;\"><\/p>\n<p style=\"text-align: center;\">Lorsque vous traversez la salle commune, elle vous sollicite pour la r\u00e9installer au fond de son assise.<\/p>\n<p><\/p>\n<p><\/p>\n<p><\/p>[\/vc_column_text][\/vc_column][\/vc_row]<\/div><\/div>","protected":false},"excerpt":{"rendered":"<p>[vc_row][vc_column][vc_column_text] J est une jeune femme vivant dans une MAS. Un rail plafonnier ou un soul\u00e8ve personne est disponible dans chaque pi\u00e8ce de vie. Elle est install\u00e9e dans un fauteuil roulant, avec si\u00e8ge coquille. L\u2019ensemble ne s\u2019incline pas. Il est vendredi soir, vous vous appr\u00eatez \u00e0 quitter votre poste. Lorsque vous traversez la salle commune, [&hellip;]<\/p>\n","protected":false},"author":1,"featured_media":0,"parent":0,"menu_order":0,"comment_status":"closed","ping_status":"closed","template":"","meta":{"footnotes":""},"class_list":["post-395","page","type-page","status-publish","hentry"],"_links":{"self":[{"href":"http:\/\/mix-formation.fr\/index.php\/wp-json\/wp\/v2\/pages\/395","targetHints":{"allow":["GET"]}}],"collection":[{"href":"http:\/\/mix-formation.fr\/index.php\/wp-json\/wp\/v2\/pages"}],"about":[{"href":"http:\/\/mix-formation.fr\/index.php\/wp-json\/wp\/v2\/types\/page"}],"author":[{"embeddable":true,"href":"http:\/\/mix-formation.fr\/index.php\/wp-json\/wp\/v2\/users\/1"}],"replies":[{"embeddable":true,"href":"http:\/\/mix-formation.fr\/index.php\/wp-json\/wp\/v2\/comments?post=395"}],"version-history":[{"count":2,"href":"http:\/\/mix-formation.fr\/index.php\/wp-json\/wp\/v2\/pages\/395\/revisions"}],"predecessor-version":[{"id":1447,"href":"http:\/\/mix-formation.fr\/index.php\/wp-json\/wp\/v2\/pages\/395\/revisions\/1447"}],"wp:attachment":[{"href":"http:\/\/mix-formation.fr\/index.php\/wp-json\/wp\/v2\/media?parent=395"}],"curies":[{"name":"wp","href":"https:\/\/api.w.org\/{rel}","templated":true}]}}