{"id":385,"date":"2021-03-04T18:56:14","date_gmt":"2021-03-04T17:56:14","guid":{"rendered":"http:\/\/mix-formation.fr\/?page_id=385"},"modified":"2021-06-25T13:16:27","modified_gmt":"2021-06-25T12:16:27","slug":"situation-10","status":"publish","type":"page","link":"http:\/\/mix-formation.fr\/index.php\/situation-10\/","title":{"rendered":"Situation 10"},"content":{"rendered":"<div class=\"wpb-content-wrapper\"><div itemprop = 'articleBody'>[vc_row][vc_column][vc_column_text]<p><\/p>\n<p style=\"text-align: center;\">Mme D vit en EHPAD. Elle a 82 ans.<\/p>\n<p style=\"text-align: center;\"><\/p>\n<p style=\"text-align: center;\"><\/p>\n<p style=\"text-align: center;\">Elle est entr\u00e9e dans l\u2019\u00e9tablissement apr\u00e8s sa troisi\u00e8me chute.<\/p>\n<p style=\"text-align: center;\"><\/p>\n<p style=\"text-align: center;\"><\/p>\n<p style=\"text-align: center;\">Elle marche avec une canne anglaise et une tierce personne.<\/p>\n<p style=\"text-align: center;\"><\/p>\n<p style=\"text-align: center;\"><\/p>\n<p style=\"text-align: center;\">Mme D porte des lunettes et n\u2019entend pas tr\u00e8s bien. Mais elle n\u2019est pas appareill\u00e9e.<\/p>\n<p style=\"text-align: center;\"><\/p>\n<p style=\"text-align: center;\"><\/p>\n<p style=\"text-align: center;\">Aucun trouble cognitif n\u2019a \u00e9t\u00e9 d\u00e9cel\u00e9.<\/p>\n<p style=\"text-align: center;\"><\/p>\n<p style=\"text-align: center;\"><\/p>\n<p style=\"text-align: center;\">Mme D termine sa sieste au lit et c\u2019est l\u2019heure de l\u2019accompagner \u00e0 la salle collective pour le gouter.<\/p>\n<p><\/p>\n<p><\/p>\n<p><\/p>[\/vc_column_text][\/vc_column][\/vc_row]<\/div><\/div>","protected":false},"excerpt":{"rendered":"<p>[vc_row][vc_column][vc_column_text] Mme D vit en EHPAD. Elle a 82 ans. Elle est entr\u00e9e dans l\u2019\u00e9tablissement apr\u00e8s sa troisi\u00e8me chute. Elle marche avec une canne anglaise et une tierce personne. Mme D porte des lunettes et n\u2019entend pas tr\u00e8s bien. Mais elle n\u2019est pas appareill\u00e9e. Aucun trouble cognitif n\u2019a \u00e9t\u00e9 d\u00e9cel\u00e9. Mme D termine sa sieste [&hellip;]<\/p>\n","protected":false},"author":1,"featured_media":0,"parent":0,"menu_order":0,"comment_status":"closed","ping_status":"closed","template":"","meta":{"footnotes":""},"class_list":["post-385","page","type-page","status-publish","hentry"],"_links":{"self":[{"href":"http:\/\/mix-formation.fr\/index.php\/wp-json\/wp\/v2\/pages\/385","targetHints":{"allow":["GET"]}}],"collection":[{"href":"http:\/\/mix-formation.fr\/index.php\/wp-json\/wp\/v2\/pages"}],"about":[{"href":"http:\/\/mix-formation.fr\/index.php\/wp-json\/wp\/v2\/types\/page"}],"author":[{"embeddable":true,"href":"http:\/\/mix-formation.fr\/index.php\/wp-json\/wp\/v2\/users\/1"}],"replies":[{"embeddable":true,"href":"http:\/\/mix-formation.fr\/index.php\/wp-json\/wp\/v2\/comments?post=385"}],"version-history":[{"count":2,"href":"http:\/\/mix-formation.fr\/index.php\/wp-json\/wp\/v2\/pages\/385\/revisions"}],"predecessor-version":[{"id":1443,"href":"http:\/\/mix-formation.fr\/index.php\/wp-json\/wp\/v2\/pages\/385\/revisions\/1443"}],"wp:attachment":[{"href":"http:\/\/mix-formation.fr\/index.php\/wp-json\/wp\/v2\/media?parent=385"}],"curies":[{"name":"wp","href":"https:\/\/api.w.org\/{rel}","templated":true}]}}