{"id":382,"date":"2021-03-04T18:53:38","date_gmt":"2021-03-04T17:53:38","guid":{"rendered":"http:\/\/mix-formation.fr\/?page_id=382"},"modified":"2021-06-25T13:37:26","modified_gmt":"2021-06-25T12:37:26","slug":"situation-9","status":"publish","type":"page","link":"http:\/\/mix-formation.fr\/index.php\/situation-9\/","title":{"rendered":"Situation 9"},"content":{"rendered":"<div itemprop = 'articleBody'>\n<p>Bravo, vous avez choisi de vous occuper d\u2019un certain&nbsp;Tom C\u2026\u2026.<\/p>\n\n\n\n<p>GIR 2, 90 ans, 1,60m,&nbsp;90 kg, volontaire, pour lui rien n\u2019est impossible, mais il a des troubles cognitifs qui l\u2019emp\u00eachent de coordonner ses mouvements.<\/p>\n\n\n\n<p>Il ne parvient plus \u00e0 se recentrer de lui-m\u00eame,\u00a0peut redresser sa t\u00eate, s\u2019appuie sur ses coudes, et plie les genoux.<\/p>\n\n\n\n<p>Vous devez l&#8217;aider \u00e0 se d\u00e9placer vers l&#8217;autre c\u00f4t\u00e9 du lit ou \u00e0 se recentrer.<\/p>\n\n\n\n<figure class=\"wp-block-image size-large is-resized\"><img loading=\"lazy\" decoding=\"async\" src=\"http:\/\/mix-formation.fr\/wp-content\/uploads\/2021\/03\/image-4-1024x1024.png\" alt=\"\" class=\"wp-image-383\" width=\"353\" height=\"353\" srcset=\"http:\/\/mix-formation.fr\/wp-content\/uploads\/2021\/03\/image-4-1024x1024.png 1024w, http:\/\/mix-formation.fr\/wp-content\/uploads\/2021\/03\/image-4-300x300.png 300w, http:\/\/mix-formation.fr\/wp-content\/uploads\/2021\/03\/image-4-100x100.png 100w, http:\/\/mix-formation.fr\/wp-content\/uploads\/2021\/03\/image-4-150x150.png 150w, http:\/\/mix-formation.fr\/wp-content\/uploads\/2021\/03\/image-4-1536x1536.png 1536w, http:\/\/mix-formation.fr\/wp-content\/uploads\/2021\/03\/image-4-2048x2048.png 2048w\" sizes=\"auto, (max-width: 353px) 100vw, 353px\" \/><\/figure>\n<\/div>","protected":false},"excerpt":{"rendered":"<p>Bravo, vous avez choisi de vous occuper d\u2019un certain&nbsp;Tom C\u2026\u2026. GIR 2, 90 ans, 1,60m,&nbsp;90 kg, volontaire, pour lui rien n\u2019est impossible, mais il a des troubles cognitifs qui l\u2019emp\u00eachent de coordonner ses mouvements. Il ne parvient plus \u00e0 se recentrer de lui-m\u00eame,\u00a0peut redresser sa t\u00eate, s\u2019appuie sur ses coudes, et plie les genoux. Vous [&hellip;]<\/p>\n","protected":false},"author":1,"featured_media":0,"parent":0,"menu_order":0,"comment_status":"closed","ping_status":"closed","template":"","meta":{"footnotes":""},"class_list":["post-382","page","type-page","status-publish","hentry"],"_links":{"self":[{"href":"http:\/\/mix-formation.fr\/index.php\/wp-json\/wp\/v2\/pages\/382","targetHints":{"allow":["GET"]}}],"collection":[{"href":"http:\/\/mix-formation.fr\/index.php\/wp-json\/wp\/v2\/pages"}],"about":[{"href":"http:\/\/mix-formation.fr\/index.php\/wp-json\/wp\/v2\/types\/page"}],"author":[{"embeddable":true,"href":"http:\/\/mix-formation.fr\/index.php\/wp-json\/wp\/v2\/users\/1"}],"replies":[{"embeddable":true,"href":"http:\/\/mix-formation.fr\/index.php\/wp-json\/wp\/v2\/comments?post=382"}],"version-history":[{"count":3,"href":"http:\/\/mix-formation.fr\/index.php\/wp-json\/wp\/v2\/pages\/382\/revisions"}],"predecessor-version":[{"id":1468,"href":"http:\/\/mix-formation.fr\/index.php\/wp-json\/wp\/v2\/pages\/382\/revisions\/1468"}],"wp:attachment":[{"href":"http:\/\/mix-formation.fr\/index.php\/wp-json\/wp\/v2\/media?parent=382"}],"curies":[{"name":"wp","href":"https:\/\/api.w.org\/{rel}","templated":true}]}}