{"id":376,"date":"2021-03-04T18:48:58","date_gmt":"2021-03-04T17:48:58","guid":{"rendered":"http:\/\/mix-formation.fr\/?page_id=376"},"modified":"2021-03-04T18:48:59","modified_gmt":"2021-03-04T17:48:59","slug":"situation-7","status":"publish","type":"page","link":"http:\/\/mix-formation.fr\/index.php\/situation-7\/","title":{"rendered":"Situation 7"},"content":{"rendered":"<div itemprop = 'articleBody'>\n<p>Bravo, vous avez choisi de vous occuper d\u2019un certain Patrick B\u2026\u2026\u2026<\/p>\n\n\n\n<p>GIR 4, 90 ans,\u00a0 1,85m,\u00a0100 kg, il est press\u00e9 de se lever mais reste coop\u00e9rant.<\/p>\n\n\n\n<p>Il ne parvient plus \u00e0 se r\u00e9hausser de lui-m\u00eame, peut redresser sa t\u00eate, s\u2019appuie souvent sur ses coudes, et plie facilement les genoux.<\/p>\n\n\n\n<p>Vous devez l&#8217;aider au redressement assis debout.<\/p>\n\n\n\n<figure class=\"wp-block-image size-large\"><img loading=\"lazy\" decoding=\"async\" width=\"1024\" height=\"1024\" src=\"http:\/\/mix-formation.fr\/wp-content\/uploads\/2021\/03\/image-2-1024x1024.png\" alt=\"\" class=\"wp-image-377\" srcset=\"http:\/\/mix-formation.fr\/wp-content\/uploads\/2021\/03\/image-2-1024x1024.png 1024w, http:\/\/mix-formation.fr\/wp-content\/uploads\/2021\/03\/image-2-300x300.png 300w, http:\/\/mix-formation.fr\/wp-content\/uploads\/2021\/03\/image-2-100x100.png 100w, http:\/\/mix-formation.fr\/wp-content\/uploads\/2021\/03\/image-2-600x600.png 600w, http:\/\/mix-formation.fr\/wp-content\/uploads\/2021\/03\/image-2-150x150.png 150w, http:\/\/mix-formation.fr\/wp-content\/uploads\/2021\/03\/image-2-768x768.png 768w, http:\/\/mix-formation.fr\/wp-content\/uploads\/2021\/03\/image-2-1536x1536.png 1536w, http:\/\/mix-formation.fr\/wp-content\/uploads\/2021\/03\/image-2-2048x2048.png 2048w, http:\/\/mix-formation.fr\/wp-content\/uploads\/2021\/03\/image-2.png 303w\" sizes=\"auto, (max-width: 1024px) 100vw, 1024px\" \/><\/figure>\n<\/div>","protected":false},"excerpt":{"rendered":"<p>Bravo, vous avez choisi de vous occuper d\u2019un certain Patrick B\u2026\u2026\u2026 GIR 4, 90 ans,\u00a0 1,85m,\u00a0100 kg, il est press\u00e9 de se lever mais reste coop\u00e9rant. Il ne parvient plus \u00e0 se r\u00e9hausser de lui-m\u00eame, peut redresser sa t\u00eate, s\u2019appuie souvent sur ses coudes, et plie facilement les genoux. Vous devez l&#8217;aider au redressement assis [&hellip;]<\/p>\n","protected":false},"author":1,"featured_media":0,"parent":0,"menu_order":0,"comment_status":"closed","ping_status":"closed","template":"","meta":{"footnotes":""},"class_list":["post-376","page","type-page","status-publish","hentry"],"_links":{"self":[{"href":"http:\/\/mix-formation.fr\/index.php\/wp-json\/wp\/v2\/pages\/376","targetHints":{"allow":["GET"]}}],"collection":[{"href":"http:\/\/mix-formation.fr\/index.php\/wp-json\/wp\/v2\/pages"}],"about":[{"href":"http:\/\/mix-formation.fr\/index.php\/wp-json\/wp\/v2\/types\/page"}],"author":[{"embeddable":true,"href":"http:\/\/mix-formation.fr\/index.php\/wp-json\/wp\/v2\/users\/1"}],"replies":[{"embeddable":true,"href":"http:\/\/mix-formation.fr\/index.php\/wp-json\/wp\/v2\/comments?post=376"}],"version-history":[{"count":1,"href":"http:\/\/mix-formation.fr\/index.php\/wp-json\/wp\/v2\/pages\/376\/revisions"}],"predecessor-version":[{"id":378,"href":"http:\/\/mix-formation.fr\/index.php\/wp-json\/wp\/v2\/pages\/376\/revisions\/378"}],"wp:attachment":[{"href":"http:\/\/mix-formation.fr\/index.php\/wp-json\/wp\/v2\/media?parent=376"}],"curies":[{"name":"wp","href":"https:\/\/api.w.org\/{rel}","templated":true}]}}