{"id":373,"date":"2021-03-04T18:44:49","date_gmt":"2021-03-04T17:44:49","guid":{"rendered":"http:\/\/mix-formation.fr\/?page_id=373"},"modified":"2021-03-04T18:44:50","modified_gmt":"2021-03-04T17:44:50","slug":"situation-6","status":"publish","type":"page","link":"http:\/\/mix-formation.fr\/index.php\/situation-6\/","title":{"rendered":"Situation 6"},"content":{"rendered":"<div itemprop = 'articleBody'>\n<p>Bravo, vous avez choisi de vous occuper d\u2019un certain\u00a0George Clo\u2026\u2026.<\/p>\n\n\n\n<p>GIR 3, 95 ans,\u00a0 1.75m, 90 kg, calme, il sourit et vous propose un caf\u00e9.<\/p>\n\n\n\n<p>Force et r\u00e9sistance moyennes, stabilit\u00e9 faible.<\/p>\n\n\n\n<p>Il faut l\u2019aider \u00e0 se rehausser vers le haut du lit\u00a0car il ne parvient plus \u00e0 se r\u00e9hausser de lui-m\u00eame.\u00a0 Il peut redresser sa t\u00eate, s\u2019appuie souvent sur ses coudes, et plie facilement les genoux.<\/p>\n\n\n\n<figure class=\"wp-block-image size-large\"><img loading=\"lazy\" decoding=\"async\" width=\"1024\" height=\"1024\" src=\"http:\/\/mix-formation.fr\/wp-content\/uploads\/2021\/03\/image-1-1024x1024.png\" alt=\"\" class=\"wp-image-374\" srcset=\"http:\/\/mix-formation.fr\/wp-content\/uploads\/2021\/03\/image-1-1024x1024.png 1024w, http:\/\/mix-formation.fr\/wp-content\/uploads\/2021\/03\/image-1-300x300.png 300w, http:\/\/mix-formation.fr\/wp-content\/uploads\/2021\/03\/image-1-100x100.png 100w, http:\/\/mix-formation.fr\/wp-content\/uploads\/2021\/03\/image-1-150x150.png 150w, http:\/\/mix-formation.fr\/wp-content\/uploads\/2021\/03\/image-1-1536x1536.png 1536w, http:\/\/mix-formation.fr\/wp-content\/uploads\/2021\/03\/image-1-2048x2048.png 2048w\" sizes=\"auto, (max-width: 1024px) 100vw, 1024px\" \/><\/figure>\n<\/div>","protected":false},"excerpt":{"rendered":"<p>Bravo, vous avez choisi de vous occuper d\u2019un certain\u00a0George Clo\u2026\u2026. GIR 3, 95 ans,\u00a0 1.75m, 90 kg, calme, il sourit et vous propose un caf\u00e9. Force et r\u00e9sistance moyennes, stabilit\u00e9 faible. Il faut l\u2019aider \u00e0 se rehausser vers le haut du lit\u00a0car il ne parvient plus \u00e0 se r\u00e9hausser de lui-m\u00eame.\u00a0 Il peut redresser sa [&hellip;]<\/p>\n","protected":false},"author":1,"featured_media":0,"parent":0,"menu_order":0,"comment_status":"closed","ping_status":"closed","template":"","meta":{"footnotes":""},"class_list":["post-373","page","type-page","status-publish","hentry"],"_links":{"self":[{"href":"http:\/\/mix-formation.fr\/index.php\/wp-json\/wp\/v2\/pages\/373","targetHints":{"allow":["GET"]}}],"collection":[{"href":"http:\/\/mix-formation.fr\/index.php\/wp-json\/wp\/v2\/pages"}],"about":[{"href":"http:\/\/mix-formation.fr\/index.php\/wp-json\/wp\/v2\/types\/page"}],"author":[{"embeddable":true,"href":"http:\/\/mix-formation.fr\/index.php\/wp-json\/wp\/v2\/users\/1"}],"replies":[{"embeddable":true,"href":"http:\/\/mix-formation.fr\/index.php\/wp-json\/wp\/v2\/comments?post=373"}],"version-history":[{"count":1,"href":"http:\/\/mix-formation.fr\/index.php\/wp-json\/wp\/v2\/pages\/373\/revisions"}],"predecessor-version":[{"id":375,"href":"http:\/\/mix-formation.fr\/index.php\/wp-json\/wp\/v2\/pages\/373\/revisions\/375"}],"wp:attachment":[{"href":"http:\/\/mix-formation.fr\/index.php\/wp-json\/wp\/v2\/media?parent=373"}],"curies":[{"name":"wp","href":"https:\/\/api.w.org\/{rel}","templated":true}]}}