{"id":370,"date":"2021-03-04T18:41:47","date_gmt":"2021-03-04T17:41:47","guid":{"rendered":"http:\/\/mix-formation.fr\/?page_id=370"},"modified":"2021-06-25T13:15:10","modified_gmt":"2021-06-25T12:15:10","slug":"situation-5","status":"publish","type":"page","link":"http:\/\/mix-formation.fr\/index.php\/situation-5\/","title":{"rendered":"Situation 5"},"content":{"rendered":"<div class=\"wpb-content-wrapper\"><div itemprop = 'articleBody'>[vc_row][vc_column][vc_column_text]<p><\/p>\n<p>Bravo, vous avez choisi de vous occuper d\u2019un certain Jean Pierre\u00a0 Mad\u2026, 88 ans, 1.75m, 70 kg. Force moyenne, r\u00e9sistance et stabilit\u00e9 faibles.<\/p>\n<p><\/p>\n<p><\/p>\n<p>GIR 1, calme, il semble \u00e9couter mais ne r\u00e9pond pas. Il ne parvient plus \u00e0 se tourner de lui-m\u00eame.<\/p>\n<p><\/p>\n<p><\/p>\n<p>Il faut l&#8217;aider \u00e0 se tourner sur le c\u00f4t\u00e9 dans le lit afin de changer son al\u00e8ze.<\/p>\n<p><\/p>\n<p><\/p>\n<figure class=\"wp-block-image size-large\"><img loading=\"lazy\" decoding=\"async\" width=\"1024\" height=\"1024\" class=\"wp-image-371\" src=\"http:\/\/mix-formation.fr\/wp-content\/uploads\/2021\/03\/image-1024x1024.png\" alt=\"\" srcset=\"http:\/\/mix-formation.fr\/wp-content\/uploads\/2021\/03\/image-1024x1024.png 1024w, http:\/\/mix-formation.fr\/wp-content\/uploads\/2021\/03\/image-300x300.png 300w, http:\/\/mix-formation.fr\/wp-content\/uploads\/2021\/03\/image-100x100.png 100w, http:\/\/mix-formation.fr\/wp-content\/uploads\/2021\/03\/image-150x150.png 150w, http:\/\/mix-formation.fr\/wp-content\/uploads\/2021\/03\/image-1536x1536.png 1536w, http:\/\/mix-formation.fr\/wp-content\/uploads\/2021\/03\/image-2048x2048.png 2048w\" sizes=\"auto, (max-width: 1024px) 100vw, 1024px\" \/><\/figure>\n<p><\/p>[\/vc_column_text][\/vc_column][\/vc_row]<\/div><\/div>","protected":false},"excerpt":{"rendered":"<p>[vc_row][vc_column][vc_column_text] Bravo, vous avez choisi de vous occuper d\u2019un certain Jean Pierre\u00a0 Mad\u2026, 88 ans, 1.75m, 70 kg. Force moyenne, r\u00e9sistance et stabilit\u00e9 faibles. GIR 1, calme, il semble \u00e9couter mais ne r\u00e9pond pas. Il ne parvient plus \u00e0 se tourner de lui-m\u00eame. Il faut l&#8217;aider \u00e0 se tourner sur le c\u00f4t\u00e9 dans le lit [&hellip;]<\/p>\n","protected":false},"author":1,"featured_media":0,"parent":0,"menu_order":0,"comment_status":"closed","ping_status":"closed","template":"","meta":{"footnotes":""},"class_list":["post-370","page","type-page","status-publish","hentry"],"_links":{"self":[{"href":"http:\/\/mix-formation.fr\/index.php\/wp-json\/wp\/v2\/pages\/370","targetHints":{"allow":["GET"]}}],"collection":[{"href":"http:\/\/mix-formation.fr\/index.php\/wp-json\/wp\/v2\/pages"}],"about":[{"href":"http:\/\/mix-formation.fr\/index.php\/wp-json\/wp\/v2\/types\/page"}],"author":[{"embeddable":true,"href":"http:\/\/mix-formation.fr\/index.php\/wp-json\/wp\/v2\/users\/1"}],"replies":[{"embeddable":true,"href":"http:\/\/mix-formation.fr\/index.php\/wp-json\/wp\/v2\/comments?post=370"}],"version-history":[{"count":2,"href":"http:\/\/mix-formation.fr\/index.php\/wp-json\/wp\/v2\/pages\/370\/revisions"}],"predecessor-version":[{"id":1442,"href":"http:\/\/mix-formation.fr\/index.php\/wp-json\/wp\/v2\/pages\/370\/revisions\/1442"}],"wp:attachment":[{"href":"http:\/\/mix-formation.fr\/index.php\/wp-json\/wp\/v2\/media?parent=370"}],"curies":[{"name":"wp","href":"https:\/\/api.w.org\/{rel}","templated":true}]}}