{"id":358,"date":"2021-03-04T18:33:57","date_gmt":"2021-03-04T17:33:57","guid":{"rendered":"http:\/\/mix-formation.fr\/?page_id=358"},"modified":"2021-03-04T18:33:57","modified_gmt":"2021-03-04T17:33:57","slug":"situation-3","status":"publish","type":"page","link":"http:\/\/mix-formation.fr\/index.php\/situation-3\/","title":{"rendered":"Situation 3"},"content":{"rendered":"<div itemprop = 'articleBody'>\n<ul class=\"wp-block-list\"><li>Mme D, a un spinabifida, entrainant une absence de motricit\u00e9 et de sensibilit\u00e9 au niveau des membres inf\u00e9rieurs. Elle a une incontinence urinaire et f\u00e9cale avec d\u00e9b\u00e2cles r\u00e9guli\u00e8res. Elle se d\u00e9place en fauteuil roulant manuel et porte des chaussures orthop\u00e9diques.<\/li><\/ul>\n\n\n\n<p>Le matin elle se transfert seule sur son fauteuil de douche et a une aide pour la toilette et l\u2019habillage.<\/p>\n\n\n\n<p>Elle vit dans un appartement en rez-de-jardin et a un chat depuis quelques jours. Elle vous appelle en milieu d\u2019apr\u00e8s-midi car elle est souill\u00e9e et a besoin que vous interveniez. Vous y allez entre deux interventions.<\/p>\n<\/div>","protected":false},"excerpt":{"rendered":"<p>Mme D, a un spinabifida, entrainant une absence de motricit\u00e9 et de sensibilit\u00e9 au niveau des membres inf\u00e9rieurs. Elle a une incontinence urinaire et f\u00e9cale avec d\u00e9b\u00e2cles r\u00e9guli\u00e8res. Elle se d\u00e9place en fauteuil roulant manuel et porte des chaussures orthop\u00e9diques. Le matin elle se transfert seule sur son fauteuil de douche et a une aide [&hellip;]<\/p>\n","protected":false},"author":1,"featured_media":0,"parent":0,"menu_order":0,"comment_status":"closed","ping_status":"closed","template":"","meta":{"footnotes":""},"class_list":["post-358","page","type-page","status-publish","hentry"],"_links":{"self":[{"href":"http:\/\/mix-formation.fr\/index.php\/wp-json\/wp\/v2\/pages\/358","targetHints":{"allow":["GET"]}}],"collection":[{"href":"http:\/\/mix-formation.fr\/index.php\/wp-json\/wp\/v2\/pages"}],"about":[{"href":"http:\/\/mix-formation.fr\/index.php\/wp-json\/wp\/v2\/types\/page"}],"author":[{"embeddable":true,"href":"http:\/\/mix-formation.fr\/index.php\/wp-json\/wp\/v2\/users\/1"}],"replies":[{"embeddable":true,"href":"http:\/\/mix-formation.fr\/index.php\/wp-json\/wp\/v2\/comments?post=358"}],"version-history":[{"count":1,"href":"http:\/\/mix-formation.fr\/index.php\/wp-json\/wp\/v2\/pages\/358\/revisions"}],"predecessor-version":[{"id":359,"href":"http:\/\/mix-formation.fr\/index.php\/wp-json\/wp\/v2\/pages\/358\/revisions\/359"}],"wp:attachment":[{"href":"http:\/\/mix-formation.fr\/index.php\/wp-json\/wp\/v2\/media?parent=358"}],"curies":[{"name":"wp","href":"https:\/\/api.w.org\/{rel}","templated":true}]}}