{"id":355,"date":"2021-03-04T18:31:26","date_gmt":"2021-03-04T17:31:26","guid":{"rendered":"http:\/\/mix-formation.fr\/?page_id=355"},"modified":"2021-03-04T18:31:27","modified_gmt":"2021-03-04T17:31:27","slug":"situation-2","status":"publish","type":"page","link":"http:\/\/mix-formation.fr\/index.php\/situation-2\/","title":{"rendered":"Situation 2"},"content":{"rendered":"<div itemprop = 'articleBody'>\n<p>Mr J, 43 ans, est atteint d\u2019une scl\u00e9rose en plaque, entrainant une atteinte des 4 membres avec spasticit\u00e9 au niveau des jambes. Il vit seul dans sa maison adapt\u00e9e. Il passe ses journ\u00e9es dans son FRE verticalisateur, qu\u2019il g\u00e8re en totale autonomie. Il est tr\u00e8s fatigable et fait quotidiennement une sieste de 13H \u00e0 15H dans son lit. Depuis quelques jours, il est f\u00e9brile. Vous intervenez \u00e0 15 H \u00e0 son domicile.<\/p>\n<\/div>","protected":false},"excerpt":{"rendered":"<p>Mr J, 43 ans, est atteint d\u2019une scl\u00e9rose en plaque, entrainant une atteinte des 4 membres avec spasticit\u00e9 au niveau des jambes. Il vit seul dans sa maison adapt\u00e9e. Il passe ses journ\u00e9es dans son FRE verticalisateur, qu\u2019il g\u00e8re en totale autonomie. Il est tr\u00e8s fatigable et fait quotidiennement une sieste de 13H \u00e0 15H [&hellip;]<\/p>\n","protected":false},"author":1,"featured_media":0,"parent":0,"menu_order":0,"comment_status":"closed","ping_status":"closed","template":"","meta":{"footnotes":""},"class_list":["post-355","page","type-page","status-publish","hentry"],"_links":{"self":[{"href":"http:\/\/mix-formation.fr\/index.php\/wp-json\/wp\/v2\/pages\/355","targetHints":{"allow":["GET"]}}],"collection":[{"href":"http:\/\/mix-formation.fr\/index.php\/wp-json\/wp\/v2\/pages"}],"about":[{"href":"http:\/\/mix-formation.fr\/index.php\/wp-json\/wp\/v2\/types\/page"}],"author":[{"embeddable":true,"href":"http:\/\/mix-formation.fr\/index.php\/wp-json\/wp\/v2\/users\/1"}],"replies":[{"embeddable":true,"href":"http:\/\/mix-formation.fr\/index.php\/wp-json\/wp\/v2\/comments?post=355"}],"version-history":[{"count":1,"href":"http:\/\/mix-formation.fr\/index.php\/wp-json\/wp\/v2\/pages\/355\/revisions"}],"predecessor-version":[{"id":356,"href":"http:\/\/mix-formation.fr\/index.php\/wp-json\/wp\/v2\/pages\/355\/revisions\/356"}],"wp:attachment":[{"href":"http:\/\/mix-formation.fr\/index.php\/wp-json\/wp\/v2\/media?parent=355"}],"curies":[{"name":"wp","href":"https:\/\/api.w.org\/{rel}","templated":true}]}}