{"id":352,"date":"2021-03-04T18:37:50","date_gmt":"2021-03-04T17:37:50","guid":{"rendered":"http:\/\/mix-formation.fr\/?page_id=352"},"modified":"2021-03-04T18:37:51","modified_gmt":"2021-03-04T17:37:51","slug":"situation-4","status":"publish","type":"page","link":"http:\/\/mix-formation.fr\/index.php\/situation-4\/","title":{"rendered":"Situation 4"},"content":{"rendered":"<div itemprop = 'articleBody'>\n<p>Bravo, vous avez choisi de vous occuper d\u2019un certain\u00a0BRAD P&#8230;, 94 ans, 1.83m, 130Kg, coop\u00e9rant bonne stabilit\u00e9, force moyenne, bonne r\u00e9sistance. Il faut l&#8217;asseoir dans son lit.<\/p>\n\n\n\n<p>GIR 3, il parvient \u00e0 se tourner facilement sur le c\u00f4t\u00e9 lorsqu\u2019il est allong\u00e9, par contre il a beaucoup de mal \u00e0 se redresser pour s\u2019asseoir au bord du lit.<\/p>\n\n\n\n<p><\/p>\n\n\n\n<p><\/p>\n<\/div>","protected":false},"excerpt":{"rendered":"<p>Bravo, vous avez choisi de vous occuper d\u2019un certain\u00a0BRAD P&#8230;, 94 ans, 1.83m, 130Kg, coop\u00e9rant bonne stabilit\u00e9, force moyenne, bonne r\u00e9sistance. Il faut l&#8217;asseoir dans son lit. GIR 3, il parvient \u00e0 se tourner facilement sur le c\u00f4t\u00e9 lorsqu\u2019il est allong\u00e9, par contre il a beaucoup de mal \u00e0 se redresser pour s\u2019asseoir au bord [&hellip;]<\/p>\n","protected":false},"author":1,"featured_media":0,"parent":0,"menu_order":0,"comment_status":"closed","ping_status":"closed","template":"","meta":{"footnotes":""},"class_list":["post-352","page","type-page","status-publish","hentry"],"_links":{"self":[{"href":"http:\/\/mix-formation.fr\/index.php\/wp-json\/wp\/v2\/pages\/352","targetHints":{"allow":["GET"]}}],"collection":[{"href":"http:\/\/mix-formation.fr\/index.php\/wp-json\/wp\/v2\/pages"}],"about":[{"href":"http:\/\/mix-formation.fr\/index.php\/wp-json\/wp\/v2\/types\/page"}],"author":[{"embeddable":true,"href":"http:\/\/mix-formation.fr\/index.php\/wp-json\/wp\/v2\/users\/1"}],"replies":[{"embeddable":true,"href":"http:\/\/mix-formation.fr\/index.php\/wp-json\/wp\/v2\/comments?post=352"}],"version-history":[{"count":3,"href":"http:\/\/mix-formation.fr\/index.php\/wp-json\/wp\/v2\/pages\/352\/revisions"}],"predecessor-version":[{"id":360,"href":"http:\/\/mix-formation.fr\/index.php\/wp-json\/wp\/v2\/pages\/352\/revisions\/360"}],"wp:attachment":[{"href":"http:\/\/mix-formation.fr\/index.php\/wp-json\/wp\/v2\/media?parent=352"}],"curies":[{"name":"wp","href":"https:\/\/api.w.org\/{rel}","templated":true}]}}