{"id":350,"date":"2021-03-04T18:31:07","date_gmt":"2021-03-04T17:31:07","guid":{"rendered":"http:\/\/mix-formation.fr\/?page_id=350"},"modified":"2021-06-21T08:06:17","modified_gmt":"2021-06-21T07:06:17","slug":"situation-1","status":"publish","type":"page","link":"http:\/\/mix-formation.fr\/index.php\/situation-1\/","title":{"rendered":"Situation 1"},"content":{"rendered":"<div itemprop = 'articleBody'>\n<p>Mme T, 50 ans, myopathe, 1m60\/38kg, vit seule dans son appartement. Elle a un lit m\u00e9dicalis\u00e9 avec un matelas \u00e0 air. Elle est tr\u00e8s douloureuse. Elle a une capacit\u00e9 motrice r\u00e9siduelle au niveau de la main droite, permettant la conduite de son fauteuil roulant \u00e9lectrique, et de la t\u00eate. Elle n\u2019a pas d\u2019atteinte cognitive et explique parfaitement ses besoins d\u2019aide.\u00a0 Elle se d\u00e9placement en fauteuil roulant \u00e9lectrique. Il est 9H, la toilette\/habillage au lit viennent d\u2019\u00eatre termin\u00e9s, il faut l\u2019installer au fauteuil.<\/p>\n<\/div>","protected":false},"excerpt":{"rendered":"<p>Mme T, 50 ans, myopathe, 1m60\/38kg, vit seule dans son appartement. Elle a un lit m\u00e9dicalis\u00e9 avec un matelas \u00e0 air. Elle est tr\u00e8s douloureuse. Elle a une capacit\u00e9 motrice r\u00e9siduelle au niveau de la main droite, permettant la conduite de son fauteuil roulant \u00e9lectrique, et de la t\u00eate. Elle n\u2019a pas d\u2019atteinte cognitive et [&hellip;]<\/p>\n","protected":false},"author":1,"featured_media":0,"parent":0,"menu_order":0,"comment_status":"closed","ping_status":"closed","template":"","meta":{"footnotes":""},"class_list":["post-350","page","type-page","status-publish","hentry"],"_links":{"self":[{"href":"http:\/\/mix-formation.fr\/index.php\/wp-json\/wp\/v2\/pages\/350","targetHints":{"allow":["GET"]}}],"collection":[{"href":"http:\/\/mix-formation.fr\/index.php\/wp-json\/wp\/v2\/pages"}],"about":[{"href":"http:\/\/mix-formation.fr\/index.php\/wp-json\/wp\/v2\/types\/page"}],"author":[{"embeddable":true,"href":"http:\/\/mix-formation.fr\/index.php\/wp-json\/wp\/v2\/users\/1"}],"replies":[{"embeddable":true,"href":"http:\/\/mix-formation.fr\/index.php\/wp-json\/wp\/v2\/comments?post=350"}],"version-history":[{"count":3,"href":"http:\/\/mix-formation.fr\/index.php\/wp-json\/wp\/v2\/pages\/350\/revisions"}],"predecessor-version":[{"id":476,"href":"http:\/\/mix-formation.fr\/index.php\/wp-json\/wp\/v2\/pages\/350\/revisions\/476"}],"wp:attachment":[{"href":"http:\/\/mix-formation.fr\/index.php\/wp-json\/wp\/v2\/media?parent=350"}],"curies":[{"name":"wp","href":"https:\/\/api.w.org\/{rel}","templated":true}]}}