{"id":335,"date":"2021-01-26T16:08:21","date_gmt":"2021-01-26T15:08:21","guid":{"rendered":"http:\/\/mix-formation.fr\/?page_id=335"},"modified":"2021-12-07T11:28:04","modified_gmt":"2021-12-07T10:28:04","slug":"formation-entretien-piscine","status":"publish","type":"page","link":"http:\/\/mix-formation.fr\/index.php\/formation-entretien-piscine\/","title":{"rendered":"Formation Entretien Piscine"},"content":{"rendered":"<div class=\"wpb-content-wrapper\"><div itemprop = 'articleBody'><p>[vc_row][vc_column width=&#8221;1\/2&#8243;][vc_column_text]<\/p>\n<p><strong>Entretien d\u2019une piscine \u00e0 usage collectif<\/strong><\/p>\n<p><strong>Objectifs p\u00e9dagogiques\u00a0:<\/strong><\/p>\n<p>Rendre tout personnel capable d\u2019entretenir une piscine \u00e0 usage du public dans un \u00e9tablissement de tourisme.<\/p>\n<p><strong>Modalit\u00e9s de la formation\u00a0:\u00a0<\/strong>Andragogie bas\u00e9e sur des mises en situation li\u00e9es au m\u00e9tier et pr\u00e9parant \u00e0 l\u2019\u00e9preuve validant la formation.<\/p>\n<p><strong>Comp\u00e9tences vis\u00e9es\u00a0:<\/strong><\/p>\n<ul>\n<li><strong>\u00catre\u00a0<\/strong><strong>capable de contr\u00f4ler et modifier les param\u00e8tres physico-chimiques de l\u2019eau de baignade<\/strong><\/li>\n<li><strong>\u00catre\u00a0<\/strong><strong>capable de diff\u00e9rencier les produits chimiques utilis\u00e9s dans l\u2019entretien d\u2019une piscine<\/strong><\/li>\n<li><strong>\u00catre\u00a0<\/strong><strong>capable d\u2019analyser les risques professionnels li\u00e9s \u00e0 l\u2019entretien d\u2019une piscine<\/strong><\/li>\n<li><strong>\u00catre\u00a0<\/strong><strong>capable d\u2019administrer les gestes de secours lors d\u2019un accident de baignade<\/strong><\/li>\n<\/ul>\n<p><strong>Programme de la formation\u00a0:<\/strong><\/p>\n<ul>\n<li>Fonctionnement g\u00e9n\u00e9ral d\u2019une piscine<\/li>\n<li>Qualit\u00e9 de l\u2019eau de baignade<\/li>\n<li>Produits chimiques utilis\u00e9s<\/li>\n<li>Appareils de mesure<\/li>\n<li>Risques professionnels<\/li>\n<li>Gestes de premiers secours<\/li>\n<\/ul>\n<p><strong>Dur\u00e9e de la formation\u00a0<\/strong><strong>:<\/strong> La formation se d\u00e9roule sur site (intra) sur une journ\u00e9e de 7h (9h \u2013 12h30 et 13h30 \u2013 17h) en pr\u00e9sentiel avec des pauses de 10 minutes le matin et l\u2019apr\u00e8s-midi.<\/p>\n<p><strong>Public vis\u00e9\u00a0:\u00a0<\/strong>Tout salari\u00e9 effectuant l\u2019entretien d\u2019une piscine<\/p>\n<p><strong>Effectif de la formation\u00a0:\u00a0<\/strong>5 \u00e0 10 stagiaires par session<\/p>\n<p><strong>Pr\u00e9requis\u00a0:\u00a0<\/strong>aucun<\/p>\n<p><strong>Mat\u00e9riel :\u00a0<\/strong>Equipement pour l&#8217;entretien d&#8217;une piscine, kit de contr\u00f4le de la qualit\u00e9 de l&#8217;eau, kit mannequins pour les premiers secours<\/p>\n<p><strong>D\u00e9lais d\u2019acc\u00e8s<\/strong>\u00a0: Sur devis, signature de la convention minimum 15 jours avant le d\u00e9but de la formation<\/p>\n<p><strong>Accessibilit\u00e9 aux personnes handicap\u00e9es<\/strong> : Les personnes en situation de handicap sont invit\u00e9s \u00e0 se faire connaitre aupr\u00e8s du r\u00e9f\u00e9rent handicap pour la mise en place des adaptations n\u00e9cessaires<\/p>\n<p><strong>Tarif : En inter, 150 euros par stagiaire. En intra, nous contacter<\/strong><\/p>\n<p><strong>Contact :<\/strong>\u00a0<a href=\"http:\/\/mix-formation.fr\/?page_id=10#contact_box\">Formulaire<\/a>\u00a0en base de page d\u2019accueil<\/p>\n<p>[\/vc_column_text][\/vc_column][vc_column width=&#8221;1\/2&#8243;][vc_video link=&#8221;https:\/\/www.youtube.com\/watch?v=TAUiqhGs1SE&#8221;][\/vc_column][\/vc_row]<\/p>\n<\/div><\/div>","protected":false},"excerpt":{"rendered":"<p>[vc_row][vc_column width=&#8221;1\/2&#8243;][vc_column_text] Entretien d\u2019une piscine \u00e0 usage collectif Objectifs p\u00e9dagogiques\u00a0: Rendre tout personnel capable d\u2019entretenir une piscine \u00e0 usage du public dans un \u00e9tablissement de tourisme. Modalit\u00e9s de la formation\u00a0:\u00a0Andragogie bas\u00e9e sur des mises en situation li\u00e9es au m\u00e9tier et pr\u00e9parant \u00e0 l\u2019\u00e9preuve validant la formation. Comp\u00e9tences vis\u00e9es\u00a0: \u00catre\u00a0capable de contr\u00f4ler et modifier les param\u00e8tres [&hellip;]<\/p>\n","protected":false},"author":1,"featured_media":0,"parent":0,"menu_order":0,"comment_status":"closed","ping_status":"closed","template":"","meta":{"footnotes":""},"class_list":["post-335","page","type-page","status-publish","hentry"],"_links":{"self":[{"href":"http:\/\/mix-formation.fr\/index.php\/wp-json\/wp\/v2\/pages\/335","targetHints":{"allow":["GET"]}}],"collection":[{"href":"http:\/\/mix-formation.fr\/index.php\/wp-json\/wp\/v2\/pages"}],"about":[{"href":"http:\/\/mix-formation.fr\/index.php\/wp-json\/wp\/v2\/types\/page"}],"author":[{"embeddable":true,"href":"http:\/\/mix-formation.fr\/index.php\/wp-json\/wp\/v2\/users\/1"}],"replies":[{"embeddable":true,"href":"http:\/\/mix-formation.fr\/index.php\/wp-json\/wp\/v2\/comments?post=335"}],"version-history":[{"count":8,"href":"http:\/\/mix-formation.fr\/index.php\/wp-json\/wp\/v2\/pages\/335\/revisions"}],"predecessor-version":[{"id":1523,"href":"http:\/\/mix-formation.fr\/index.php\/wp-json\/wp\/v2\/pages\/335\/revisions\/1523"}],"wp:attachment":[{"href":"http:\/\/mix-formation.fr\/index.php\/wp-json\/wp\/v2\/media?parent=335"}],"curies":[{"name":"wp","href":"https:\/\/api.w.org\/{rel}","templated":true}]}}