{"id":333,"date":"2021-01-26T16:07:36","date_gmt":"2021-01-26T15:07:36","guid":{"rendered":"http:\/\/mix-formation.fr\/?page_id=333"},"modified":"2021-12-14T12:42:41","modified_gmt":"2021-12-14T11:42:41","slug":"formation-arbre-des-causes","status":"publish","type":"page","link":"http:\/\/mix-formation.fr\/index.php\/formation-arbre-des-causes\/","title":{"rendered":"Formation Arbre des causes"},"content":{"rendered":"<div class=\"wpb-content-wrapper\"><div itemprop = 'articleBody'><p>[vc_row][vc_column width=&#8221;1\/2&#8243;][vc_column_text]<\/p>\n<p><strong>Formation \u00e0 la cr\u00e9ation d\u2019un arbre des causes<\/strong><\/p>\n<p><strong>Objectifs p\u00e9dagogiques\u00a0:<\/strong><\/p>\n<p>Rendre tout personnel capable de construire un arbre des causes dans le cadre d\u2019une analyse d\u2019accident de travail ou de maladie professionnelle.<\/p>\n<p><strong>Modalit\u00e9s de la formation\u00a0:\u00a0<\/strong>Andragogie bas\u00e9e sur des mises en situation li\u00e9es au m\u00e9tier du stagiaire et pr\u00e9parant \u00e0 la construction d\u2019arbres des causes sur le terrain.<\/p>\n<p><strong>Comp\u00e9tences vis\u00e9es\u00a0:<\/strong><\/p>\n<ul>\n<li><strong>\u00catre capable de d\u00e9terminer les faits lors d\u2019un accident<\/strong><\/li>\n<li><strong>\u00catre capable de d\u00e9terminer les causes lors d\u2019un accident<\/strong><\/li>\n<li><strong>\u00catre capable de relier les faits et les causes lors d\u2019un accident<\/strong><\/li>\n<li><strong>\u00catre capable de proposer des solutions supprimant les causes de l\u2019accident<\/strong><\/li>\n<\/ul>\n<p><strong>Programme de la formation\u00a0:<\/strong><\/p>\n<ul>\n<li>Comprendre le r\u00f4le de l\u2019arbre des causes<\/li>\n<li>Appr\u00e9hender le m\u00e9canisme de l\u2019accident<\/li>\n<li>Recueillir les faits et les donn\u00e9es de l\u2019accident<\/li>\n<li>R\u00e9aliser un compte rendu exploitable<\/li>\n<li>D\u00e9duire des actions correctives et pr\u00e9ventives<\/li>\n<\/ul>\n<p><strong>Dur\u00e9e de la formation\u00a0<\/strong><strong>:<\/strong>\u00a07h en pr\u00e9sentiel<\/p>\n<p><strong>Public vis\u00e9\u00a0:<\/strong>\u00a0Tout salari\u00e9 participant \u00e0 l\u2019analyse des accidents de travail (CSSCT, CSE)<\/p>\n<p><strong>Effectif de la formation\u00a0:\u00a0<\/strong>5 \u00e0 10 stagiaires par session<\/p>\n<p><strong>Pr\u00e9requis\u00a0:\u00a0<\/strong>aucun<\/p>\n<p><strong>D\u00e9lais d\u2019acc\u00e8s<\/strong>\u00a0: Sur devis, signature de la convention minimum 15 jours avant le d\u00e9but de la formation<\/p>\n<p><strong>Accessibilit\u00e9 aux personnes handicap\u00e9es<\/strong>\u00a0: Les personnes en situation de handicap sont invit\u00e9es \u00e0 se faire connaitre aupr\u00e8s du r\u00e9f\u00e9rent handicap pour la mise en place des adaptations n\u00e9cessaires.<\/p>\n<p><strong>Tarif : En inter, 150 euros par stagiaire. En intra, nous contacter<\/strong><\/p>\n<p><strong>Contact :<\/strong>\u00a0<a href=\"http:\/\/www.mix-formation.fr\/\">Formulaire<\/a>\u00a0en base de page d\u2019accueil<\/p>\n<p>[\/vc_column_text][\/vc_column][vc_column width=&#8221;1\/2&#8243;][vc_single_image image=&#8221;468&#8243; img_size=&#8221;full&#8221;][vc_single_image image=&#8221;470&#8243; img_size=&#8221;full&#8221;][\/vc_column][\/vc_row]<\/p>\n<\/div><\/div>","protected":false},"excerpt":{"rendered":"<p>[vc_row][vc_column width=&#8221;1\/2&#8243;][vc_column_text] Formation \u00e0 la cr\u00e9ation d\u2019un arbre des causes Objectifs p\u00e9dagogiques\u00a0: Rendre tout personnel capable de construire un arbre des causes dans le cadre d\u2019une analyse d\u2019accident de travail ou de maladie professionnelle. Modalit\u00e9s de la formation\u00a0:\u00a0Andragogie bas\u00e9e sur des mises en situation li\u00e9es au m\u00e9tier du stagiaire et pr\u00e9parant \u00e0 la construction d\u2019arbres [&hellip;]<\/p>\n","protected":false},"author":1,"featured_media":0,"parent":0,"menu_order":0,"comment_status":"closed","ping_status":"closed","template":"","meta":{"footnotes":""},"class_list":["post-333","page","type-page","status-publish","hentry"],"_links":{"self":[{"href":"http:\/\/mix-formation.fr\/index.php\/wp-json\/wp\/v2\/pages\/333","targetHints":{"allow":["GET"]}}],"collection":[{"href":"http:\/\/mix-formation.fr\/index.php\/wp-json\/wp\/v2\/pages"}],"about":[{"href":"http:\/\/mix-formation.fr\/index.php\/wp-json\/wp\/v2\/types\/page"}],"author":[{"embeddable":true,"href":"http:\/\/mix-formation.fr\/index.php\/wp-json\/wp\/v2\/users\/1"}],"replies":[{"embeddable":true,"href":"http:\/\/mix-formation.fr\/index.php\/wp-json\/wp\/v2\/comments?post=333"}],"version-history":[{"count":9,"href":"http:\/\/mix-formation.fr\/index.php\/wp-json\/wp\/v2\/pages\/333\/revisions"}],"predecessor-version":[{"id":1527,"href":"http:\/\/mix-formation.fr\/index.php\/wp-json\/wp\/v2\/pages\/333\/revisions\/1527"}],"wp:attachment":[{"href":"http:\/\/mix-formation.fr\/index.php\/wp-json\/wp\/v2\/media?parent=333"}],"curies":[{"name":"wp","href":"https:\/\/api.w.org\/{rel}","templated":true}]}}