{"id":330,"date":"2021-01-26T16:03:55","date_gmt":"2021-01-26T15:03:55","guid":{"rendered":"http:\/\/mix-formation.fr\/?page_id=330"},"modified":"2022-02-02T15:05:13","modified_gmt":"2022-02-02T14:05:13","slug":"formation-duerp","status":"publish","type":"page","link":"http:\/\/mix-formation.fr\/index.php\/formation-duerp\/","title":{"rendered":"Formation DUERP"},"content":{"rendered":"<div class=\"wpb-content-wrapper\"><div itemprop = 'articleBody'><p>[vc_row][vc_column width=&#8221;1\/2&#8243;][vc_column_text]<\/p>\n<p><strong>Document Unique d\u2019Evaluation des Risques Professionnels<\/strong><\/p>\n<p><strong>Objectifs p\u00e9dagogiques\u00a0:\u00a0<\/strong>Rendre tout personnel capable de construire le document unique de son entreprise.<\/p>\n<p><strong>Modalit\u00e9s de la formation\u00a0:\u00a0<\/strong>Formateur certifi\u00e9 par l\u2019INRS. Andragogie bas\u00e9e sur des mises en situation li\u00e9es au m\u00e9tier du stagiaire et pr\u00e9parant \u00e0 l\u2019\u00e9preuve certificative.<\/p>\n<p><strong>Comp\u00e9tences vis\u00e9es\u00a0:<\/strong><\/p>\n<p><strong>\u00catre capable d\u2019identifier les risques propres \u00e0 l\u2019entreprise<\/strong><\/p>\n<p><strong>\u00catre capable d\u2019\u00e9laborer une fiche de DUERP<\/strong><\/p>\n<p><strong>Programme de la formation\u00a0:<\/strong><\/p>\n<ul>\n<li>R\u00f4les du DUERP dans la pr\u00e9vention<\/li>\n<li>Risques professionnels rencontr\u00e9s<\/li>\n<li>Etapes de la r\u00e9daction d\u2019une fiche de DUERP<\/li>\n<li>Elaboration d\u2019un plan d\u2019actions<\/li>\n<li>Communication et mobilisation des acteurs internes et externes<\/li>\n<\/ul>\n<p><strong>Dur\u00e9e de la formation\u00a0<\/strong><strong>:<\/strong> 7h en pr\u00e9sentiel soit 1 jour en inter. 10h soit 1.5 jours en intra (dont 3h d\u00e9di\u00e9es aux probl\u00e9matiques de l&#8217;entreprise)<\/p>\n<p><strong>Public vis\u00e9\u00a0:<\/strong>\u00a0Tout salari\u00e9 souhaitant apprendre \u00e0 r\u00e9diger le DUERP<\/p>\n<p><strong>Effectif de la formation\u00a0:\u00a0<\/strong>5 \u00e0 10 stagiaires par session<\/p>\n<p><strong>Pr\u00e9requis\u00a0:\u00a0<\/strong>aucun<\/p>\n<p><strong>D\u00e9lais d\u2019acc\u00e8s<\/strong>\u00a0: Sur devis, signature de la convention minimum 15 jours avant le d\u00e9but de la formation<\/p>\n<p><strong>Accessibilit\u00e9 aux personnes handicap\u00e9es<\/strong>\u00a0: Les personnes en situation de handicap sont invit\u00e9es \u00e0 se faire connaitre aupr\u00e8s du r\u00e9f\u00e9rent handicap pour la mise en place des adaptations n\u00e9cessaires.<\/p>\n<p><strong>Tarif : En inter, 150 euros par stagiaire. En intra, nous contacter<\/strong><\/p>\n<p><strong>Contact :<\/strong>\u00a0<a href=\"http:\/\/mix-formation.fr\/?page_id=10#contact_box\">Formulaire<\/a>\u00a0en base de page d\u2019accueil<\/p>\n<p>[\/vc_column_text][\/vc_column][vc_column width=&#8221;1\/2&#8243;][vc_video link=&#8221;https:\/\/www.youtube.com\/watch?v=nvMH6FgJZu0&#8243;][\/vc_column][\/vc_row]<\/p>\n<\/div><\/div>","protected":false},"excerpt":{"rendered":"<p>[vc_row][vc_column width=&#8221;1\/2&#8243;][vc_column_text] Document Unique d\u2019Evaluation des Risques Professionnels Objectifs p\u00e9dagogiques\u00a0:\u00a0Rendre tout personnel capable de construire le document unique de son entreprise. Modalit\u00e9s de la formation\u00a0:\u00a0Formateur certifi\u00e9 par l\u2019INRS. Andragogie bas\u00e9e sur des mises en situation li\u00e9es au m\u00e9tier du stagiaire et pr\u00e9parant \u00e0 l\u2019\u00e9preuve certificative. Comp\u00e9tences vis\u00e9es\u00a0: \u00catre capable d\u2019identifier les risques propres \u00e0 l\u2019entreprise [&hellip;]<\/p>\n","protected":false},"author":1,"featured_media":0,"parent":0,"menu_order":0,"comment_status":"closed","ping_status":"closed","template":"","meta":{"footnotes":""},"class_list":["post-330","page","type-page","status-publish","hentry"],"_links":{"self":[{"href":"http:\/\/mix-formation.fr\/index.php\/wp-json\/wp\/v2\/pages\/330","targetHints":{"allow":["GET"]}}],"collection":[{"href":"http:\/\/mix-formation.fr\/index.php\/wp-json\/wp\/v2\/pages"}],"about":[{"href":"http:\/\/mix-formation.fr\/index.php\/wp-json\/wp\/v2\/types\/page"}],"author":[{"embeddable":true,"href":"http:\/\/mix-formation.fr\/index.php\/wp-json\/wp\/v2\/users\/1"}],"replies":[{"embeddable":true,"href":"http:\/\/mix-formation.fr\/index.php\/wp-json\/wp\/v2\/comments?post=330"}],"version-history":[{"count":10,"href":"http:\/\/mix-formation.fr\/index.php\/wp-json\/wp\/v2\/pages\/330\/revisions"}],"predecessor-version":[{"id":1599,"href":"http:\/\/mix-formation.fr\/index.php\/wp-json\/wp\/v2\/pages\/330\/revisions\/1599"}],"wp:attachment":[{"href":"http:\/\/mix-formation.fr\/index.php\/wp-json\/wp\/v2\/media?parent=330"}],"curies":[{"name":"wp","href":"https:\/\/api.w.org\/{rel}","templated":true}]}}