{"id":327,"date":"2021-01-26T16:01:37","date_gmt":"2021-01-26T15:01:37","guid":{"rendered":"http:\/\/mix-formation.fr\/?page_id=327"},"modified":"2024-05-21T15:08:44","modified_gmt":"2024-05-21T14:08:44","slug":"formation-prap-ibc-2s","status":"publish","type":"page","link":"http:\/\/mix-formation.fr\/index.php\/formation-prap-ibc-2s\/","title":{"rendered":"Formation PRAP IBC \/ 2S"},"content":{"rendered":"<div class=\"wpb-content-wrapper\"><div itemprop = 'articleBody'><p>[vc_row][vc_column width=&#8221;1\/2&#8243;][vc_column_text css=&#8221;&#8221;]<strong>Pr\u00e9vention des Risques li\u00e9s \u00e0 l\u2019Activit\u00e9 Physique<\/strong><\/p>\n<p><strong>IBC : RS1037 &#8211; certif info 85560 <\/strong><\/p>\n<p><strong>PRAP2S : RS1040 &#8211; certif info n\u00b085563<\/strong><\/p>\n<p>&nbsp;<\/p>\n<p><strong>Objectifs p\u00e9dagogiques\u00a0:<\/strong><\/p>\n<p>Rendre tout personnel capable de contribuer \u00e0 la suppression ou \u00e0 la r\u00e9duction des risques li\u00e9s \u00e0 l\u2019activit\u00e9 physique auxquels il est expos\u00e9, en proposant, de mani\u00e8re concert\u00e9e, des am\u00e9liorations techniques, organisationnelles et humaines, en ma\u00eetrisant les risques sur lesquels il a la possibilit\u00e9 d\u2019agir\u00a0<em>et en accompagnant la mobilit\u00e9 de la personne aid\u00e9e en prenant soin de lui et de l\u2019autre<\/em>\u00a0<em>(option 2S)<\/em>.<\/p>\n<p><strong>Modalit\u00e9s de la formation\u00a0:\u00a0<\/strong>Formateur certifi\u00e9 par l\u2019INRS. Andragogie bas\u00e9e sur des \u00e9valuations formatives pr\u00e9parant aux 2 \u00e9preuves certificatives. Seuls les candidats qui ont suivi la totalit\u00e9 de\u00a0la formation et qui ont satisfait \u00e0 l\u2019\u00e9preuve certificative peuvent pr\u00e9tendre \u00e0 l\u2019obtention du certificat d\u2019acteur PRAP.<\/p>\n<p><strong>Comp\u00e9tences vis\u00e9es\u00a0:<\/strong><\/p>\n<p><strong>\u00catre capable de se situer en tant qu\u2019acteur de pr\u00e9vention des risques li\u00e9s \u00e0 l\u2019activit\u00e9 physique dans son entreprise ou son \u00e9tablissement<\/strong><\/p>\n<p><strong>\u00catre capable d\u2019observer et d\u2019analyser sa situation de travail en s\u2019appuyant sur le fonctionnement du corps humain, afin d\u2019identifier les diff\u00e9rentes atteintes \u00e0 la sant\u00e9 susceptibles d\u2019\u00eatre encourues.<\/strong><\/p>\n<p><strong>\u00catre capable de participer \u00e0 la ma\u00eetrise du risque dans son entreprise ou son \u00e9tablissement et \u00e0 sa pr\u00e9vention.<\/strong><\/p>\n<p><strong><em>\u00catre capable d\u2019accompagner la mobilit\u00e9 de la personne aid\u00e9e, en prenant soin de soi et de l\u2019autre (option 2S).<\/em><\/strong><\/p>\n<p>(Source INRS : dispositif Pr\u00e9vention des Risques li\u00e9s \u00e0 l\u2019Activit\u00e9 Physique (PRAP) document de r\u00e9f\u00e9rence V0-12\/2020)<\/p>\n<p><strong>Programme de la formation\u00a0:<\/strong><\/p>\n<ul>\n<li>L\u2019int\u00e9r\u00eat de la pr\u00e9vention<\/li>\n<li>Les risques professionnels<\/li>\n<li>Le fonctionnement du corps humain et ses limites<\/li>\n<li>La situation de travail et ses dangers<\/li>\n<li>La maitrise des risques<\/li>\n<li><em>L\u2019aide \u00e0 la mobilit\u00e9<\/em>\u00a0(2S)<\/li>\n<\/ul>\n<p><strong>Dur\u00e9e de la formation :\u00a0<\/strong>La formation se d\u00e9roule sur site (intra) sur des journ\u00e9es de 7h (9h \u2013 12h30 et 13h30 \u2013 17h) avec des pauses de 10 minutes le matin et l\u2019apr\u00e8s-midi pour un total de :<\/p>\n<p>IBC : 14h en pr\u00e9sentiel soit 1+1 jour avec travail en intersession en formation initiale (FI) et de 7h soit 1 jour en Maintien et actualisation des comp\u00e9tences (MAC)<\/p>\n<p><em>2S : 28h en pr\u00e9sentiel soit 3+1 jours avec travail en intersession en formation initiale (FI) et de 14h soit 2 jours en Maintien et actualisation des comp\u00e9tences (MAC)<\/em><\/p>\n<p>Le travail en intersession consiste \u00e0 l\u2019\u00e9laboration d\u2019une ou plusieurs fiches d\u2019analyse de situation sur le lieu de travail. Pr\u00e9voir une heure de travail en intersession.<\/p>\n<p><strong>Public vis\u00e9\u00a0:<\/strong><\/p>\n<p>IBC : Tout salari\u00e9 effectuant des manutentions manuelles.<\/p>\n<p><em>2S : Tout salari\u00e9 mobilisant des personnes dans le secteur sanitaire et social<\/em><\/p>\n<p><strong>Effectif de la formation\u00a0:\u00a0<\/strong>5 \u00e0 10 stagiaires par session<\/p>\n<p><strong>Pr\u00e9requis\u00a0:\u00a0<\/strong>aucun<\/p>\n<p><strong>Dur\u00e9e de validit\u00e9 du certificat\u00a0:\u00a0<\/strong>2 ans. Prolongation conditionn\u00e9e par le suivi d\u2019un stage \u00ab Maintien et actualisation des comp\u00e9tences \u00bb (MAC) tous les 24 mois, ainsi qu\u2019\u00e0 la r\u00e9ussite de l\u2019\u00e9preuve certificative.<\/p>\n<p><strong>Mat\u00e9riel\u00a0:<\/strong><\/p>\n<p>IBC : caisse avec ou sans poign\u00e9e, tout objet li\u00e9 au secteur de l\u2019entreprise<\/p>\n<p><em>2S : Lit m\u00e9dicalis\u00e9, fauteuil, fauteuil roulant manuel, l\u00e8ve-personne \u00e9lectrique roulant avec harnais, verticalisateur \u00e9lectrique avec harnais, drap de glisse.<\/em><\/p>\n<p><strong>D\u00e9lais d\u2019acc\u00e8s<\/strong>\u00a0: Sur devis, signature de la convention minimum 15 jours avant le d\u00e9but de la formation<\/p>\n<p><strong>Accessibilit\u00e9 aux personnes handicap\u00e9es<\/strong> : Les personnes en situation de handicap sont invit\u00e9es \u00e0 se faire connaitre aupr\u00e8s du r\u00e9f\u00e9rent handicap pour la mise en place des adaptations n\u00e9cessaires.<\/p>\n<p><strong>Tarif : <\/strong><\/p>\n<p>FI IBC : En inter, 250 euros par stagiaire. En intra, nous consulter selon l&#8217;effectif.<\/p>\n<p>MAC IBC : En inter, 130 euros par stagiaire. En intra, nous consulter selon l&#8217;effectif.<\/p>\n<p><em>FI 2S : En inter, 400 euros par stagiaire. En intra, nous consulter selon l&#8217;effectif.<\/em><\/p>\n<p><em>MAC 2S : En inter, 200 euros par stagiaire. En intra, nous consulter selon l&#8217;effectif.<\/em><\/p>\n<p><strong>Taux de r\u00e9ussite<\/strong> : 100 % en 2023<\/p>\n<p><strong>Taux de satisfaction<\/strong> : 83.22 % en 2023<\/p>\n<p><strong>Contact :<\/strong>\u00a0<a href=\"http:\/\/mix-formation.fr\/?page_id=10#contact_box\">Formulaire<\/a>\u00a0en base de page d\u2019accueil[\/vc_column_text][\/vc_column][vc_column width=&#8221;1\/2&#8243;][vc_video link=&#8221;https:\/\/www.youtube.com\/watch?v=E7c-3IvGFd4&amp;t=207s&#8221;][vc_column_text]Testez-vous avec notre challenge PRAP[\/vc_column_text][vc_btn title=&#8221;PRAP Challenge&#8221; color=&#8221;warning&#8221; link=&#8221;url:http%3A%2F%2Fmix-formation.fr%2Findex.php%2Fhttp-mix-formation-fr-index-php-prap-1%2F|title:Accueil%20challenge%20PRAP|&#8221;][vc_column_text][\/vc_column_text][\/vc_column][\/vc_row]<\/p>\n<\/div><\/div>","protected":false},"excerpt":{"rendered":"<p>[vc_row][vc_column width=&#8221;1\/2&#8243;][vc_column_text css=&#8221;&#8221;]Pr\u00e9vention des Risques li\u00e9s \u00e0 l\u2019Activit\u00e9 Physique IBC : RS1037 &#8211; certif info 85560 PRAP2S : RS1040 &#8211; certif info n\u00b085563 &nbsp; Objectifs p\u00e9dagogiques\u00a0: Rendre tout personnel capable de contribuer \u00e0 la suppression ou \u00e0 la r\u00e9duction des risques li\u00e9s \u00e0 l\u2019activit\u00e9 physique auxquels il est expos\u00e9, en proposant, de mani\u00e8re concert\u00e9e, des [&hellip;]<\/p>\n","protected":false},"author":1,"featured_media":0,"parent":0,"menu_order":0,"comment_status":"closed","ping_status":"closed","template":"","meta":{"footnotes":""},"class_list":["post-327","page","type-page","status-publish","hentry"],"_links":{"self":[{"href":"http:\/\/mix-formation.fr\/index.php\/wp-json\/wp\/v2\/pages\/327","targetHints":{"allow":["GET"]}}],"collection":[{"href":"http:\/\/mix-formation.fr\/index.php\/wp-json\/wp\/v2\/pages"}],"about":[{"href":"http:\/\/mix-formation.fr\/index.php\/wp-json\/wp\/v2\/types\/page"}],"author":[{"embeddable":true,"href":"http:\/\/mix-formation.fr\/index.php\/wp-json\/wp\/v2\/users\/1"}],"replies":[{"embeddable":true,"href":"http:\/\/mix-formation.fr\/index.php\/wp-json\/wp\/v2\/comments?post=327"}],"version-history":[{"count":26,"href":"http:\/\/mix-formation.fr\/index.php\/wp-json\/wp\/v2\/pages\/327\/revisions"}],"predecessor-version":[{"id":1819,"href":"http:\/\/mix-formation.fr\/index.php\/wp-json\/wp\/v2\/pages\/327\/revisions\/1819"}],"wp:attachment":[{"href":"http:\/\/mix-formation.fr\/index.php\/wp-json\/wp\/v2\/media?parent=327"}],"curies":[{"name":"wp","href":"https:\/\/api.w.org\/{rel}","templated":true}]}}