{"id":324,"date":"2021-01-26T15:55:33","date_gmt":"2021-01-26T14:55:33","guid":{"rendered":"http:\/\/mix-formation.fr\/?page_id=324"},"modified":"2024-05-21T15:05:04","modified_gmt":"2024-05-21T14:05:04","slug":"formation-sst","status":"publish","type":"page","link":"http:\/\/mix-formation.fr\/index.php\/formation-sst\/","title":{"rendered":"Formation SST"},"content":{"rendered":"<div class=\"wpb-content-wrapper\"><div itemprop = 'articleBody'><p>[vc_row][vc_column width=&#8221;1\/2&#8243;][vc_column_text css=&#8221;&#8221;]<\/p>\n<p><strong>Secouriste Sauveteur du Travail (RS715 &#8211; certif info 72134)<\/strong><\/p>\n<p><strong>Objectifs p\u00e9dagogiques\u00a0:<\/strong><\/p>\n<p>Rendre tout personnel capable de porter secours \u00e0 toute victime d&#8217;un accident ou d&#8217;un malaise et d\u2019\u00eatre acteur de la pr\u00e9vention dans l\u2019entreprise.<\/p>\n<p><strong>Modalit\u00e9s de la formation\u00a0:\u00a0<\/strong>Formateur certifi\u00e9 par l\u2019INRS. Andragogie bas\u00e9e sur des \u00e9valuations formatives pr\u00e9parant aux 2 \u00e9preuves certificatives. Seuls les candidats qui ont suivi la totalit\u00e9 de la formation et qui ont satisfait aux \u00e9preuves certificatives peuvent pr\u00e9tendre \u00e0 l\u2019obtention du certificat d\u2019acteur SST.<\/p>\n<p><strong>Comp\u00e9tences vis\u00e9es\u00a0:<\/strong><\/p>\n<p><strong>\u00catre <\/strong><strong>capable d\u2019intervenir face \u00e0 une situation d\u2019accident du travail<\/strong><\/p>\n<p><strong>\u00catre capable <\/strong><strong>de contribuer \u00e0 la pr\u00e9vention des risques professionnels dans l\u2019entreprise <\/strong><\/p>\n<p><em>(Source INRS : dispositif Sauvetage Secourisme du Travail (SST) document de r\u00e9f\u00e9rence V8-01\/2021)<\/em><\/p>\n<p><strong>Programme de la formation\u00a0:<\/strong><\/p>\n<ul>\n<li>R\u00f4les du SST dans la pr\u00e9vention et l\u2019organisation des secours<\/li>\n<li>Risques professionnels rencontr\u00e9s<\/li>\n<li>Etapes de l\u2019intervention sur une victime<\/li>\n<\/ul>\n<p><strong>Dur\u00e9e de la formation :\u00a0<\/strong>La formation se d\u00e9roule sur site (intra) sur des journ\u00e9es de 7h (9h \u2013 12h30 et 13h30 \u2013 17h) avec des pauses de 10 minutes le matin et l\u2019apr\u00e8s-midi pour un total de 14h en pr\u00e9sentiel soit 2 jours pour une formation initiale et de 7h soit 1 jour en Maintien et actualisation des comp\u00e9tences (MAC).<\/p>\n<p><strong>Public vis\u00e9\u00a0:<\/strong><\/p>\n<p>Tout salari\u00e9 souhaitant se former aux premiers secours et \u00e0 la pr\u00e9vention des risques professionnels.<\/p>\n<p><strong>Effectif de la formation : <\/strong>4 \u00e0 10 stagiaires par session<\/p>\n<p><strong>Pr\u00e9requis\u00a0:\u00a0<\/strong>aucun<\/p>\n<p><strong>Dur\u00e9e de validit\u00e9 du certificat\u00a0:\u00a0<\/strong>2 ans. Prolongation conditionn\u00e9e par le suivi d\u2019un stage \u00ab Maintien et actualisation des comp\u00e9tences \u00bb (MAC) tous les 24 mois, ainsi qu\u2019\u00e0 la r\u00e9ussite de l\u2019\u00e9preuve certificative.<\/p>\n<p><strong>Mat\u00e9riel\u00a0:<\/strong><\/p>\n<p>D\u00e9fibrillateur (DAE), mannequins adulte, enfant et nourrisson, Plan d\u2019intervention SST, plan d\u2019action pr\u00e9vention, accessoires de mise en situation, consommables pour le protocole sanitaire.<span style=\"color: #ff0000;\"><strong> <a style=\"color: #ff0000;\" href=\"http:\/\/mix-formation.fr\/wp-content\/uploads\/2023\/01\/ED4085_5eme_Edition.pdf\" target=\"_blank\" rel=\"noopener\">Aide-m\u00e9moire ED4085<\/a><\/strong><\/span> fournis \u00e0 chaque participant (papier ou num\u00e9rique).<\/p>\n<p><strong>D\u00e9lais d\u2019acc\u00e8s<\/strong>\u00a0: Sur devis, signature de la convention minimum 15 jours avant le d\u00e9but de la formation<\/p>\n<p><strong>Accessibilit\u00e9 aux personnes handicap\u00e9es<\/strong> : Les personnes en situation de handicap sont invit\u00e9es \u00e0 se faire connaitre aupr\u00e8s du r\u00e9f\u00e9rent handicap pour la mise en place des adaptations n\u00e9cessaires.<\/p>\n<p><strong>Tarif : <\/strong><\/p>\n<p>FI : En inter, 250 euros par stagiaire. En intra, nous consulter selon l&#8217;effectif.<\/p>\n<p>MAC : En inter, 120 euros par stagiaire. En intra, nous consulter selon l&#8217;effectif.<\/p>\n<p><strong>Taux de r\u00e9ussite<\/strong> : 99,55 % en 2023<\/p>\n<p><strong>Taux de satisfaction<\/strong> : 95,78 % en 2023<\/p>\n<p><strong>Contact :<\/strong>\u00a0<a href=\"http:\/\/mix-formation.fr\/?page_id=10#contact_box\">Formulaire<\/a>\u00a0en base de page d\u2019accueil<\/p>\n<p>[\/vc_column_text][\/vc_column][vc_column width=&#8221;1\/2&#8243;][vc_video link=&#8221;https:\/\/www.youtube.com\/watch?v=qHPh1XWFrW4&#8243;][vc_column_text]Testez-vous avec notre challenge SST[\/vc_column_text][vc_btn title=&#8221;Challenge SST&#8221; color=&#8221;warning&#8221; link=&#8221;url:http%3A%2F%2Fmix-formation.fr%2Findex.php%2Fchallenge-1%2F||&#8221;][\/vc_column][\/vc_row][vc_row][vc_column][\/vc_column][\/vc_row][vc_row][vc_column][vc_column_text]<\/p>\n<p>[\/vc_column_text][\/vc_column][\/vc_row]<\/p>\n<\/div><\/div>","protected":false},"excerpt":{"rendered":"<p>[vc_row][vc_column width=&#8221;1\/2&#8243;][vc_column_text css=&#8221;&#8221;] Secouriste Sauveteur du Travail (RS715 &#8211; certif info 72134) Objectifs p\u00e9dagogiques\u00a0: Rendre tout personnel capable de porter secours \u00e0 toute victime d&#8217;un accident ou d&#8217;un malaise et d\u2019\u00eatre acteur de la pr\u00e9vention dans l\u2019entreprise. Modalit\u00e9s de la formation\u00a0:\u00a0Formateur certifi\u00e9 par l\u2019INRS. Andragogie bas\u00e9e sur des \u00e9valuations formatives pr\u00e9parant aux 2 \u00e9preuves certificatives. [&hellip;]<\/p>\n","protected":false},"author":1,"featured_media":0,"parent":0,"menu_order":0,"comment_status":"closed","ping_status":"closed","template":"","meta":{"footnotes":""},"class_list":["post-324","page","type-page","status-publish","hentry"],"_links":{"self":[{"href":"http:\/\/mix-formation.fr\/index.php\/wp-json\/wp\/v2\/pages\/324","targetHints":{"allow":["GET"]}}],"collection":[{"href":"http:\/\/mix-formation.fr\/index.php\/wp-json\/wp\/v2\/pages"}],"about":[{"href":"http:\/\/mix-formation.fr\/index.php\/wp-json\/wp\/v2\/types\/page"}],"author":[{"embeddable":true,"href":"http:\/\/mix-formation.fr\/index.php\/wp-json\/wp\/v2\/users\/1"}],"replies":[{"embeddable":true,"href":"http:\/\/mix-formation.fr\/index.php\/wp-json\/wp\/v2\/comments?post=324"}],"version-history":[{"count":39,"href":"http:\/\/mix-formation.fr\/index.php\/wp-json\/wp\/v2\/pages\/324\/revisions"}],"predecessor-version":[{"id":1818,"href":"http:\/\/mix-formation.fr\/index.php\/wp-json\/wp\/v2\/pages\/324\/revisions\/1818"}],"wp:attachment":[{"href":"http:\/\/mix-formation.fr\/index.php\/wp-json\/wp\/v2\/media?parent=324"}],"curies":[{"name":"wp","href":"https:\/\/api.w.org\/{rel}","templated":true}]}}