{"id":1775,"date":"2023-05-31T14:13:22","date_gmt":"2023-05-31T13:13:22","guid":{"rendered":"http:\/\/mix-formation.fr\/?page_id=1775"},"modified":"2024-05-21T15:25:58","modified_gmt":"2024-05-21T14:25:58","slug":"formation-cse","status":"publish","type":"page","link":"http:\/\/mix-formation.fr\/index.php\/formation-cse\/","title":{"rendered":"Formation CSE"},"content":{"rendered":"<div class=\"wpb-content-wrapper\"><div itemprop = 'articleBody'><p>[vc_row][vc_column][vc_column_text css=&#8221;&#8221;]<\/p>\n<p class=\"has-text-align-center\"><\/p>\n<p><strong>Formation Sant\u00e9 S\u00e9curit\u00e9 et Conditions de Travail<\/strong><\/p>\n<p><strong>Objectifs p\u00e9dagogiques\u00a0:\u00a0<\/strong>Rendre les nouveaux membres du CSE capables de tenir leur r\u00f4le au sein du CSE en mati\u00e8re de SSCT<\/p>\n<p><strong>Modalit\u00e9s de la formation\u00a0:\u00a0<\/strong>Formateur dipl\u00f4m\u00e9 en CSE \/ SSCT. Andragogie bas\u00e9e sur des mises en situation li\u00e9es \u00e0 la fonction du stagiaire au sein du CSE<\/p>\n<p><strong>Comp\u00e9tences vis\u00e9es\u00a0:<\/strong><\/p>\n<p><strong>\u00catre capable d\u2019identifier les risques propres \u00e0 l\u2019entreprise<\/strong><\/p>\n<p><strong>\u00catre capable de mettre \u00e0 jour le DUERP<\/strong><\/p>\n<p><strong>\u00catre capable de comprendre les enjeux et les obligations de chacun en mati\u00e8re de pr\u00e9vention<\/strong><\/p>\n<p><strong>\u00catre capable de comprendre le fonctionnement du CSE<\/strong><\/p>\n<p><strong>\u00catre capable d&#8217;effectuer une visite de contr\u00f4le en entreprise<\/strong><\/p>\n<p><strong>\u00catre capable d&#8217;analyser un accident de travail<\/strong><\/p>\n<p><strong>Programme de la formation\u00a0:<\/strong><\/p>\n<ul>\n<li>La pr\u00e9vention Qui ? Quoi ? O\u00f9 ? Quand ? Comment ? Pourquoi ?<\/li>\n<li>Obligations de l&#8217;employeur et du CSE<\/li>\n<li>Fonctionnement et moyens du CSE<\/li>\n<li>Visite des locaux<\/li>\n<li>Documents et affichages obligatoires<\/li>\n<li>Le DUERP<\/li>\n<li>Focus sur l&#8217;entreprise<\/li>\n<\/ul>\n<p><strong>Dur\u00e9e de la formation\u00a0<\/strong><strong>:<\/strong> 35h en pr\u00e9sentiel soit 5 jours en intra (dont 3h d\u00e9di\u00e9es aux probl\u00e9matiques de l&#8217;entreprise) en formation initiale. 21h soit 3 jours en MAC (tous les 4 ans)<\/p>\n<p><strong>Public vis\u00e9\u00a0:<\/strong> Tout salari\u00e9 membre du CSE<\/p>\n<p><strong>Effectif de la formation : <\/strong>2 \u00e0 12 stagiaires par session<\/p>\n<p><strong>Pr\u00e9requis :\u00a0<\/strong>Etre \u00e9lu du CSE<\/p>\n<p><strong>D\u00e9lais d\u2019acc\u00e8s<\/strong>\u00a0: Sur devis, signature de la convention minimum 15 jours avant le d\u00e9but de la formation<\/p>\n<p><strong>Accessibilit\u00e9 aux personnes handicap\u00e9es<\/strong>\u00a0: Les personnes en situation de handicap sont invit\u00e9es \u00e0 se faire connaitre aupr\u00e8s du r\u00e9f\u00e9rent handicap pour la mise en place des adaptations n\u00e9cessaires.<\/p>\n<p><strong>Tarif :\u00a0 <\/strong>Formation initiale (5 jours) : 3750 euros en intra. 1200 euros \/ salari\u00e9 en inter<\/p>\n<p>&nbsp;<\/p>\n<p><strong>Contact :<\/strong>\u00a0<a href=\"http:\/\/mix-formation.fr\/?page_id=10#contact_box\">Formulaire<\/a>\u00a0en base de page d\u2019accueil[\/vc_column_text][\/vc_column][\/vc_row]<\/p>\n<!-- \/wp:post-content --><\/div><\/div>","protected":false},"excerpt":{"rendered":"<p>[vc_row][vc_column][vc_column_text css=&#8221;&#8221;] Formation Sant\u00e9 S\u00e9curit\u00e9 et Conditions de Travail Objectifs p\u00e9dagogiques\u00a0:\u00a0Rendre les nouveaux membres du CSE capables de tenir leur r\u00f4le au sein du CSE en mati\u00e8re de SSCT Modalit\u00e9s de la formation\u00a0:\u00a0Formateur dipl\u00f4m\u00e9 en CSE \/ SSCT. Andragogie bas\u00e9e sur des mises en situation li\u00e9es \u00e0 la fonction du stagiaire au sein du CSE [&hellip;]<\/p>\n","protected":false},"author":1,"featured_media":0,"parent":0,"menu_order":0,"comment_status":"closed","ping_status":"closed","template":"","meta":{"footnotes":""},"class_list":["post-1775","page","type-page","status-publish","hentry"],"_links":{"self":[{"href":"http:\/\/mix-formation.fr\/index.php\/wp-json\/wp\/v2\/pages\/1775","targetHints":{"allow":["GET"]}}],"collection":[{"href":"http:\/\/mix-formation.fr\/index.php\/wp-json\/wp\/v2\/pages"}],"about":[{"href":"http:\/\/mix-formation.fr\/index.php\/wp-json\/wp\/v2\/types\/page"}],"author":[{"embeddable":true,"href":"http:\/\/mix-formation.fr\/index.php\/wp-json\/wp\/v2\/users\/1"}],"replies":[{"embeddable":true,"href":"http:\/\/mix-formation.fr\/index.php\/wp-json\/wp\/v2\/comments?post=1775"}],"version-history":[{"count":6,"href":"http:\/\/mix-formation.fr\/index.php\/wp-json\/wp\/v2\/pages\/1775\/revisions"}],"predecessor-version":[{"id":1820,"href":"http:\/\/mix-formation.fr\/index.php\/wp-json\/wp\/v2\/pages\/1775\/revisions\/1820"}],"wp:attachment":[{"href":"http:\/\/mix-formation.fr\/index.php\/wp-json\/wp\/v2\/media?parent=1775"}],"curies":[{"name":"wp","href":"https:\/\/api.w.org\/{rel}","templated":true}]}}