{"id":1717,"date":"2022-11-21T10:52:10","date_gmt":"2022-11-21T09:52:10","guid":{"rendered":"http:\/\/mix-formation.fr\/?page_id=1717"},"modified":"2022-12-05T15:49:23","modified_gmt":"2022-12-05T14:49:23","slug":"formation-compta-generale","status":"publish","type":"page","link":"http:\/\/mix-formation.fr\/index.php\/formation-compta-generale\/","title":{"rendered":"D\u00e9couvrir la comptabilit\u00e9 g\u00e9n\u00e9rale"},"content":{"rendered":"<div class=\"wpb-content-wrapper\"><div itemprop = 'articleBody'><p>[vc_row][vc_column width=&#8221;1\/2&#8243;][vc_column_text]<strong>Objectifs p\u00e9dagogiques : <\/strong>Pouvoir effectuer les \u00e9critures comptables courantes<\/p>\n<p><strong>Modalit\u00e9s de la formation\u00a0:\u00a0<\/strong>Supports p\u00e9dagogiques, apports th\u00e9oriques, exercices appliqu\u00e9s, mise en pratique<\/p>\n<p><strong>Comp\u00e9tences vis\u00e9es\u00a0:<\/strong><\/p>\n<ul>\n<li><strong>\u00catre\u00a0capable de connaitre tous les documents comptables<\/strong><\/li>\n<li><strong>\u00catre\u00a0capable de distinguer un achat des frais g\u00e9n\u00e9raux<\/strong><\/li>\n<li><strong>\u00catre capable d\u2019utiliser un plan comptable g\u00e9n\u00e9rale<\/strong><\/li>\n<li><strong>\u00catre\u00a0capable d\u2019enregistrer les \u00e9critures comptables courantes de son entreprise<\/strong><\/li>\n<\/ul>\n<p><strong>Programme de la formation\u00a0:<\/strong><\/p>\n<ul>\n<li>\n<ul>\n<li>Le fonctionnement de la comptabilit\u00e9<\/li>\n<li>Le plan comptable g\u00e9n\u00e9rale<\/li>\n<li>La technique de la partie double<\/li>\n<li>L\u2019enregistrement des factures fournisseurs<\/li>\n<li>L\u2019enregistrement des factures clients<\/li>\n<li>L\u2019enregistrements des encaissements et des d\u00e9caissements<\/li>\n<\/ul>\n<\/li>\n<\/ul>\n<p><strong>Dur\u00e9e de la formation\u00a0<\/strong><strong>:<\/strong> La formation se d\u00e9roule en inter sur <strong>3 journ\u00e9es<\/strong> de 7h (9h \u2013 12h30 et 13h30 \u2013 17h) en pr\u00e9sentiel avec des pauses de 15 minutes le matin et l\u2019apr\u00e8s-midi.<\/p>\n<p><strong>Public vis\u00e9\u00a0:<\/strong> Toute personne issue d\u2019une TPE souhaitant avoir des connaissances en comptabilit\u00e9 g\u00e9n\u00e9rale<\/p>\n<p><strong>Effectif de la formation\u00a0:\u00a0<\/strong>4 \u00e0 8 stagiaires par session<\/p>\n<p><strong>Pr\u00e9requis\u00a0:\u00a0<\/strong>aucun<\/p>\n<p><strong>D\u00e9lais d\u2019acc\u00e8s<\/strong>\u00a0: Sur devis, signature de la convention minimum 3 semaines avant le d\u00e9but de la formation<\/p>\n<p><strong>Accessibilit\u00e9 aux personnes handicap\u00e9es<\/strong>\u00a0: Les personnes en situation de handicap sont invit\u00e9es \u00e0 se faire connaitre aupr\u00e8s du r\u00e9f\u00e9rent handicap pour la mise en place des adaptations n\u00e9cessaires.<\/p>\n<p><strong>Tarif : En inter, 375 euros par stagiaire. En intra, nous contacter<\/strong><\/p>\n<p><strong>Contact :<\/strong>\u00a0<a href=\"http:\/\/www.mix-formation.fr\/\">Formulaire<\/a>\u00a0en base de page d\u2019accueil[\/vc_column_text][\/vc_column][vc_column width=&#8221;1\/2&#8243;][vc_single_image image=&#8221;1726&#8243; img_size=&#8221;full&#8221;][vc_single_image image=&#8221;1727&#8243; img_size=&#8221;full&#8221;][\/vc_column][\/vc_row]<\/p>\n<\/div><\/div>","protected":false},"excerpt":{"rendered":"<p>[vc_row][vc_column width=&#8221;1\/2&#8243;][vc_column_text]Objectifs p\u00e9dagogiques : Pouvoir effectuer les \u00e9critures comptables courantes Modalit\u00e9s de la formation\u00a0:\u00a0Supports p\u00e9dagogiques, apports th\u00e9oriques, exercices appliqu\u00e9s, mise en pratique Comp\u00e9tences vis\u00e9es\u00a0: \u00catre\u00a0capable de connaitre tous les documents comptables \u00catre\u00a0capable de distinguer un achat des frais g\u00e9n\u00e9raux \u00catre capable d\u2019utiliser un plan comptable g\u00e9n\u00e9rale \u00catre\u00a0capable d\u2019enregistrer les \u00e9critures comptables courantes de son entreprise [&hellip;]<\/p>\n","protected":false},"author":1,"featured_media":0,"parent":0,"menu_order":0,"comment_status":"closed","ping_status":"closed","template":"","meta":{"footnotes":""},"class_list":["post-1717","page","type-page","status-publish","hentry"],"_links":{"self":[{"href":"http:\/\/mix-formation.fr\/index.php\/wp-json\/wp\/v2\/pages\/1717","targetHints":{"allow":["GET"]}}],"collection":[{"href":"http:\/\/mix-formation.fr\/index.php\/wp-json\/wp\/v2\/pages"}],"about":[{"href":"http:\/\/mix-formation.fr\/index.php\/wp-json\/wp\/v2\/types\/page"}],"author":[{"embeddable":true,"href":"http:\/\/mix-formation.fr\/index.php\/wp-json\/wp\/v2\/users\/1"}],"replies":[{"embeddable":true,"href":"http:\/\/mix-formation.fr\/index.php\/wp-json\/wp\/v2\/comments?post=1717"}],"version-history":[{"count":2,"href":"http:\/\/mix-formation.fr\/index.php\/wp-json\/wp\/v2\/pages\/1717\/revisions"}],"predecessor-version":[{"id":1740,"href":"http:\/\/mix-formation.fr\/index.php\/wp-json\/wp\/v2\/pages\/1717\/revisions\/1740"}],"wp:attachment":[{"href":"http:\/\/mix-formation.fr\/index.php\/wp-json\/wp\/v2\/media?parent=1717"}],"curies":[{"name":"wp","href":"https:\/\/api.w.org\/{rel}","templated":true}]}}