{"id":1709,"date":"2022-11-21T10:44:45","date_gmt":"2022-11-21T09:44:45","guid":{"rendered":"http:\/\/mix-formation.fr\/?page_id=1709"},"modified":"2022-12-05T15:43:00","modified_gmt":"2022-12-05T14:43:00","slug":"formation-tresorerie","status":"publish","type":"page","link":"http:\/\/mix-formation.fr\/index.php\/formation-tresorerie\/","title":{"rendered":"Suivre sa tr\u00e9sorerie"},"content":{"rendered":"<div class=\"wpb-content-wrapper\"><div itemprop = 'articleBody'><p>[vc_row][vc_column width=&#8221;1\/2&#8243;][vc_column_text]<strong>Objectifs p\u00e9dagogiques :\u00a0<\/strong>Etablir et suivre sa tr\u00e9sorerie pour honorer les engagements de son entreprise<\/p>\n<p><strong>Modalit\u00e9s de la formation\u00a0:\u00a0<\/strong>Supports p\u00e9dagogiques, apports th\u00e9oriques, exercices appliqu\u00e9s, mise en pratique<\/p>\n<p><strong>Comp\u00e9tences vis\u00e9es\u00a0:<\/strong><\/p>\n<ul>\n<li><strong>\u00catre\u00a0capable de d\u00e9terminer son budget de tr\u00e9sorerie<\/strong><\/li>\n<li><strong>\u00catre\u00a0capable de suivre sa tr\u00e9sorerie au quotidien<\/strong><\/li>\n<li><strong>\u00catre\u00a0capable de distinguer sa tr\u00e9sorerie de son solde bancaire<\/strong><\/li>\n<\/ul>\n<p><strong>Programme de la formation\u00a0:<\/strong><\/p>\n<ul>\n<li>\n<ul>\n<li>Le budget d\u2019investissement<\/li>\n<\/ul>\n<ul>\n<li>Le budget de TVA<\/li>\n<li>Le budget des op\u00e9rations financi\u00e8res<\/li>\n<li>L\u2019\u00e9quilibrage de la tr\u00e9sorerie<\/li>\n<\/ul>\n<\/li>\n<\/ul>\n<p><strong>Dur\u00e9e de la formation\u00a0<\/strong><strong>:<\/strong>\u00a0La formation se d\u00e9roule en inter sur une journ\u00e9e de 7h (9h \u2013 12h30 et 13h30 \u2013 17h) en pr\u00e9sentiel avec des pauses de 15 minutes le matin et l\u2019apr\u00e8s-midi.<\/p>\n<p><strong>Public vis\u00e9\u00a0:<\/strong> Toute personne issue d\u2019une TPE<\/p>\n<p><strong>Effectif de la formation\u00a0:\u00a0<\/strong>4 \u00e0 8 stagiaires par session<\/p>\n<p><strong>Pr\u00e9requis :\u00a0<\/strong><\/p>\n<ul>\n<li>Savoir utiliser les tableaux et les formules de calculs sous EXCEL<\/li>\n<\/ul>\n<ul>\n<li>Connaitre ses d\u00e9lais de paiements et r\u00e8glements<\/li>\n<\/ul>\n<p><strong>D\u00e9lais d\u2019acc\u00e8s<\/strong>\u00a0: Sur devis, signature de la convention minimum 3 semaines avant le d\u00e9but de la formation<\/p>\n<p><strong>Accessibilit\u00e9 aux personnes handicap\u00e9es<\/strong>\u00a0: Les personnes en situation de handicap sont invit\u00e9es \u00e0 se faire connaitre aupr\u00e8s du r\u00e9f\u00e9rent handicap pour la mise en place des adaptations n\u00e9cessaires.<\/p>\n<p><strong>Tarif : En inter, 150 euros par stagiaire. En intra, nous contacter<\/strong><\/p>\n<p><strong>Contact :<\/strong>\u00a0<a href=\"http:\/\/www.mix-formation.fr\/\">Formulaire<\/a>\u00a0en base de page d\u2019accueil[\/vc_column_text][\/vc_column][vc_column width=&#8221;1\/2&#8243;][vc_single_image image=&#8221;1730&#8243; img_size=&#8221;full&#8221;][vc_single_image image=&#8221;1729&#8243; img_size=&#8221;full&#8221;][\/vc_column][\/vc_row]<\/p>\n<\/div><\/div>","protected":false},"excerpt":{"rendered":"<p>[vc_row][vc_column width=&#8221;1\/2&#8243;][vc_column_text]Objectifs p\u00e9dagogiques :\u00a0Etablir et suivre sa tr\u00e9sorerie pour honorer les engagements de son entreprise Modalit\u00e9s de la formation\u00a0:\u00a0Supports p\u00e9dagogiques, apports th\u00e9oriques, exercices appliqu\u00e9s, mise en pratique Comp\u00e9tences vis\u00e9es\u00a0: \u00catre\u00a0capable de d\u00e9terminer son budget de tr\u00e9sorerie \u00catre\u00a0capable de suivre sa tr\u00e9sorerie au quotidien \u00catre\u00a0capable de distinguer sa tr\u00e9sorerie de son solde bancaire Programme de la [&hellip;]<\/p>\n","protected":false},"author":1,"featured_media":0,"parent":0,"menu_order":0,"comment_status":"closed","ping_status":"closed","template":"","meta":{"footnotes":""},"class_list":["post-1709","page","type-page","status-publish","hentry"],"_links":{"self":[{"href":"http:\/\/mix-formation.fr\/index.php\/wp-json\/wp\/v2\/pages\/1709","targetHints":{"allow":["GET"]}}],"collection":[{"href":"http:\/\/mix-formation.fr\/index.php\/wp-json\/wp\/v2\/pages"}],"about":[{"href":"http:\/\/mix-formation.fr\/index.php\/wp-json\/wp\/v2\/types\/page"}],"author":[{"embeddable":true,"href":"http:\/\/mix-formation.fr\/index.php\/wp-json\/wp\/v2\/users\/1"}],"replies":[{"embeddable":true,"href":"http:\/\/mix-formation.fr\/index.php\/wp-json\/wp\/v2\/comments?post=1709"}],"version-history":[{"count":2,"href":"http:\/\/mix-formation.fr\/index.php\/wp-json\/wp\/v2\/pages\/1709\/revisions"}],"predecessor-version":[{"id":1733,"href":"http:\/\/mix-formation.fr\/index.php\/wp-json\/wp\/v2\/pages\/1709\/revisions\/1733"}],"wp:attachment":[{"href":"http:\/\/mix-formation.fr\/index.php\/wp-json\/wp\/v2\/media?parent=1709"}],"curies":[{"name":"wp","href":"https:\/\/api.w.org\/{rel}","templated":true}]}}