{"id":1654,"date":"2022-06-23T16:09:52","date_gmt":"2022-06-23T15:09:52","guid":{"rendered":"http:\/\/mix-formation.fr\/?page_id=1654"},"modified":"2022-06-23T16:09:53","modified_gmt":"2022-06-23T15:09:53","slug":"ibc-10","status":"publish","type":"page","link":"http:\/\/mix-formation.fr\/index.php\/ibc-10\/","title":{"rendered":"Situation IBC 10"},"content":{"rendered":"<div itemprop = 'articleBody'>\n<p>Adrien, 30 ans, 1,70 m, effectue une reconversion professionnelle \u00e0 la suite d\u2019une tendinite de l\u2019\u00e9paule gauche. Depuis sept ans, il travaillait comme boucher dans une entreprise du secteur agroalimentaire et \u00e9tait affect\u00e9 \u00e0 une ligne de d\u00e9coupage de filets de dinde. Le travail consistait \u00e0 parer 4 filets par minute, soit 240 par heure. Droitier, son travail se d\u00e9roulait de la fa\u00e7on suivante : il d\u00e9crochait du convoyeur (1,85 m de haut) le filet, bras gauche tendu en hauteur, le posait sur le tapis roulant et le maintenait de la main gauche. Il prenait un couteau de la main droite et enlevait les zones de graisses en effectuant des mouvements du poignet, du coude et de l\u2019\u00e9paule. Puis il jetait les d\u00e9chets sur la gauche par un mouvement d\u2019adduction de l\u2019\u00e9paule gauche. Il fallait \u00eatre tr\u00e8s concentr\u00e9 et suivre l\u2019avancement de la cha\u00eene. Il \u00e9tait de l\u2019\u00e9quipe du matin ou de l\u2019apr\u00e8s-midi et b\u00e9n\u00e9ficiait d\u2019une pause de quinze minutes toutes les deux heures. Comme \u00e9quipement de travail, il avait une blouse, un pantalon de travail, des bottes, une cagoule et un masque respiratoire en non-tiss\u00e9. La temp\u00e9rature n\u2019exc\u00e9dait pas 8 \u00b0C et il portait des pulls. Adrien a \u00e9t\u00e9 licenci\u00e9 pour inaptitude au poste. L\u2019entreprise dans laquelle travaillait Adrien fonctionne en flux tendu. Comme la concurrence est rude, elle ne peut se permettre une baisse de la production.<\/p>\n<\/div>","protected":false},"excerpt":{"rendered":"<p>Adrien, 30 ans, 1,70 m, effectue une reconversion professionnelle \u00e0 la suite d\u2019une tendinite de l\u2019\u00e9paule gauche. Depuis sept ans, il travaillait comme boucher dans une entreprise du secteur agroalimentaire et \u00e9tait affect\u00e9 \u00e0 une ligne de d\u00e9coupage de filets de dinde. Le travail consistait \u00e0 parer 4 filets par minute, soit 240 par heure. [&hellip;]<\/p>\n","protected":false},"author":1,"featured_media":0,"parent":0,"menu_order":0,"comment_status":"closed","ping_status":"closed","template":"","meta":{"footnotes":""},"class_list":["post-1654","page","type-page","status-publish","hentry"],"_links":{"self":[{"href":"http:\/\/mix-formation.fr\/index.php\/wp-json\/wp\/v2\/pages\/1654","targetHints":{"allow":["GET"]}}],"collection":[{"href":"http:\/\/mix-formation.fr\/index.php\/wp-json\/wp\/v2\/pages"}],"about":[{"href":"http:\/\/mix-formation.fr\/index.php\/wp-json\/wp\/v2\/types\/page"}],"author":[{"embeddable":true,"href":"http:\/\/mix-formation.fr\/index.php\/wp-json\/wp\/v2\/users\/1"}],"replies":[{"embeddable":true,"href":"http:\/\/mix-formation.fr\/index.php\/wp-json\/wp\/v2\/comments?post=1654"}],"version-history":[{"count":1,"href":"http:\/\/mix-formation.fr\/index.php\/wp-json\/wp\/v2\/pages\/1654\/revisions"}],"predecessor-version":[{"id":1655,"href":"http:\/\/mix-formation.fr\/index.php\/wp-json\/wp\/v2\/pages\/1654\/revisions\/1655"}],"wp:attachment":[{"href":"http:\/\/mix-formation.fr\/index.php\/wp-json\/wp\/v2\/media?parent=1654"}],"curies":[{"name":"wp","href":"https:\/\/api.w.org\/{rel}","templated":true}]}}