{"id":1652,"date":"2022-06-23T16:09:22","date_gmt":"2022-06-23T15:09:22","guid":{"rendered":"http:\/\/mix-formation.fr\/?page_id=1652"},"modified":"2022-06-23T16:09:24","modified_gmt":"2022-06-23T15:09:24","slug":"ibc-9","status":"publish","type":"page","link":"http:\/\/mix-formation.fr\/index.php\/ibc-9\/","title":{"rendered":"Situation IBC 9"},"content":{"rendered":"<div itemprop = 'articleBody'>\n<p>Maxime, 30 ans, 1,90 m, droitier, est titulaire d\u2019un BEP \u00ab Bois et mat\u00e9riaux associ\u00e9s \u00bb et travaille depuis 12 ans au poste de pon\u00e7age. Chaque jour, de 8 h 30 \u00e0 12 h 30, et de 14 h \u00e0 17 h, il doit poncer entre 40 et 60 pi\u00e8ces (dimensions : 600 a 2 000 \u00d7 300 \u00d7 250 mm) et s\u2019assurer de leur plan\u00e9it\u00e9. Il doit d\u2019abord aller chercher les pi\u00e8ces de bois (2 \u00e0 30 kg chacune) pr\u00e9par\u00e9es par son coll\u00e8gue, puis il les transporte seul ou \u00e0 deux, sur 3 m, et les stocke sur une palette au sol. A proximit\u00e9, il ponce, pench\u00e9, visage pr\u00e8s de la ponceuse, sur un \u00e9tabli dont la hauteur est de 0,85m, effectuant des mouvements rotatifs du poignet, coude et \u00e9paule avec une ponceuse portative \u00e9lectrique de 3 kg dont le niveau sonore est de 91 dB(A). Ses outils \u00e0 main sont des cales de niveau et un m\u00e8tre. Il \u00e9vacue les pi\u00e8ces ponc\u00e9es manuellement vers le poste de montage situe \u00e0 4 m. Il r\u00e9alise ce travail dans un atelier dont le niveau sonore est d\u2019environ 93 dB(A), malgr\u00e9 la mise au minimum de la ventilation, au risque d\u2019augmenter le niveau d\u2019empoussi\u00e8rement et les risques d\u2019atteintes respiratoires. Maxime a parfois des bourdonnements d\u2019oreilles. Ses derniers audiogrammes r\u00e9v\u00e8lent d\u00e9j\u00e0 un d\u00e9ficit auditif. Cependant, son travail lui plait et il est ravi d\u2019\u00eatre associ\u00e9 \u00e0 l\u2019am\u00e9lioration de ses conditions de travail. Depuis trois mois, il ressent une douleur vive au niveau du coude et craint d\u2019\u00eatre atteint d\u2019un TMS.<\/p>\n<\/div>","protected":false},"excerpt":{"rendered":"<p>Maxime, 30 ans, 1,90 m, droitier, est titulaire d\u2019un BEP \u00ab Bois et mat\u00e9riaux associ\u00e9s \u00bb et travaille depuis 12 ans au poste de pon\u00e7age. Chaque jour, de 8 h 30 \u00e0 12 h 30, et de 14 h \u00e0 17 h, il doit poncer entre 40 et 60 pi\u00e8ces (dimensions : 600 a 2 [&hellip;]<\/p>\n","protected":false},"author":1,"featured_media":0,"parent":0,"menu_order":0,"comment_status":"closed","ping_status":"closed","template":"","meta":{"footnotes":""},"class_list":["post-1652","page","type-page","status-publish","hentry"],"_links":{"self":[{"href":"http:\/\/mix-formation.fr\/index.php\/wp-json\/wp\/v2\/pages\/1652","targetHints":{"allow":["GET"]}}],"collection":[{"href":"http:\/\/mix-formation.fr\/index.php\/wp-json\/wp\/v2\/pages"}],"about":[{"href":"http:\/\/mix-formation.fr\/index.php\/wp-json\/wp\/v2\/types\/page"}],"author":[{"embeddable":true,"href":"http:\/\/mix-formation.fr\/index.php\/wp-json\/wp\/v2\/users\/1"}],"replies":[{"embeddable":true,"href":"http:\/\/mix-formation.fr\/index.php\/wp-json\/wp\/v2\/comments?post=1652"}],"version-history":[{"count":1,"href":"http:\/\/mix-formation.fr\/index.php\/wp-json\/wp\/v2\/pages\/1652\/revisions"}],"predecessor-version":[{"id":1653,"href":"http:\/\/mix-formation.fr\/index.php\/wp-json\/wp\/v2\/pages\/1652\/revisions\/1653"}],"wp:attachment":[{"href":"http:\/\/mix-formation.fr\/index.php\/wp-json\/wp\/v2\/media?parent=1652"}],"curies":[{"name":"wp","href":"https:\/\/api.w.org\/{rel}","templated":true}]}}