{"id":1650,"date":"2022-06-23T16:08:53","date_gmt":"2022-06-23T15:08:53","guid":{"rendered":"http:\/\/mix-formation.fr\/?page_id=1650"},"modified":"2022-06-23T16:08:54","modified_gmt":"2022-06-23T15:08:54","slug":"ibc-8","status":"publish","type":"page","link":"http:\/\/mix-formation.fr\/index.php\/ibc-8\/","title":{"rendered":"Situation IBC 8"},"content":{"rendered":"<div itemprop = 'articleBody'>\n<p>Pierre est chauffeur livreur depuis 5 ans, apr\u00e8s avoir conduit des bus pendant 20 ans. A 56 ans, son dos le fait un peu souffrir.<\/p>\n\n\n\n<p>Ce matin, il livre un client en produit frais et surgel\u00e9s.<\/p>\n\n\n\n<p>Apr\u00e8s avoir sorti la palette du camion, il la compl\u00e8te avec les surgel\u00e9s. Pour cela, il la descend du hayon puis la rapproche de la porte lat\u00e9rale du camion.<\/p>\n\n\n\n<p>La chambre froide n\u00e9gative est pleine et il doit donc forcer pour atteindre les cartons qui sont tout en haut de la pile. Il perd l&#8217;\u00e9quilibre et se fait mal au bras et \u00e0 l&#8217;\u00e9paule sous le poids du carton de 10 kg.<\/p>\n\n\n\n<p><\/p>\n<\/div>","protected":false},"excerpt":{"rendered":"<p>Pierre est chauffeur livreur depuis 5 ans, apr\u00e8s avoir conduit des bus pendant 20 ans. A 56 ans, son dos le fait un peu souffrir. Ce matin, il livre un client en produit frais et surgel\u00e9s. Apr\u00e8s avoir sorti la palette du camion, il la compl\u00e8te avec les surgel\u00e9s. Pour cela, il la descend du [&hellip;]<\/p>\n","protected":false},"author":1,"featured_media":0,"parent":0,"menu_order":0,"comment_status":"closed","ping_status":"closed","template":"","meta":{"footnotes":""},"class_list":["post-1650","page","type-page","status-publish","hentry"],"_links":{"self":[{"href":"http:\/\/mix-formation.fr\/index.php\/wp-json\/wp\/v2\/pages\/1650","targetHints":{"allow":["GET"]}}],"collection":[{"href":"http:\/\/mix-formation.fr\/index.php\/wp-json\/wp\/v2\/pages"}],"about":[{"href":"http:\/\/mix-formation.fr\/index.php\/wp-json\/wp\/v2\/types\/page"}],"author":[{"embeddable":true,"href":"http:\/\/mix-formation.fr\/index.php\/wp-json\/wp\/v2\/users\/1"}],"replies":[{"embeddable":true,"href":"http:\/\/mix-formation.fr\/index.php\/wp-json\/wp\/v2\/comments?post=1650"}],"version-history":[{"count":1,"href":"http:\/\/mix-formation.fr\/index.php\/wp-json\/wp\/v2\/pages\/1650\/revisions"}],"predecessor-version":[{"id":1651,"href":"http:\/\/mix-formation.fr\/index.php\/wp-json\/wp\/v2\/pages\/1650\/revisions\/1651"}],"wp:attachment":[{"href":"http:\/\/mix-formation.fr\/index.php\/wp-json\/wp\/v2\/media?parent=1650"}],"curies":[{"name":"wp","href":"https:\/\/api.w.org\/{rel}","templated":true}]}}