{"id":1648,"date":"2022-06-23T16:04:21","date_gmt":"2022-06-23T15:04:21","guid":{"rendered":"http:\/\/mix-formation.fr\/?page_id=1648"},"modified":"2022-06-23T16:04:22","modified_gmt":"2022-06-23T15:04:22","slug":"ibc-7","status":"publish","type":"page","link":"http:\/\/mix-formation.fr\/index.php\/ibc-7\/","title":{"rendered":"Situation IBC 7"},"content":{"rendered":"<div itemprop = 'articleBody'>\n<p>Eddy est chauffeur livreur depuis plus de 20 ans. A 53 ans, il n&#8217;a pas de probl\u00e8me de sant\u00e9. Avec son diable et son tire palette manuel, il livre des clients de 6h \u00e0 14h.<\/p>\n\n\n\n<p>Ce matin, il livre chez un boulanger dont la r\u00e9serve est dans une cave enterr\u00e9e dont l&#8217;escalier est tr\u00e8s \u00e9troit. La pente est raide et un conduit de hotte d\u00e9passe dans les marches.<\/p>\n\n\n\n<p>Eddy doit donc se pencher sur le c\u00f4t\u00e9 pour l&#8217;\u00e9viter tout en se courbant et en essayant de ne pas tomber avec le sol rendu glissant par la farine.<\/p>\n<\/div>","protected":false},"excerpt":{"rendered":"<p>Eddy est chauffeur livreur depuis plus de 20 ans. A 53 ans, il n&#8217;a pas de probl\u00e8me de sant\u00e9. Avec son diable et son tire palette manuel, il livre des clients de 6h \u00e0 14h. Ce matin, il livre chez un boulanger dont la r\u00e9serve est dans une cave enterr\u00e9e dont l&#8217;escalier est tr\u00e8s \u00e9troit. [&hellip;]<\/p>\n","protected":false},"author":1,"featured_media":0,"parent":0,"menu_order":0,"comment_status":"closed","ping_status":"closed","template":"","meta":{"footnotes":""},"class_list":["post-1648","page","type-page","status-publish","hentry"],"_links":{"self":[{"href":"http:\/\/mix-formation.fr\/index.php\/wp-json\/wp\/v2\/pages\/1648","targetHints":{"allow":["GET"]}}],"collection":[{"href":"http:\/\/mix-formation.fr\/index.php\/wp-json\/wp\/v2\/pages"}],"about":[{"href":"http:\/\/mix-formation.fr\/index.php\/wp-json\/wp\/v2\/types\/page"}],"author":[{"embeddable":true,"href":"http:\/\/mix-formation.fr\/index.php\/wp-json\/wp\/v2\/users\/1"}],"replies":[{"embeddable":true,"href":"http:\/\/mix-formation.fr\/index.php\/wp-json\/wp\/v2\/comments?post=1648"}],"version-history":[{"count":1,"href":"http:\/\/mix-formation.fr\/index.php\/wp-json\/wp\/v2\/pages\/1648\/revisions"}],"predecessor-version":[{"id":1649,"href":"http:\/\/mix-formation.fr\/index.php\/wp-json\/wp\/v2\/pages\/1648\/revisions\/1649"}],"wp:attachment":[{"href":"http:\/\/mix-formation.fr\/index.php\/wp-json\/wp\/v2\/media?parent=1648"}],"curies":[{"name":"wp","href":"https:\/\/api.w.org\/{rel}","templated":true}]}}