{"id":1646,"date":"2022-06-23T15:58:06","date_gmt":"2022-06-23T14:58:06","guid":{"rendered":"http:\/\/mix-formation.fr\/?page_id=1646"},"modified":"2022-06-23T15:58:06","modified_gmt":"2022-06-23T14:58:06","slug":"ibc-6","status":"publish","type":"page","link":"http:\/\/mix-formation.fr\/index.php\/ibc-6\/","title":{"rendered":"Situation IBC 6"},"content":{"rendered":"<div itemprop = 'articleBody'>\n<p>Emmanuel est chauffeur livreur depuis 7 ans. A 35 ans, il travaille pour des clients en centre-ville o\u00f9 le stationnement est toujours compliqu\u00e9.<\/p>\n\n\n\n<p>Ce matin, il livre un client dont la r\u00e9serve est au sous-sol. Pour y acc\u00e9der, il doit emprunter un escalier tr\u00e8s \u00e9troit dont la porte est basse et les marches en mauvais \u00e9tat et assez courtes.<\/p>\n\n\n\n<p>Pour se faire, il se penche, le dos courb\u00e9 et la t\u00eate en avant en rentrant de c\u00f4t\u00e9. Il n&#8217;y a pas de barre pour se tenir et la luminosit\u00e9 est faible.<\/p>\n\n\n\n<p><\/p>\n<\/div>","protected":false},"excerpt":{"rendered":"<p>Emmanuel est chauffeur livreur depuis 7 ans. A 35 ans, il travaille pour des clients en centre-ville o\u00f9 le stationnement est toujours compliqu\u00e9. Ce matin, il livre un client dont la r\u00e9serve est au sous-sol. Pour y acc\u00e9der, il doit emprunter un escalier tr\u00e8s \u00e9troit dont la porte est basse et les marches en mauvais [&hellip;]<\/p>\n","protected":false},"author":1,"featured_media":0,"parent":0,"menu_order":0,"comment_status":"closed","ping_status":"closed","template":"","meta":{"footnotes":""},"class_list":["post-1646","page","type-page","status-publish","hentry"],"_links":{"self":[{"href":"http:\/\/mix-formation.fr\/index.php\/wp-json\/wp\/v2\/pages\/1646","targetHints":{"allow":["GET"]}}],"collection":[{"href":"http:\/\/mix-formation.fr\/index.php\/wp-json\/wp\/v2\/pages"}],"about":[{"href":"http:\/\/mix-formation.fr\/index.php\/wp-json\/wp\/v2\/types\/page"}],"author":[{"embeddable":true,"href":"http:\/\/mix-formation.fr\/index.php\/wp-json\/wp\/v2\/users\/1"}],"replies":[{"embeddable":true,"href":"http:\/\/mix-formation.fr\/index.php\/wp-json\/wp\/v2\/comments?post=1646"}],"version-history":[{"count":1,"href":"http:\/\/mix-formation.fr\/index.php\/wp-json\/wp\/v2\/pages\/1646\/revisions"}],"predecessor-version":[{"id":1647,"href":"http:\/\/mix-formation.fr\/index.php\/wp-json\/wp\/v2\/pages\/1646\/revisions\/1647"}],"wp:attachment":[{"href":"http:\/\/mix-formation.fr\/index.php\/wp-json\/wp\/v2\/media?parent=1646"}],"curies":[{"name":"wp","href":"https:\/\/api.w.org\/{rel}","templated":true}]}}